{"id":9299,"date":"2023-04-27T07:45:24","date_gmt":"2023-04-27T07:45:24","guid":{"rendered":"https:\/\/kodointernational.com\/?post_type=product&#038;p=9299"},"modified":"2024-08-14T17:43:49","modified_gmt":"2024-08-14T10:43:49","slug":"bo-que-khuech-tan-tinh-dau-nuoc-hoa-urban-legend","status":"publish","type":"product","link":"https:\/\/kodointernational.com\/vi\/product\/bo-que-khuech-tan-tinh-dau-nuoc-hoa-urban-legend\/","title":{"rendered":"B\u1ed9 Que Khu\u1ebfch T\u00e1n Tinh D\u1ea7u N\u01b0\u1edbc Hoa Urban Legend"},"content":{"rendered":"","protected":false},"excerpt":{"rendered":"<p>B\u1ed9 Que Khu\u1ebfch T\u00e1n Tinh D\u1ea7u N\u01b0\u1edbc Hoa Urban Legend h\u01b0\u01a1ng th\u01a1m ph\u00f9 h\u1ee3p cho nh\u1eefng ng\u01b0\u1eddi y\u00eau th\u00edch s\u1ef1 c\u00e2n b\u1eb1ng gi\u1eefa s\u1ef1 t\u01b0\u01a1i m\u1edbi v\u00e0 s\u1ef1 \u1ea5m \u00e1p, v\u00e0 mu\u1ed1n t\u1ea1o n\u00ean m\u1ed9t kh\u00f4ng gian th\u00fa v\u1ecb v\u00e0 \u0111\u1ed9c \u0111\u00e1o, k\u1ebft h\u1ee3p gi\u1eefa L\u00e1 xanh, cam, chanh, Hoa di\u00ean v\u0129, Hoa m\u1ed9c lan, C\u00e2y ho\u1eafc h\u01b0\u01a1ng, \u0110\u1eadu Tonkabean, H\u01b0\u01a1ng Va ni, G\u1ed7 tuy\u1ebft t\u00f9ng, R\u00eau s\u1ed3i, X\u1ea1 h\u01b0\u01a1ng<\/p>\n","protected":false},"featured_media":26178,"comment_status":"open","ping_status":"closed","template":"","meta":[],"etheme_brands":[],"product_cat":[92],"product_tag":[],"scent-family":[725],"diffusion-area":[339],"scent-intensity":[152],"scent-recommendations":[716,168,163,162],"scent-pyramid":[],"class_list":{"0":"post-9299","1":"product","2":"type-product","3":"status-publish","4":"has-post-thumbnail","6":"product_cat-bo-que-khuech-tan","7":"scent-family-unisex","8":"diffusion-area-20m2","9":"scent-intensity-manh","10":"scent-recommendations-bar","11":"scent-recommendations-can-ho-nha","12":"scent-recommendations-cua-hang-thoi-trang","13":"scent-recommendations-phong-trung-bay","15":"first","16":"instock","17":"shipping-taxable","18":"purchasable","19":"product-type-simple"},"acf":[],"_links":{"self":[{"href":"https:\/\/kodointernational.com\/vi\/wp-json\/wp\/v2\/product\/9299","targetHints":{"allow":["GET"]}}],"collection":[{"href":"https:\/\/kodointernational.com\/vi\/wp-json\/wp\/v2\/product"}],"about":[{"href":"https:\/\/kodointernational.com\/vi\/wp-json\/wp\/v2\/types\/product"}],"replies":[{"embeddable":true,"href":"https:\/\/kodointernational.com\/vi\/wp-json\/wp\/v2\/comments?post=9299"}],"version-history":[{"count":0,"href":"https:\/\/kodointernational.com\/vi\/wp-json\/wp\/v2\/product\/9299\/revisions"}],"wp:featuredmedia":[{"embeddable":true,"href":"https:\/\/kodointernational.com\/vi\/wp-json\/wp\/v2\/media\/26178"}],"wp:attachment":[{"href":"https:\/\/kodointernational.com\/vi\/wp-json\/wp\/v2\/media?parent=9299"}],"wp:term":[{"taxonomy":"brand","embeddable":true,"href":"https:\/\/kodointernational.com\/vi\/wp-json\/wp\/v2\/etheme_brands?post=9299"},{"taxonomy":"product_cat","embeddable":true,"href":"https:\/\/kodointernational.com\/vi\/wp-json\/wp\/v2\/product_cat?post=9299"},{"taxonomy":"product_tag","embeddable":true,"href":"https:\/\/kodointernational.com\/vi\/wp-json\/wp\/v2\/product_tag?post=9299"},{"taxonomy":"scent-family","embeddable":true,"href":"https:\/\/kodointernational.com\/vi\/wp-json\/wp\/v2\/scent-family?post=9299"},{"taxonomy":"diffusion-area","embeddable":true,"href":"https:\/\/kodointernational.com\/vi\/wp-json\/wp\/v2\/diffusion-area?post=9299"},{"taxonomy":"scent-intensity","embeddable":true,"href":"https:\/\/kodointernational.com\/vi\/wp-json\/wp\/v2\/scent-intensity?post=9299"},{"taxonomy":"scent-recommendations","embeddable":true,"href":"https:\/\/kodointernational.com\/vi\/wp-json\/wp\/v2\/scent-recommendations?post=9299"},{"taxonomy":"scent-pyramid","embeddable":true,"href":"https:\/\/kodointernational.com\/vi\/wp-json\/wp\/v2\/scent-pyramid?post=9299"}],"curies":[{"name":"wp","href":"https:\/\/api.w.org\/{rel}","templated":true}]}}