{"id":9295,"date":"2023-04-27T07:43:49","date_gmt":"2023-04-27T07:43:49","guid":{"rendered":"https:\/\/kodointernational.com\/?post_type=product&#038;p=9295"},"modified":"2024-08-15T11:32:38","modified_gmt":"2024-08-15T04:32:38","slug":"bo-que-khuech-tan-tinh-dau-nuoc-hoa-the-intercon","status":"publish","type":"product","link":"https:\/\/kodointernational.com\/vi\/product\/bo-que-khuech-tan-tinh-dau-nuoc-hoa-the-intercon\/","title":{"rendered":"B\u1ed9 Que Khu\u1ebfch T\u00e1n Tinh D\u1ea7u N\u01b0\u1edbc Hoa The Intercon"},"content":{"rendered":"","protected":false},"excerpt":{"rendered":"<p>H\u01b0\u01a1ng \u0111\u1ea7u l\u00e0 m\u1ed9t h\u1ed7n h\u1ee3p t\u01b0\u01a1i m\u00e1t tuy\u1ec7t v\u1eddi c\u1ee7a Bergamot, v\u1ecf cam. K\u1ebf \u0111\u1ebfn l\u1ea1i l\u00e0 s\u1ef1 chuy\u1ec3n bi\u1ebfn \u0111\u1ed9c \u0111\u00e1o sang giai \u0111i\u1ec7u ng\u1ecdt ng\u00e0o c\u1ee7a hoa l\u00e0i, hoa h\u1ed3ng l\u00e0m kh\u00f4ng gian tr\u1edf n\u00ean n\u00ean quy\u1ebfn r\u0169 v\u00e0 cu\u1ed1i c\u00f9ng l\u00e0 h\u01b0\u01a1ng th\u01a1m k\u1ebft h\u1ee3p c\u1ee7a r\u00eau s\u1ed3i, ho\u1eafc h\u01b0\u01a1ng s\u00e2u l\u1eafng<\/p>\n","protected":false},"featured_media":26287,"comment_status":"open","ping_status":"closed","template":"","meta":[],"etheme_brands":[],"product_cat":[92],"product_tag":[],"scent-family":[],"diffusion-area":[339],"scent-intensity":[151],"scent-recommendations":[168],"scent-pyramid":[],"class_list":{"0":"post-9295","1":"product","2":"type-product","3":"status-publish","4":"has-post-thumbnail","6":"product_cat-bo-que-khuech-tan","7":"diffusion-area-20m2","8":"scent-intensity-vua","9":"scent-recommendations-can-ho-nha","11":"first","12":"instock","13":"shipping-taxable","14":"purchasable","15":"product-type-simple"},"acf":[],"_links":{"self":[{"href":"https:\/\/kodointernational.com\/vi\/wp-json\/wp\/v2\/product\/9295","targetHints":{"allow":["GET"]}}],"collection":[{"href":"https:\/\/kodointernational.com\/vi\/wp-json\/wp\/v2\/product"}],"about":[{"href":"https:\/\/kodointernational.com\/vi\/wp-json\/wp\/v2\/types\/product"}],"replies":[{"embeddable":true,"href":"https:\/\/kodointernational.com\/vi\/wp-json\/wp\/v2\/comments?post=9295"}],"version-history":[{"count":0,"href":"https:\/\/kodointernational.com\/vi\/wp-json\/wp\/v2\/product\/9295\/revisions"}],"wp:featuredmedia":[{"embeddable":true,"href":"https:\/\/kodointernational.com\/vi\/wp-json\/wp\/v2\/media\/26287"}],"wp:attachment":[{"href":"https:\/\/kodointernational.com\/vi\/wp-json\/wp\/v2\/media?parent=9295"}],"wp:term":[{"taxonomy":"brand","embeddable":true,"href":"https:\/\/kodointernational.com\/vi\/wp-json\/wp\/v2\/etheme_brands?post=9295"},{"taxonomy":"product_cat","embeddable":true,"href":"https:\/\/kodointernational.com\/vi\/wp-json\/wp\/v2\/product_cat?post=9295"},{"taxonomy":"product_tag","embeddable":true,"href":"https:\/\/kodointernational.com\/vi\/wp-json\/wp\/v2\/product_tag?post=9295"},{"taxonomy":"scent-family","embeddable":true,"href":"https:\/\/kodointernational.com\/vi\/wp-json\/wp\/v2\/scent-family?post=9295"},{"taxonomy":"diffusion-area","embeddable":true,"href":"https:\/\/kodointernational.com\/vi\/wp-json\/wp\/v2\/diffusion-area?post=9295"},{"taxonomy":"scent-intensity","embeddable":true,"href":"https:\/\/kodointernational.com\/vi\/wp-json\/wp\/v2\/scent-intensity?post=9295"},{"taxonomy":"scent-recommendations","embeddable":true,"href":"https:\/\/kodointernational.com\/vi\/wp-json\/wp\/v2\/scent-recommendations?post=9295"},{"taxonomy":"scent-pyramid","embeddable":true,"href":"https:\/\/kodointernational.com\/vi\/wp-json\/wp\/v2\/scent-pyramid?post=9295"}],"curies":[{"name":"wp","href":"https:\/\/api.w.org\/{rel}","templated":true}]}}