{"id":9291,"date":"2023-04-27T07:41:00","date_gmt":"2023-04-27T07:41:00","guid":{"rendered":"https:\/\/kodointernational.com\/?post_type=product&#038;p=9291"},"modified":"2024-08-14T15:23:43","modified_gmt":"2024-08-14T08:23:43","slug":"bo-que-khuech-tan-tinh-dau-nuoc-hoa-pear-fressia","status":"publish","type":"product","link":"https:\/\/kodointernational.com\/vi\/product\/bo-que-khuech-tan-tinh-dau-nuoc-hoa-pear-fressia\/","title":{"rendered":"B\u1ed9 Que Khu\u1ebfch T\u00e1n Tinh D\u1ea7u N\u01b0\u1edbc Hoa Pear &#038; Fressia"},"content":{"rendered":"","protected":false},"excerpt":{"rendered":"<p>K\u1ebft h\u1ee3p m\u00f9i h\u01b0\u01a1ng Chanh, \u0110\u00e0o, Hoa h\u1ed3ng, Hoa l\u00e0i, C\u00e2y ho\u1eafc h\u01b0\u01a1ng, X\u1ea1 h\u01b0\u01a1ng. H\u01b0\u01a1ng th\u01a1m t\u01b0\u01a1i m\u00e1t, nh\u1eb9 nh\u00e0ng, tr\u1ebb trung. Th\u00edch h\u1ee3p cho m\u00f9a h\u00e8 \u0111em c\u1ea3m gi\u00e1c s\u1ea3ng kho\u00e1i, tr\u00e0n \u0111\u1ea7y n\u0103ng l\u01b0\u1ee3ng.<\/p>\n","protected":false},"featured_media":26096,"comment_status":"open","ping_status":"closed","template":"","meta":[],"etheme_brands":[],"product_cat":[92],"product_tag":[],"scent-family":[725],"diffusion-area":[339],"scent-intensity":[152],"scent-recommendations":[716,168,163,162],"scent-pyramid":[],"class_list":{"0":"post-9291","1":"product","2":"type-product","3":"status-publish","4":"has-post-thumbnail","6":"product_cat-bo-que-khuech-tan","7":"scent-family-unisex","8":"diffusion-area-20m2","9":"scent-intensity-manh","10":"scent-recommendations-bar","11":"scent-recommendations-can-ho-nha","12":"scent-recommendations-cua-hang-thoi-trang","13":"scent-recommendations-phong-trung-bay","15":"first","16":"instock","17":"shipping-taxable","18":"purchasable","19":"product-type-simple"},"acf":[],"_links":{"self":[{"href":"https:\/\/kodointernational.com\/vi\/wp-json\/wp\/v2\/product\/9291","targetHints":{"allow":["GET"]}}],"collection":[{"href":"https:\/\/kodointernational.com\/vi\/wp-json\/wp\/v2\/product"}],"about":[{"href":"https:\/\/kodointernational.com\/vi\/wp-json\/wp\/v2\/types\/product"}],"replies":[{"embeddable":true,"href":"https:\/\/kodointernational.com\/vi\/wp-json\/wp\/v2\/comments?post=9291"}],"version-history":[{"count":0,"href":"https:\/\/kodointernational.com\/vi\/wp-json\/wp\/v2\/product\/9291\/revisions"}],"wp:featuredmedia":[{"embeddable":true,"href":"https:\/\/kodointernational.com\/vi\/wp-json\/wp\/v2\/media\/26096"}],"wp:attachment":[{"href":"https:\/\/kodointernational.com\/vi\/wp-json\/wp\/v2\/media?parent=9291"}],"wp:term":[{"taxonomy":"brand","embeddable":true,"href":"https:\/\/kodointernational.com\/vi\/wp-json\/wp\/v2\/etheme_brands?post=9291"},{"taxonomy":"product_cat","embeddable":true,"href":"https:\/\/kodointernational.com\/vi\/wp-json\/wp\/v2\/product_cat?post=9291"},{"taxonomy":"product_tag","embeddable":true,"href":"https:\/\/kodointernational.com\/vi\/wp-json\/wp\/v2\/product_tag?post=9291"},{"taxonomy":"scent-family","embeddable":true,"href":"https:\/\/kodointernational.com\/vi\/wp-json\/wp\/v2\/scent-family?post=9291"},{"taxonomy":"diffusion-area","embeddable":true,"href":"https:\/\/kodointernational.com\/vi\/wp-json\/wp\/v2\/diffusion-area?post=9291"},{"taxonomy":"scent-intensity","embeddable":true,"href":"https:\/\/kodointernational.com\/vi\/wp-json\/wp\/v2\/scent-intensity?post=9291"},{"taxonomy":"scent-recommendations","embeddable":true,"href":"https:\/\/kodointernational.com\/vi\/wp-json\/wp\/v2\/scent-recommendations?post=9291"},{"taxonomy":"scent-pyramid","embeddable":true,"href":"https:\/\/kodointernational.com\/vi\/wp-json\/wp\/v2\/scent-pyramid?post=9291"}],"curies":[{"name":"wp","href":"https:\/\/api.w.org\/{rel}","templated":true}]}}