{"id":9259,"date":"2023-04-27T03:41:31","date_gmt":"2023-04-27T03:41:31","guid":{"rendered":"https:\/\/kodointernational.com\/?post_type=product&#038;p=9259"},"modified":"2024-02-26T15:03:49","modified_gmt":"2024-02-26T08:03:49","slug":"xit-duoi-muoi-mosquito-magic","status":"publish","type":"product","link":"https:\/\/kodointernational.com\/vi\/product\/xit-duoi-muoi-mosquito-magic\/","title":{"rendered":"X\u1ecbt \u0111u\u1ed5i mu\u1ed7i Mosquito Magic"},"content":{"rendered":"","protected":false},"excerpt":{"rendered":"<p>X\u1ecbt \u0111u\u1ed5i mu\u1ed7i c\u01a1 th\u1ec3 h\u01b0\u01a1ng thi\u00ean nhi\u00ean Kodo Mosquito Magic \u0111\u01b0\u1ee3c chi\u1ebft xu\u1ea5t t\u1eeb c\u00e1c lo\u1ea1i c\u00e2y ho\u1eb7c th\u1ea3o d\u01b0\u1ee3c c\u00f3 t\u00e1c d\u1ee5ng \u0111u\u1ed5i mu\u1ed7i. H\u01b0\u01a1ng th\u01a1m d\u1ec5 ch\u1ecbu th\u01b0 th\u00e1i, an to\u00e0n cho s\u1ee9c kho\u1ebb<\/p>\n","protected":false},"featured_media":23111,"comment_status":"open","ping_status":"closed","template":"","meta":[],"etheme_brands":[],"product_cat":[600],"product_tag":[],"scent-family":[],"diffusion-area":[],"scent-intensity":[],"scent-recommendations":[],"scent-pyramid":[],"class_list":{"0":"post-9259","1":"product","2":"type-product","3":"status-publish","4":"has-post-thumbnail","6":"product_cat-xit-duoi-muoi","8":"first","9":"instock","10":"shipping-taxable","11":"purchasable","12":"product-type-simple"},"acf":[],"_links":{"self":[{"href":"https:\/\/kodointernational.com\/vi\/wp-json\/wp\/v2\/product\/9259","targetHints":{"allow":["GET"]}}],"collection":[{"href":"https:\/\/kodointernational.com\/vi\/wp-json\/wp\/v2\/product"}],"about":[{"href":"https:\/\/kodointernational.com\/vi\/wp-json\/wp\/v2\/types\/product"}],"replies":[{"embeddable":true,"href":"https:\/\/kodointernational.com\/vi\/wp-json\/wp\/v2\/comments?post=9259"}],"version-history":[{"count":0,"href":"https:\/\/kodointernational.com\/vi\/wp-json\/wp\/v2\/product\/9259\/revisions"}],"wp:featuredmedia":[{"embeddable":true,"href":"https:\/\/kodointernational.com\/vi\/wp-json\/wp\/v2\/media\/23111"}],"wp:attachment":[{"href":"https:\/\/kodointernational.com\/vi\/wp-json\/wp\/v2\/media?parent=9259"}],"wp:term":[{"taxonomy":"brand","embeddable":true,"href":"https:\/\/kodointernational.com\/vi\/wp-json\/wp\/v2\/etheme_brands?post=9259"},{"taxonomy":"product_cat","embeddable":true,"href":"https:\/\/kodointernational.com\/vi\/wp-json\/wp\/v2\/product_cat?post=9259"},{"taxonomy":"product_tag","embeddable":true,"href":"https:\/\/kodointernational.com\/vi\/wp-json\/wp\/v2\/product_tag?post=9259"},{"taxonomy":"scent-family","embeddable":true,"href":"https:\/\/kodointernational.com\/vi\/wp-json\/wp\/v2\/scent-family?post=9259"},{"taxonomy":"diffusion-area","embeddable":true,"href":"https:\/\/kodointernational.com\/vi\/wp-json\/wp\/v2\/diffusion-area?post=9259"},{"taxonomy":"scent-intensity","embeddable":true,"href":"https:\/\/kodointernational.com\/vi\/wp-json\/wp\/v2\/scent-intensity?post=9259"},{"taxonomy":"scent-recommendations","embeddable":true,"href":"https:\/\/kodointernational.com\/vi\/wp-json\/wp\/v2\/scent-recommendations?post=9259"},{"taxonomy":"scent-pyramid","embeddable":true,"href":"https:\/\/kodointernational.com\/vi\/wp-json\/wp\/v2\/scent-pyramid?post=9259"}],"curies":[{"name":"wp","href":"https:\/\/api.w.org\/{rel}","templated":true}]}}