{"id":9228,"date":"2023-04-26T11:11:49","date_gmt":"2023-04-26T11:11:49","guid":{"rendered":"https:\/\/kodointernational.com\/?post_type=product&#038;p=9228"},"modified":"2024-08-08T16:55:19","modified_gmt":"2024-08-08T09:55:19","slug":"nen-thom-tinh-dau-nuoc-hoa-pear-fressia","status":"publish","type":"product","link":"https:\/\/kodointernational.com\/vi\/product\/nen-thom-tinh-dau-nuoc-hoa-pear-fressia\/","title":{"rendered":"N\u1ebfn th\u01a1m tinh d\u1ea7u n\u01b0\u1edbc hoa Pear &#038; Fressia"},"content":{"rendered":"","protected":false},"excerpt":{"rendered":"<p class=\"irIKAp\">H\u01b0\u01a1ng hoa l\u00ea, chanh, \u0111\u00e0o, hoa h\u1ed3ng, ho\u1eafc h\u01b0\u01a1ng, x\u1ea1 h\u01b0\u01a1ng. T\u1ea5t c\u1ea3 h\u00f2a quy\u1ec7n t\u1ea1o n\u00ean 1 m\u00f9i h\u01b0\u01a1ng v\u1eeba ng\u1ecdt ng\u00e0o v\u1eeba thanh l\u1ecbch, mang 1 ch\u00fat \u0111am m\u00ea \u1ea9n d\u01b0\u1edbi s\u1ef1 nghi\u00eam ngh\u1ecb.<\/p>\n","protected":false},"featured_media":25151,"comment_status":"open","ping_status":"closed","template":"","meta":[],"etheme_brands":[],"product_cat":[180],"product_tag":[],"scent-family":[],"diffusion-area":[339],"scent-intensity":[152],"scent-recommendations":[168],"scent-pyramid":[],"class_list":{"0":"post-9228","1":"product","2":"type-product","3":"status-publish","4":"has-post-thumbnail","6":"product_cat-nen-thom","7":"diffusion-area-20m2","8":"scent-intensity-manh","9":"scent-recommendations-can-ho-nha","11":"first","12":"instock","13":"shipping-taxable","14":"purchasable","15":"product-type-simple"},"acf":[],"_links":{"self":[{"href":"https:\/\/kodointernational.com\/vi\/wp-json\/wp\/v2\/product\/9228","targetHints":{"allow":["GET"]}}],"collection":[{"href":"https:\/\/kodointernational.com\/vi\/wp-json\/wp\/v2\/product"}],"about":[{"href":"https:\/\/kodointernational.com\/vi\/wp-json\/wp\/v2\/types\/product"}],"replies":[{"embeddable":true,"href":"https:\/\/kodointernational.com\/vi\/wp-json\/wp\/v2\/comments?post=9228"}],"version-history":[{"count":0,"href":"https:\/\/kodointernational.com\/vi\/wp-json\/wp\/v2\/product\/9228\/revisions"}],"wp:featuredmedia":[{"embeddable":true,"href":"https:\/\/kodointernational.com\/vi\/wp-json\/wp\/v2\/media\/25151"}],"wp:attachment":[{"href":"https:\/\/kodointernational.com\/vi\/wp-json\/wp\/v2\/media?parent=9228"}],"wp:term":[{"taxonomy":"brand","embeddable":true,"href":"https:\/\/kodointernational.com\/vi\/wp-json\/wp\/v2\/etheme_brands?post=9228"},{"taxonomy":"product_cat","embeddable":true,"href":"https:\/\/kodointernational.com\/vi\/wp-json\/wp\/v2\/product_cat?post=9228"},{"taxonomy":"product_tag","embeddable":true,"href":"https:\/\/kodointernational.com\/vi\/wp-json\/wp\/v2\/product_tag?post=9228"},{"taxonomy":"scent-family","embeddable":true,"href":"https:\/\/kodointernational.com\/vi\/wp-json\/wp\/v2\/scent-family?post=9228"},{"taxonomy":"diffusion-area","embeddable":true,"href":"https:\/\/kodointernational.com\/vi\/wp-json\/wp\/v2\/diffusion-area?post=9228"},{"taxonomy":"scent-intensity","embeddable":true,"href":"https:\/\/kodointernational.com\/vi\/wp-json\/wp\/v2\/scent-intensity?post=9228"},{"taxonomy":"scent-recommendations","embeddable":true,"href":"https:\/\/kodointernational.com\/vi\/wp-json\/wp\/v2\/scent-recommendations?post=9228"},{"taxonomy":"scent-pyramid","embeddable":true,"href":"https:\/\/kodointernational.com\/vi\/wp-json\/wp\/v2\/scent-pyramid?post=9228"}],"curies":[{"name":"wp","href":"https:\/\/api.w.org\/{rel}","templated":true}]}}