{"id":9214,"date":"2023-04-26T10:58:33","date_gmt":"2023-04-26T10:58:33","guid":{"rendered":"https:\/\/kodointernational.com\/?post_type=product&#038;p=9214"},"modified":"2024-08-08T16:13:54","modified_gmt":"2024-08-08T09:13:54","slug":"nen-thom-tinh-dau-nuoc-hoa-kodo-no6","status":"publish","type":"product","link":"https:\/\/kodointernational.com\/vi\/product\/nen-thom-tinh-dau-nuoc-hoa-kodo-no6\/","title":{"rendered":"N\u1ebfn th\u01a1m tinh d\u1ea7u n\u01b0\u1edbc hoa Kodo No6"},"content":{"rendered":"","protected":false},"excerpt":{"rendered":"<p>N\u1ed3ng ch\u00e1y nh\u01b0 m\u00f9a h\u00e8, ng\u1ecdt ng\u00e0o t\u1ef1a s\u01b0\u01a1ng mai. Ho\u00e0n h\u1ea3o t\u1eeb s\u1ef1 k\u1ebft h\u1ee3p Citrus green, hoa nh\u00e0i, flora v\u00e0 \u0111inh h\u01b0\u01a1ng t\u1ea1o n\u00ean s\u1ef1 cu\u1ed1n h\u00fat cho ng\u01b0\u1eddi s\u1eed d\u1ee5ng<\/p>\n","protected":false},"featured_media":25100,"comment_status":"open","ping_status":"closed","template":"","meta":[],"etheme_brands":[],"product_cat":[180],"product_tag":[],"scent-family":[],"diffusion-area":[],"scent-intensity":[151],"scent-recommendations":[168],"scent-pyramid":[],"class_list":{"0":"post-9214","1":"product","2":"type-product","3":"status-publish","4":"has-post-thumbnail","6":"product_cat-nen-thom","7":"scent-intensity-vua","8":"scent-recommendations-can-ho-nha","10":"first","11":"instock","12":"shipping-taxable","13":"purchasable","14":"product-type-simple"},"acf":[],"_links":{"self":[{"href":"https:\/\/kodointernational.com\/vi\/wp-json\/wp\/v2\/product\/9214","targetHints":{"allow":["GET"]}}],"collection":[{"href":"https:\/\/kodointernational.com\/vi\/wp-json\/wp\/v2\/product"}],"about":[{"href":"https:\/\/kodointernational.com\/vi\/wp-json\/wp\/v2\/types\/product"}],"replies":[{"embeddable":true,"href":"https:\/\/kodointernational.com\/vi\/wp-json\/wp\/v2\/comments?post=9214"}],"version-history":[{"count":0,"href":"https:\/\/kodointernational.com\/vi\/wp-json\/wp\/v2\/product\/9214\/revisions"}],"wp:featuredmedia":[{"embeddable":true,"href":"https:\/\/kodointernational.com\/vi\/wp-json\/wp\/v2\/media\/25100"}],"wp:attachment":[{"href":"https:\/\/kodointernational.com\/vi\/wp-json\/wp\/v2\/media?parent=9214"}],"wp:term":[{"taxonomy":"brand","embeddable":true,"href":"https:\/\/kodointernational.com\/vi\/wp-json\/wp\/v2\/etheme_brands?post=9214"},{"taxonomy":"product_cat","embeddable":true,"href":"https:\/\/kodointernational.com\/vi\/wp-json\/wp\/v2\/product_cat?post=9214"},{"taxonomy":"product_tag","embeddable":true,"href":"https:\/\/kodointernational.com\/vi\/wp-json\/wp\/v2\/product_tag?post=9214"},{"taxonomy":"scent-family","embeddable":true,"href":"https:\/\/kodointernational.com\/vi\/wp-json\/wp\/v2\/scent-family?post=9214"},{"taxonomy":"diffusion-area","embeddable":true,"href":"https:\/\/kodointernational.com\/vi\/wp-json\/wp\/v2\/diffusion-area?post=9214"},{"taxonomy":"scent-intensity","embeddable":true,"href":"https:\/\/kodointernational.com\/vi\/wp-json\/wp\/v2\/scent-intensity?post=9214"},{"taxonomy":"scent-recommendations","embeddable":true,"href":"https:\/\/kodointernational.com\/vi\/wp-json\/wp\/v2\/scent-recommendations?post=9214"},{"taxonomy":"scent-pyramid","embeddable":true,"href":"https:\/\/kodointernational.com\/vi\/wp-json\/wp\/v2\/scent-pyramid?post=9214"}],"curies":[{"name":"wp","href":"https:\/\/api.w.org\/{rel}","templated":true}]}}