{"id":9210,"date":"2023-04-26T10:56:44","date_gmt":"2023-04-26T10:56:44","guid":{"rendered":"https:\/\/kodointernational.com\/?post_type=product&#038;p=9210"},"modified":"2024-08-08T16:57:23","modified_gmt":"2024-08-08T09:57:23","slug":"nen-thom-tinh-dau-nuoc-hoa-jm-rose-white-musk","status":"publish","type":"product","link":"https:\/\/kodointernational.com\/vi\/product\/nen-thom-tinh-dau-nuoc-hoa-jm-rose-white-musk\/","title":{"rendered":"N\u1ebfn th\u01a1m tinh d\u1ea7u n\u01b0\u1edbc hoa JM Rose &#038; White Musk"},"content":{"rendered":"","protected":false},"excerpt":{"rendered":"<p>M\u1ed9t m\u00f9i h\u01b0\u01a1ng v\u00f4 c\u00f9ng sang tr\u1ecdng, thanh l\u1ecbch mang h\u01a1i h\u01b0\u1edbng man m\u00e1t v\u00e0o 1 chi\u1ec1u ho\u00e0ng h\u00f4n cu\u1ed1i thu. C\u00e1c t\u1ea7ng h\u01b0\u01a1ng t\u1eeb g\u1ed7, tr\u1ea7m h\u01b0\u01a1ng, ho\u1eafc h\u01b0\u01a1ng pha ch\u00fat hoa h\u1ed3ng &#8211; m\u00f9i v\u1ecb r\u1ea5t nam t\u00ednh v\u00e0 qu\u00fd \u00f4ng.<\/p>\n","protected":false},"featured_media":25156,"comment_status":"open","ping_status":"closed","template":"","meta":[],"etheme_brands":[],"product_cat":[180],"product_tag":[],"scent-family":[],"diffusion-area":[339],"scent-intensity":[152],"scent-recommendations":[168],"scent-pyramid":[],"class_list":{"0":"post-9210","1":"product","2":"type-product","3":"status-publish","4":"has-post-thumbnail","6":"product_cat-nen-thom","7":"diffusion-area-20m2","8":"scent-intensity-manh","9":"scent-recommendations-can-ho-nha","11":"first","12":"instock","13":"shipping-taxable","14":"purchasable","15":"product-type-simple"},"acf":[],"_links":{"self":[{"href":"https:\/\/kodointernational.com\/vi\/wp-json\/wp\/v2\/product\/9210","targetHints":{"allow":["GET"]}}],"collection":[{"href":"https:\/\/kodointernational.com\/vi\/wp-json\/wp\/v2\/product"}],"about":[{"href":"https:\/\/kodointernational.com\/vi\/wp-json\/wp\/v2\/types\/product"}],"replies":[{"embeddable":true,"href":"https:\/\/kodointernational.com\/vi\/wp-json\/wp\/v2\/comments?post=9210"}],"version-history":[{"count":0,"href":"https:\/\/kodointernational.com\/vi\/wp-json\/wp\/v2\/product\/9210\/revisions"}],"wp:featuredmedia":[{"embeddable":true,"href":"https:\/\/kodointernational.com\/vi\/wp-json\/wp\/v2\/media\/25156"}],"wp:attachment":[{"href":"https:\/\/kodointernational.com\/vi\/wp-json\/wp\/v2\/media?parent=9210"}],"wp:term":[{"taxonomy":"brand","embeddable":true,"href":"https:\/\/kodointernational.com\/vi\/wp-json\/wp\/v2\/etheme_brands?post=9210"},{"taxonomy":"product_cat","embeddable":true,"href":"https:\/\/kodointernational.com\/vi\/wp-json\/wp\/v2\/product_cat?post=9210"},{"taxonomy":"product_tag","embeddable":true,"href":"https:\/\/kodointernational.com\/vi\/wp-json\/wp\/v2\/product_tag?post=9210"},{"taxonomy":"scent-family","embeddable":true,"href":"https:\/\/kodointernational.com\/vi\/wp-json\/wp\/v2\/scent-family?post=9210"},{"taxonomy":"diffusion-area","embeddable":true,"href":"https:\/\/kodointernational.com\/vi\/wp-json\/wp\/v2\/diffusion-area?post=9210"},{"taxonomy":"scent-intensity","embeddable":true,"href":"https:\/\/kodointernational.com\/vi\/wp-json\/wp\/v2\/scent-intensity?post=9210"},{"taxonomy":"scent-recommendations","embeddable":true,"href":"https:\/\/kodointernational.com\/vi\/wp-json\/wp\/v2\/scent-recommendations?post=9210"},{"taxonomy":"scent-pyramid","embeddable":true,"href":"https:\/\/kodointernational.com\/vi\/wp-json\/wp\/v2\/scent-pyramid?post=9210"}],"curies":[{"name":"wp","href":"https:\/\/api.w.org\/{rel}","templated":true}]}}