{"id":8478,"date":"2023-03-15T06:33:46","date_gmt":"2023-03-15T06:33:46","guid":{"rendered":"http:\/\/18.143.89.174\/?post_type=product&#038;p=8478"},"modified":"2024-09-11T17:08:34","modified_gmt":"2024-09-11T10:08:34","slug":"kodo-210s","status":"publish","type":"product","link":"https:\/\/kodointernational.com\/vi\/product\/kodo-210s\/","title":{"rendered":"KODO 210s"},"content":{"rendered":"","protected":false},"excerpt":{"rendered":"<p>\u0110\u00e2y l\u00e0 d\u00f2ng m\u00e1y chuy\u00ean d\u1ee5ng cho nh\u1eefng kh\u00f4ng gian l\u1edbn nh\u01b0 trung t\u00e2m mua s\u1eafm, trung t\u00e2m tri\u1ec3n l\u00e3m. \u0110\u01b0\u1ee3c xem l\u00e0 n\u1ed9i th\u1ea5t kh\u00f4ng gian tinh t\u1ebf v\u1edbi thi\u1ebft k\u1ebf nh\u00f4m sang tr\u1ea1ng t\u1ea1o \u0111i\u1ec3m nh\u1ea5n tinh t\u1ebf.<\/p>\n","protected":false},"featured_media":26972,"comment_status":"open","ping_status":"closed","template":"","meta":[],"etheme_brands":[],"product_cat":[90,343],"product_tag":[],"scent-family":[],"diffusion-area":[340,601,339,153],"scent-intensity":[],"scent-recommendations":[],"scent-pyramid":[],"class_list":{"0":"post-8478","1":"product","2":"type-product","3":"status-publish","4":"has-post-thumbnail","6":"product_cat-may-khuech-tan","7":"product_cat-dong-may-chuyen-nghiep","8":"diffusion-area-100m2","9":"diffusion-area-200m2-2","10":"diffusion-area-20m2","11":"diffusion-area-50m","13":"first","14":"instock","15":"shipping-taxable","16":"purchasable","17":"product-type-simple"},"acf":[],"_links":{"self":[{"href":"https:\/\/kodointernational.com\/vi\/wp-json\/wp\/v2\/product\/8478","targetHints":{"allow":["GET"]}}],"collection":[{"href":"https:\/\/kodointernational.com\/vi\/wp-json\/wp\/v2\/product"}],"about":[{"href":"https:\/\/kodointernational.com\/vi\/wp-json\/wp\/v2\/types\/product"}],"replies":[{"embeddable":true,"href":"https:\/\/kodointernational.com\/vi\/wp-json\/wp\/v2\/comments?post=8478"}],"version-history":[{"count":0,"href":"https:\/\/kodointernational.com\/vi\/wp-json\/wp\/v2\/product\/8478\/revisions"}],"wp:featuredmedia":[{"embeddable":true,"href":"https:\/\/kodointernational.com\/vi\/wp-json\/wp\/v2\/media\/26972"}],"wp:attachment":[{"href":"https:\/\/kodointernational.com\/vi\/wp-json\/wp\/v2\/media?parent=8478"}],"wp:term":[{"taxonomy":"brand","embeddable":true,"href":"https:\/\/kodointernational.com\/vi\/wp-json\/wp\/v2\/etheme_brands?post=8478"},{"taxonomy":"product_cat","embeddable":true,"href":"https:\/\/kodointernational.com\/vi\/wp-json\/wp\/v2\/product_cat?post=8478"},{"taxonomy":"product_tag","embeddable":true,"href":"https:\/\/kodointernational.com\/vi\/wp-json\/wp\/v2\/product_tag?post=8478"},{"taxonomy":"scent-family","embeddable":true,"href":"https:\/\/kodointernational.com\/vi\/wp-json\/wp\/v2\/scent-family?post=8478"},{"taxonomy":"diffusion-area","embeddable":true,"href":"https:\/\/kodointernational.com\/vi\/wp-json\/wp\/v2\/diffusion-area?post=8478"},{"taxonomy":"scent-intensity","embeddable":true,"href":"https:\/\/kodointernational.com\/vi\/wp-json\/wp\/v2\/scent-intensity?post=8478"},{"taxonomy":"scent-recommendations","embeddable":true,"href":"https:\/\/kodointernational.com\/vi\/wp-json\/wp\/v2\/scent-recommendations?post=8478"},{"taxonomy":"scent-pyramid","embeddable":true,"href":"https:\/\/kodointernational.com\/vi\/wp-json\/wp\/v2\/scent-pyramid?post=8478"}],"curies":[{"name":"wp","href":"https:\/\/api.w.org\/{rel}","templated":true}]}}