{"id":8396,"date":"2023-03-13T15:21:48","date_gmt":"2023-03-13T15:21:48","guid":{"rendered":"http:\/\/18.143.89.174\/?post_type=product&#038;p=8396"},"modified":"2024-09-11T17:09:51","modified_gmt":"2024-09-11T10:09:51","slug":"may-khuech-tan-kd100","status":"publish","type":"product","link":"https:\/\/kodointernational.com\/vi\/product\/may-khuech-tan-kd100\/","title":{"rendered":"KODO 100"},"content":{"rendered":"","protected":false},"excerpt":{"rendered":"<p>D\u00f2ng m\u00e1y x\u00f4ng tinh d\u1ea7u chuy\u00ean d\u1ee5ng, s\u1eed d\u1ee5ng v\u1edbi nh\u1eefng kh\u00f4ng gian l\u1edbn trong gia \u0111\u00ecnh nh\u01b0 ph\u00f2ng kh\u00e1ch, kh\u00f4ng gian sinh ho\u1ea1t chung ho\u1eb7c c\u00e1c \u0111\u1ecba \u0111i\u1ec3m kinh doanh nh\u01b0 showroom, c\u1eeda h\u00e0ng,&#8230; M\u00e1y c\u00f3 thi\u1ebft k\u1ebf m\u1ec1m m\u1ea1i, thanh l\u1ecbch v\u00e0 nh\u1ecf g\u1ecdn nh\u01b0ng hi\u1ec7u qu\u1ea3 khu\u1ebfch t\u00e1n c\u1ef1c k\u1ef3 cao.<\/p>\n","protected":false},"featured_media":26989,"comment_status":"open","ping_status":"closed","template":"","meta":[],"etheme_brands":[],"product_cat":[90,344],"product_tag":[],"scent-family":[],"diffusion-area":[340,339,153],"scent-intensity":[],"scent-recommendations":[],"scent-pyramid":[],"class_list":{"0":"post-8396","1":"product","2":"type-product","3":"status-publish","4":"has-post-thumbnail","6":"product_cat-may-khuech-tan","7":"product_cat-dong-may-gia-dinh","8":"diffusion-area-100m2","9":"diffusion-area-20m2","10":"diffusion-area-50m","12":"first","13":"instock","14":"featured","15":"shipping-taxable","16":"purchasable","17":"product-type-simple"},"acf":[],"_links":{"self":[{"href":"https:\/\/kodointernational.com\/vi\/wp-json\/wp\/v2\/product\/8396","targetHints":{"allow":["GET"]}}],"collection":[{"href":"https:\/\/kodointernational.com\/vi\/wp-json\/wp\/v2\/product"}],"about":[{"href":"https:\/\/kodointernational.com\/vi\/wp-json\/wp\/v2\/types\/product"}],"replies":[{"embeddable":true,"href":"https:\/\/kodointernational.com\/vi\/wp-json\/wp\/v2\/comments?post=8396"}],"version-history":[{"count":0,"href":"https:\/\/kodointernational.com\/vi\/wp-json\/wp\/v2\/product\/8396\/revisions"}],"wp:featuredmedia":[{"embeddable":true,"href":"https:\/\/kodointernational.com\/vi\/wp-json\/wp\/v2\/media\/26989"}],"wp:attachment":[{"href":"https:\/\/kodointernational.com\/vi\/wp-json\/wp\/v2\/media?parent=8396"}],"wp:term":[{"taxonomy":"brand","embeddable":true,"href":"https:\/\/kodointernational.com\/vi\/wp-json\/wp\/v2\/etheme_brands?post=8396"},{"taxonomy":"product_cat","embeddable":true,"href":"https:\/\/kodointernational.com\/vi\/wp-json\/wp\/v2\/product_cat?post=8396"},{"taxonomy":"product_tag","embeddable":true,"href":"https:\/\/kodointernational.com\/vi\/wp-json\/wp\/v2\/product_tag?post=8396"},{"taxonomy":"scent-family","embeddable":true,"href":"https:\/\/kodointernational.com\/vi\/wp-json\/wp\/v2\/scent-family?post=8396"},{"taxonomy":"diffusion-area","embeddable":true,"href":"https:\/\/kodointernational.com\/vi\/wp-json\/wp\/v2\/diffusion-area?post=8396"},{"taxonomy":"scent-intensity","embeddable":true,"href":"https:\/\/kodointernational.com\/vi\/wp-json\/wp\/v2\/scent-intensity?post=8396"},{"taxonomy":"scent-recommendations","embeddable":true,"href":"https:\/\/kodointernational.com\/vi\/wp-json\/wp\/v2\/scent-recommendations?post=8396"},{"taxonomy":"scent-pyramid","embeddable":true,"href":"https:\/\/kodointernational.com\/vi\/wp-json\/wp\/v2\/scent-pyramid?post=8396"}],"curies":[{"name":"wp","href":"https:\/\/api.w.org\/{rel}","templated":true}]}}