{"id":8277,"date":"2023-03-07T09:14:30","date_gmt":"2023-03-07T09:14:30","guid":{"rendered":"http:\/\/18.143.89.174\/?post_type=product&#038;p=8277"},"modified":"2023-10-21T14:38:46","modified_gmt":"2023-10-21T07:38:46","slug":"bo-que-khuech-tan-huong-hoa-nhai-hoang-gia-500ml","status":"publish","type":"product","link":"https:\/\/kodointernational.com\/vi\/product\/bo-que-khuech-tan-huong-hoa-nhai-hoang-gia-500ml\/","title":{"rendered":"B\u1ed9 Que Khu\u1ebfch T\u00e1n H\u01b0\u01a1ng Hoa Nh\u00e0i Ho\u00e0ng Gia 500ml"},"content":{"rendered":"","protected":false},"excerpt":{"rendered":"<p>B\u1ed9 que khu\u1ebfch t\u00e1n h\u01b0\u01a1ng phi\u00ean b\u1ea3n gi\u1edbi h\u1ea1n th\u01b0\u1eddng \u0111\u01b0\u1ee3c s\u1eed d\u1ee5ng \u0111\u1ec3 t\u1ea1o kh\u00f4ng gian th\u01a1m m\u00e1t v\u00e0 th\u01b0 gi\u00e3n trong c\u00e1c ph\u00f2ng kh\u00e1ch, ph\u00f2ng ng\u1ee7, v\u0103n ph\u00f2ng. Kh\u00f4ng nh\u1eefng mang l\u1ea1i h\u01b0\u01a1ng th\u01a1m \u0111\u1eb7c bi\u1ec7t m\u00e0 c\u00f2n t\u0103ng t\u00ednh th\u1ea9m m\u1ef9 cho kh\u00f4ng gian.<\/p>\n","protected":false},"featured_media":8283,"comment_status":"open","ping_status":"closed","template":"","meta":[],"etheme_brands":[],"product_cat":[92],"product_tag":[],"scent-family":[],"diffusion-area":[153],"scent-intensity":[],"scent-recommendations":[157,162],"scent-pyramid":[],"class_list":{"0":"post-8277","1":"product","2":"type-product","3":"status-publish","4":"has-post-thumbnail","6":"product_cat-bo-que-khuech-tan","7":"pa_mui-huong-citrus-bloom","8":"pa_mui-huong-elegant","9":"pa_mui-huong-kd-signature-no-10","10":"pa_mui-huong-kodo-no-6","11":"pa_mui-huong-kodo-signature-no2","12":"pa_mui-huong-lavender-woody","13":"pa_mui-huong-pear-fressia","14":"pa_mui-huong-the-intercon","15":"pa_mui-huong-urban-legend","16":"pa_mui-huong-white-lotus","17":"pa_mui-huong-white-rose","18":"pa_mui-huong-wood-sage-sea-salt","19":"diffusion-area-50m","20":"scent-recommendations-khach-san-khu-nghi-duong","21":"scent-recommendations-phong-trung-bay","23":"first","24":"instock","25":"shipping-taxable","26":"purchasable","27":"product-type-simple"},"acf":[],"_links":{"self":[{"href":"https:\/\/kodointernational.com\/vi\/wp-json\/wp\/v2\/product\/8277","targetHints":{"allow":["GET"]}}],"collection":[{"href":"https:\/\/kodointernational.com\/vi\/wp-json\/wp\/v2\/product"}],"about":[{"href":"https:\/\/kodointernational.com\/vi\/wp-json\/wp\/v2\/types\/product"}],"replies":[{"embeddable":true,"href":"https:\/\/kodointernational.com\/vi\/wp-json\/wp\/v2\/comments?post=8277"}],"version-history":[{"count":0,"href":"https:\/\/kodointernational.com\/vi\/wp-json\/wp\/v2\/product\/8277\/revisions"}],"wp:featuredmedia":[{"embeddable":true,"href":"https:\/\/kodointernational.com\/vi\/wp-json\/wp\/v2\/media\/8283"}],"wp:attachment":[{"href":"https:\/\/kodointernational.com\/vi\/wp-json\/wp\/v2\/media?parent=8277"}],"wp:term":[{"taxonomy":"brand","embeddable":true,"href":"https:\/\/kodointernational.com\/vi\/wp-json\/wp\/v2\/etheme_brands?post=8277"},{"taxonomy":"product_cat","embeddable":true,"href":"https:\/\/kodointernational.com\/vi\/wp-json\/wp\/v2\/product_cat?post=8277"},{"taxonomy":"product_tag","embeddable":true,"href":"https:\/\/kodointernational.com\/vi\/wp-json\/wp\/v2\/product_tag?post=8277"},{"taxonomy":"scent-family","embeddable":true,"href":"https:\/\/kodointernational.com\/vi\/wp-json\/wp\/v2\/scent-family?post=8277"},{"taxonomy":"diffusion-area","embeddable":true,"href":"https:\/\/kodointernational.com\/vi\/wp-json\/wp\/v2\/diffusion-area?post=8277"},{"taxonomy":"scent-intensity","embeddable":true,"href":"https:\/\/kodointernational.com\/vi\/wp-json\/wp\/v2\/scent-intensity?post=8277"},{"taxonomy":"scent-recommendations","embeddable":true,"href":"https:\/\/kodointernational.com\/vi\/wp-json\/wp\/v2\/scent-recommendations?post=8277"},{"taxonomy":"scent-pyramid","embeddable":true,"href":"https:\/\/kodointernational.com\/vi\/wp-json\/wp\/v2\/scent-pyramid?post=8277"}],"curies":[{"name":"wp","href":"https:\/\/api.w.org\/{rel}","templated":true}]}}