{"id":7748,"date":"2023-02-28T09:22:59","date_gmt":"2023-02-28T09:22:59","guid":{"rendered":"http:\/\/18.143.89.174\/?post_type=product&#038;p=7748"},"modified":"2024-09-11T17:39:55","modified_gmt":"2024-09-11T10:39:55","slug":"kodo-30lux","status":"publish","type":"product","link":"https:\/\/kodointernational.com\/vi\/product\/kodo-30lux\/","title":{"rendered":"KODO 30 LUX"},"content":{"rendered":"","protected":false},"excerpt":{"rendered":"<p>D\u00f2ng m\u00e1y t\u1ea1o m\u00f9i th\u01a1m chuy\u00ean d\u1ee5ng ph\u00f9 h\u1ee3p v\u00f3i nh\u1eefng kh\u00f4ng gian nh\u01b0 ph\u00f2ng kh\u00e1ch, c\u0103n h\u1ed9 hay c\u00e1c ph\u00f2ng ng\u1ee7 l\u1edbn, kh\u00f4ng gian sinh ho\u1ea1t chung c\u1ee7a c\u00e1c gia \u0111\u00ecnh,.. M\u00e1y c\u00f3 thi\u1ebft k\u1ebf n\u1ed5i b\u1eadt v\u1edbi hai vi\u1ec1n kim lo\u1ea1i hai b\u00ean v\u1eeba sang tr\u1ecdng v\u1eeba b\u1ec1n b\u1ec9.<\/p>\n","protected":false},"featured_media":27022,"comment_status":"open","ping_status":"closed","template":"","meta":[],"etheme_brands":[],"product_cat":[90,344],"product_tag":[],"scent-family":[],"diffusion-area":[997],"scent-intensity":[],"scent-recommendations":[],"scent-pyramid":[],"class_list":{"0":"post-7748","1":"product","2":"type-product","3":"status-publish","4":"has-post-thumbnail","6":"product_cat-may-khuech-tan","7":"product_cat-dong-may-gia-dinh","8":"pa_kodo-model-310ac","9":"pa_kodo-model-1000ac","10":"pa_kodo-model-2100ac","11":"diffusion-area-30m2","13":"first","14":"instock","15":"shipping-taxable","16":"purchasable","17":"product-type-simple"},"acf":[],"_links":{"self":[{"href":"https:\/\/kodointernational.com\/vi\/wp-json\/wp\/v2\/product\/7748","targetHints":{"allow":["GET"]}}],"collection":[{"href":"https:\/\/kodointernational.com\/vi\/wp-json\/wp\/v2\/product"}],"about":[{"href":"https:\/\/kodointernational.com\/vi\/wp-json\/wp\/v2\/types\/product"}],"replies":[{"embeddable":true,"href":"https:\/\/kodointernational.com\/vi\/wp-json\/wp\/v2\/comments?post=7748"}],"version-history":[{"count":0,"href":"https:\/\/kodointernational.com\/vi\/wp-json\/wp\/v2\/product\/7748\/revisions"}],"wp:featuredmedia":[{"embeddable":true,"href":"https:\/\/kodointernational.com\/vi\/wp-json\/wp\/v2\/media\/27022"}],"wp:attachment":[{"href":"https:\/\/kodointernational.com\/vi\/wp-json\/wp\/v2\/media?parent=7748"}],"wp:term":[{"taxonomy":"brand","embeddable":true,"href":"https:\/\/kodointernational.com\/vi\/wp-json\/wp\/v2\/etheme_brands?post=7748"},{"taxonomy":"product_cat","embeddable":true,"href":"https:\/\/kodointernational.com\/vi\/wp-json\/wp\/v2\/product_cat?post=7748"},{"taxonomy":"product_tag","embeddable":true,"href":"https:\/\/kodointernational.com\/vi\/wp-json\/wp\/v2\/product_tag?post=7748"},{"taxonomy":"scent-family","embeddable":true,"href":"https:\/\/kodointernational.com\/vi\/wp-json\/wp\/v2\/scent-family?post=7748"},{"taxonomy":"diffusion-area","embeddable":true,"href":"https:\/\/kodointernational.com\/vi\/wp-json\/wp\/v2\/diffusion-area?post=7748"},{"taxonomy":"scent-intensity","embeddable":true,"href":"https:\/\/kodointernational.com\/vi\/wp-json\/wp\/v2\/scent-intensity?post=7748"},{"taxonomy":"scent-recommendations","embeddable":true,"href":"https:\/\/kodointernational.com\/vi\/wp-json\/wp\/v2\/scent-recommendations?post=7748"},{"taxonomy":"scent-pyramid","embeddable":true,"href":"https:\/\/kodointernational.com\/vi\/wp-json\/wp\/v2\/scent-pyramid?post=7748"}],"curies":[{"name":"wp","href":"https:\/\/api.w.org\/{rel}","templated":true}]}}