{"id":7708,"date":"2023-02-28T08:46:14","date_gmt":"2023-02-28T08:46:14","guid":{"rendered":"http:\/\/18.143.89.174\/?post_type=product&#038;p=7708"},"modified":"2024-09-11T17:19:41","modified_gmt":"2024-09-11T10:19:41","slug":"kodo-160-ion","status":"publish","type":"product","link":"https:\/\/kodointernational.com\/vi\/product\/kodo-160-ion\/","title":{"rendered":"KODO 160 ION"},"content":{"rendered":"","protected":false},"excerpt":{"rendered":"<p>D\u00f2ng m\u00e1y t\u1ea1o m\u00f9i th\u01a1m chuy\u00ean d\u1ee5ng r\u1ea5t ph\u00f9 h\u1ee3p v\u1edbi nh\u1eefng kh\u00f4ng gian nh\u01b0 c\u1eeda h\u00e0ng, c\u0103n h\u1ed9, ph\u00f2ng gym, yoga, spa,&#8230; M\u00e1y c\u00f3 k\u00edch th\u01b0\u1edbc c\u1ef1c nh\u1ecf g\u1ecdn v\u1edbi m\u00e0u tr\u1eafng trang nh\u00e3, d\u1ec5 d\u00e0ng \u0111\u1eb7t m\u00e1y \u1edf m\u1ecdi v\u1ecb tr\u00ed.<\/p>\n","protected":false},"featured_media":27073,"comment_status":"open","ping_status":"closed","template":"","meta":[],"etheme_brands":[],"product_cat":[90,343],"product_tag":[],"scent-family":[],"diffusion-area":[340,339,153],"scent-intensity":[],"scent-recommendations":[],"scent-pyramid":[],"class_list":{"0":"post-7708","1":"product","2":"type-product","3":"status-publish","4":"has-post-thumbnail","6":"product_cat-may-khuech-tan","7":"product_cat-dong-may-chuyen-nghiep","8":"pa_kodo-model-310ac","9":"pa_kodo-model-1000ac","10":"pa_kodo-model-2100ac","11":"diffusion-area-100m2","12":"diffusion-area-20m2","13":"diffusion-area-50m","15":"first","16":"instock","17":"shipping-taxable","18":"purchasable","19":"product-type-simple"},"acf":[],"_links":{"self":[{"href":"https:\/\/kodointernational.com\/vi\/wp-json\/wp\/v2\/product\/7708","targetHints":{"allow":["GET"]}}],"collection":[{"href":"https:\/\/kodointernational.com\/vi\/wp-json\/wp\/v2\/product"}],"about":[{"href":"https:\/\/kodointernational.com\/vi\/wp-json\/wp\/v2\/types\/product"}],"replies":[{"embeddable":true,"href":"https:\/\/kodointernational.com\/vi\/wp-json\/wp\/v2\/comments?post=7708"}],"version-history":[{"count":0,"href":"https:\/\/kodointernational.com\/vi\/wp-json\/wp\/v2\/product\/7708\/revisions"}],"wp:featuredmedia":[{"embeddable":true,"href":"https:\/\/kodointernational.com\/vi\/wp-json\/wp\/v2\/media\/27073"}],"wp:attachment":[{"href":"https:\/\/kodointernational.com\/vi\/wp-json\/wp\/v2\/media?parent=7708"}],"wp:term":[{"taxonomy":"brand","embeddable":true,"href":"https:\/\/kodointernational.com\/vi\/wp-json\/wp\/v2\/etheme_brands?post=7708"},{"taxonomy":"product_cat","embeddable":true,"href":"https:\/\/kodointernational.com\/vi\/wp-json\/wp\/v2\/product_cat?post=7708"},{"taxonomy":"product_tag","embeddable":true,"href":"https:\/\/kodointernational.com\/vi\/wp-json\/wp\/v2\/product_tag?post=7708"},{"taxonomy":"scent-family","embeddable":true,"href":"https:\/\/kodointernational.com\/vi\/wp-json\/wp\/v2\/scent-family?post=7708"},{"taxonomy":"diffusion-area","embeddable":true,"href":"https:\/\/kodointernational.com\/vi\/wp-json\/wp\/v2\/diffusion-area?post=7708"},{"taxonomy":"scent-intensity","embeddable":true,"href":"https:\/\/kodointernational.com\/vi\/wp-json\/wp\/v2\/scent-intensity?post=7708"},{"taxonomy":"scent-recommendations","embeddable":true,"href":"https:\/\/kodointernational.com\/vi\/wp-json\/wp\/v2\/scent-recommendations?post=7708"},{"taxonomy":"scent-pyramid","embeddable":true,"href":"https:\/\/kodointernational.com\/vi\/wp-json\/wp\/v2\/scent-pyramid?post=7708"}],"curies":[{"name":"wp","href":"https:\/\/api.w.org\/{rel}","templated":true}]}}