{"id":7576,"date":"2023-02-28T11:00:05","date_gmt":"2023-02-28T04:00:05","guid":{"rendered":"http:\/\/18.143.89.174\/?post_type=product&#038;p=7576"},"modified":"2024-08-02T16:24:44","modified_gmt":"2024-08-02T09:24:44","slug":"heritage-blend","status":"publish","type":"product","link":"https:\/\/kodointernational.com\/vi\/product\/heritage-blend\/","title":{"rendered":"Heritage Blend"},"content":{"rendered":"<p>&nbsp;<\/p>\n<div id=\"tango-element-highlighter\" style=\"--tango-highlighter-background-color: transparent; --tango-highlighter-color: #FF7442;\"><\/div>\n","protected":false},"excerpt":{"rendered":"<p style=\"text-align: justify;\"><span style=\"font-size: 12pt;\">Tinh d\u1ea7u Heritage Blend \u0111em m\u1ed9t m\u00f9i h\u01b0\u01a1ng t\u01b0\u01a1i m\u00e1t v\u00e0 sang tr\u1ecdng. H\u01b0\u01a1ng gi\u1eefa t\u1ea1o n\u00ean m\u1ed9t s\u1ef1 pha tr\u1ed9n ho\u00e0n h\u1ea3o c\u1ee7a h\u01b0\u01a1ng th\u1ea3o d\u01b0\u1ee3c v\u00e0 hoa c\u1ecf, mang l\u1ea1i c\u1ea3m gi\u00e1c th\u01b0 gi\u00e3n v\u00e0 an t\u00e2m. H\u01b0\u01a1ng cu\u1ed1i c\u1ee7a amber v\u00e0 vetiver t\u1ea1o n\u00ean m\u1ed9t s\u1ef1 k\u1ebft h\u1ee3p \u0111\u1ed9c \u0111\u00e1o \u0111\u1ecdng la\u1ecb trong t\u00e2m tr\u00ed.<\/span><\/p>\n<div id=\"tango-element-highlighter\" style=\"--tango-highlighter-background-color: transparent; --tango-highlighter-color: #FF7442; text-align: justify;\"><\/div>\n","protected":false},"featured_media":24650,"comment_status":"open","ping_status":"closed","template":"","meta":[],"etheme_brands":[],"product_cat":[99],"product_tag":[],"scent-family":[725],"diffusion-area":[],"scent-intensity":[152],"scent-recommendations":[716,163,162,165],"scent-pyramid":[],"class_list":{"0":"post-7576","1":"product","2":"type-product","3":"status-publish","4":"has-post-thumbnail","6":"product_cat-bo-suu-tap-luxury","7":"scent-family-unisex","8":"scent-intensity-manh","9":"scent-recommendations-bar","10":"scent-recommendations-cua-hang-thoi-trang","11":"scent-recommendations-phong-trung-bay","12":"scent-recommendations-spa","14":"first","15":"instock","16":"shipping-taxable","17":"purchasable","18":"product-type-simple"},"acf":[],"_links":{"self":[{"href":"https:\/\/kodointernational.com\/vi\/wp-json\/wp\/v2\/product\/7576","targetHints":{"allow":["GET"]}}],"collection":[{"href":"https:\/\/kodointernational.com\/vi\/wp-json\/wp\/v2\/product"}],"about":[{"href":"https:\/\/kodointernational.com\/vi\/wp-json\/wp\/v2\/types\/product"}],"replies":[{"embeddable":true,"href":"https:\/\/kodointernational.com\/vi\/wp-json\/wp\/v2\/comments?post=7576"}],"version-history":[{"count":0,"href":"https:\/\/kodointernational.com\/vi\/wp-json\/wp\/v2\/product\/7576\/revisions"}],"wp:featuredmedia":[{"embeddable":true,"href":"https:\/\/kodointernational.com\/vi\/wp-json\/wp\/v2\/media\/24650"}],"wp:attachment":[{"href":"https:\/\/kodointernational.com\/vi\/wp-json\/wp\/v2\/media?parent=7576"}],"wp:term":[{"taxonomy":"brand","embeddable":true,"href":"https:\/\/kodointernational.com\/vi\/wp-json\/wp\/v2\/etheme_brands?post=7576"},{"taxonomy":"product_cat","embeddable":true,"href":"https:\/\/kodointernational.com\/vi\/wp-json\/wp\/v2\/product_cat?post=7576"},{"taxonomy":"product_tag","embeddable":true,"href":"https:\/\/kodointernational.com\/vi\/wp-json\/wp\/v2\/product_tag?post=7576"},{"taxonomy":"scent-family","embeddable":true,"href":"https:\/\/kodointernational.com\/vi\/wp-json\/wp\/v2\/scent-family?post=7576"},{"taxonomy":"diffusion-area","embeddable":true,"href":"https:\/\/kodointernational.com\/vi\/wp-json\/wp\/v2\/diffusion-area?post=7576"},{"taxonomy":"scent-intensity","embeddable":true,"href":"https:\/\/kodointernational.com\/vi\/wp-json\/wp\/v2\/scent-intensity?post=7576"},{"taxonomy":"scent-recommendations","embeddable":true,"href":"https:\/\/kodointernational.com\/vi\/wp-json\/wp\/v2\/scent-recommendations?post=7576"},{"taxonomy":"scent-pyramid","embeddable":true,"href":"https:\/\/kodointernational.com\/vi\/wp-json\/wp\/v2\/scent-pyramid?post=7576"}],"curies":[{"name":"wp","href":"https:\/\/api.w.org\/{rel}","templated":true}]}}