{"id":7552,"date":"2023-02-28T10:54:33","date_gmt":"2023-02-28T03:54:33","guid":{"rendered":"http:\/\/18.143.89.174\/?post_type=product&#038;p=7552"},"modified":"2024-08-02T16:29:35","modified_gmt":"2024-08-02T09:29:35","slug":"sereni-tea","status":"publish","type":"product","link":"https:\/\/kodointernational.com\/vi\/product\/sereni-tea\/","title":{"rendered":"Sereni Tea"},"content":{"rendered":"<p>&nbsp;<\/p>\n<div id=\"tango-element-highlighter\" style=\"--tango-highlighter-background-color: transparent; --tango-highlighter-color: #FF7442;\"><\/div>\n","protected":false},"excerpt":{"rendered":"<p style=\"text-align: justify;\"><span style=\"font-size: 12pt;\">Tinh d\u1ea7u Sereni &#8211; Tea \u0111\u01b0\u1ee3c t\u1ea1o n\u00ean t\u1eeb nh\u1eefng th\u00e0nh ph\u1ea7n t\u1ef1 nhi\u00ean \u0111em \u0111\u1ebfn m\u1ed9t b\u1ea7u kh\u00f4ng kh\u00ed s\u1ea3ng kho\u00e1i, s\u1ed1ng \u0111\u1ed9ng. Sau \u0111\u00f3, h\u01b0\u01a1ng gi\u1eefa t\u0103ng th\u00eam ph\u1ea7n t\u01b0\u01a1i m\u00e1t v\u00e0 ng\u1ecdt ng\u00e0o, gi\u00fap l\u00e0m d\u1ecbu v\u00e0 c\u00e2n b\u1eb1ng h\u01b0\u01a1ng \u0111\u1ea7u. H\u01b0\u01a1ng cu\u1ed1i c\u1ee7a h\u1ed5 ph\u00e1ch, r\u00eau s\u1ed3i v\u00e0 \u0111\u1eadu Tonka ho\u00e0n th\u00e0nh h\u01b0\u01a1ng th\u01a1m tuy\u1ec7t v\u1eddi n\u00e0y.<\/span><\/p>\n<div id=\"tango-element-highlighter\" style=\"--tango-highlighter-background-color: transparent; --tango-highlighter-color: #FF7442; text-align: justify;\"><\/div>\n","protected":false},"featured_media":24679,"comment_status":"open","ping_status":"closed","template":"","meta":[],"etheme_brands":[],"product_cat":[99],"product_tag":[],"scent-family":[720],"diffusion-area":[],"scent-intensity":[151],"scent-recommendations":[167,164,166,165,160],"scent-pyramid":[],"class_list":{"0":"post-7552","1":"product","2":"type-product","3":"status-publish","4":"has-post-thumbnail","6":"product_cat-bo-suu-tap-luxury","7":"scent-family-fresh","8":"scent-intensity-vua","9":"scent-recommendations-benh-vien","10":"scent-recommendations-ngan-hang","11":"scent-recommendations-phong-the-duc","12":"scent-recommendations-spa","13":"scent-recommendations-van-phong","15":"first","16":"instock","17":"shipping-taxable","18":"purchasable","19":"product-type-simple"},"acf":[],"_links":{"self":[{"href":"https:\/\/kodointernational.com\/vi\/wp-json\/wp\/v2\/product\/7552","targetHints":{"allow":["GET"]}}],"collection":[{"href":"https:\/\/kodointernational.com\/vi\/wp-json\/wp\/v2\/product"}],"about":[{"href":"https:\/\/kodointernational.com\/vi\/wp-json\/wp\/v2\/types\/product"}],"replies":[{"embeddable":true,"href":"https:\/\/kodointernational.com\/vi\/wp-json\/wp\/v2\/comments?post=7552"}],"version-history":[{"count":0,"href":"https:\/\/kodointernational.com\/vi\/wp-json\/wp\/v2\/product\/7552\/revisions"}],"wp:featuredmedia":[{"embeddable":true,"href":"https:\/\/kodointernational.com\/vi\/wp-json\/wp\/v2\/media\/24679"}],"wp:attachment":[{"href":"https:\/\/kodointernational.com\/vi\/wp-json\/wp\/v2\/media?parent=7552"}],"wp:term":[{"taxonomy":"brand","embeddable":true,"href":"https:\/\/kodointernational.com\/vi\/wp-json\/wp\/v2\/etheme_brands?post=7552"},{"taxonomy":"product_cat","embeddable":true,"href":"https:\/\/kodointernational.com\/vi\/wp-json\/wp\/v2\/product_cat?post=7552"},{"taxonomy":"product_tag","embeddable":true,"href":"https:\/\/kodointernational.com\/vi\/wp-json\/wp\/v2\/product_tag?post=7552"},{"taxonomy":"scent-family","embeddable":true,"href":"https:\/\/kodointernational.com\/vi\/wp-json\/wp\/v2\/scent-family?post=7552"},{"taxonomy":"diffusion-area","embeddable":true,"href":"https:\/\/kodointernational.com\/vi\/wp-json\/wp\/v2\/diffusion-area?post=7552"},{"taxonomy":"scent-intensity","embeddable":true,"href":"https:\/\/kodointernational.com\/vi\/wp-json\/wp\/v2\/scent-intensity?post=7552"},{"taxonomy":"scent-recommendations","embeddable":true,"href":"https:\/\/kodointernational.com\/vi\/wp-json\/wp\/v2\/scent-recommendations?post=7552"},{"taxonomy":"scent-pyramid","embeddable":true,"href":"https:\/\/kodointernational.com\/vi\/wp-json\/wp\/v2\/scent-pyramid?post=7552"}],"curies":[{"name":"wp","href":"https:\/\/api.w.org\/{rel}","templated":true}]}}