{"id":7396,"date":"2023-02-28T03:00:56","date_gmt":"2023-02-28T03:00:56","guid":{"rendered":"http:\/\/18.143.89.174\/?post_type=product&#038;p=7396"},"modified":"2024-08-09T12:46:35","modified_gmt":"2024-08-09T05:46:35","slug":"mosquito-magic","status":"publish","type":"product","link":"https:\/\/kodointernational.com\/vi\/product\/mosquito-magic\/","title":{"rendered":"Mosquito Magic"},"content":{"rendered":"","protected":false},"excerpt":{"rendered":"<p><span style=\"font-weight: 400;\">Mosquito Magic, th\u00e0nh ph\u1ea7n k\u1ebft h\u1ee3p t\u1eeb c\u00e1c lo\u1ea1i th\u1ea3o m\u1ed9c ch\u1ed1ng mu\u1ed7i hi\u1ec7u qu\u1ea3 nh\u01b0: S\u1ea3, Khuynh di\u1ec7p, Tr\u00e0m, O\u1ea3i h\u01b0\u01a1ng,&#8230;Gi\u1ea3i ph\u00e1p \u0111u\u1ed5i mu\u1ed7i t\u1ed1t nh\u1ea5t cho gia \u0111\u00ecnh b\u1ea1n &#8211; 100% thi\u00ean nhi\u00ean an to\u00e0n v\u00e0 hi\u1ec7u qu\u1ea3 v\u00e0o m\u00f9a m\u01b0a.<\/span><\/p>\n","protected":false},"featured_media":24963,"comment_status":"open","ping_status":"closed","template":"","meta":[],"etheme_brands":[],"product_cat":[713],"product_tag":[],"scent-family":[],"diffusion-area":[],"scent-intensity":[151],"scent-recommendations":[],"scent-pyramid":[],"class_list":{"0":"post-7396","1":"product","2":"type-product","3":"status-publish","4":"has-post-thumbnail","6":"product_cat-tinh-dau-thien-nhien","7":"scent-intensity-vua","9":"first","10":"instock","11":"shipping-taxable","12":"product-type-simple"},"acf":[],"_links":{"self":[{"href":"https:\/\/kodointernational.com\/vi\/wp-json\/wp\/v2\/product\/7396","targetHints":{"allow":["GET"]}}],"collection":[{"href":"https:\/\/kodointernational.com\/vi\/wp-json\/wp\/v2\/product"}],"about":[{"href":"https:\/\/kodointernational.com\/vi\/wp-json\/wp\/v2\/types\/product"}],"replies":[{"embeddable":true,"href":"https:\/\/kodointernational.com\/vi\/wp-json\/wp\/v2\/comments?post=7396"}],"version-history":[{"count":0,"href":"https:\/\/kodointernational.com\/vi\/wp-json\/wp\/v2\/product\/7396\/revisions"}],"wp:featuredmedia":[{"embeddable":true,"href":"https:\/\/kodointernational.com\/vi\/wp-json\/wp\/v2\/media\/24963"}],"wp:attachment":[{"href":"https:\/\/kodointernational.com\/vi\/wp-json\/wp\/v2\/media?parent=7396"}],"wp:term":[{"taxonomy":"brand","embeddable":true,"href":"https:\/\/kodointernational.com\/vi\/wp-json\/wp\/v2\/etheme_brands?post=7396"},{"taxonomy":"product_cat","embeddable":true,"href":"https:\/\/kodointernational.com\/vi\/wp-json\/wp\/v2\/product_cat?post=7396"},{"taxonomy":"product_tag","embeddable":true,"href":"https:\/\/kodointernational.com\/vi\/wp-json\/wp\/v2\/product_tag?post=7396"},{"taxonomy":"scent-family","embeddable":true,"href":"https:\/\/kodointernational.com\/vi\/wp-json\/wp\/v2\/scent-family?post=7396"},{"taxonomy":"diffusion-area","embeddable":true,"href":"https:\/\/kodointernational.com\/vi\/wp-json\/wp\/v2\/diffusion-area?post=7396"},{"taxonomy":"scent-intensity","embeddable":true,"href":"https:\/\/kodointernational.com\/vi\/wp-json\/wp\/v2\/scent-intensity?post=7396"},{"taxonomy":"scent-recommendations","embeddable":true,"href":"https:\/\/kodointernational.com\/vi\/wp-json\/wp\/v2\/scent-recommendations?post=7396"},{"taxonomy":"scent-pyramid","embeddable":true,"href":"https:\/\/kodointernational.com\/vi\/wp-json\/wp\/v2\/scent-pyramid?post=7396"}],"curies":[{"name":"wp","href":"https:\/\/api.w.org\/{rel}","templated":true}]}}