{"id":7305,"date":"2023-02-27T17:40:33","date_gmt":"2023-02-27T10:40:33","guid":{"rendered":"http:\/\/18.143.89.174\/?post_type=product&#038;p=7305"},"modified":"2024-08-01T16:48:35","modified_gmt":"2024-08-01T09:48:35","slug":"morning-sunrise","status":"publish","type":"product","link":"https:\/\/kodointernational.com\/vi\/product\/morning-sunrise\/","title":{"rendered":"Morning Sunrise"},"content":{"rendered":"","protected":false},"excerpt":{"rendered":"<p><span style=\"font-size: 12pt;\">Tinh d\u1ea7u Morning Sunrise l\u00e0 s\u1ef1 k\u1ebft h\u1ee3p gi\u1eefa c\u00e1c n\u1ed1t h\u01b0\u01a1ng hoa v\u00e0 g\u1ed7 t\u1ea1o ra m\u1ed9t m\u00f9i h\u01b0\u01a1ng \u0111\u1ea7y quy\u1ebfn r\u0169 v\u00e0 tinh t\u1ebf. H\u01b0\u01a1ng \u0111\u1ea7u c\u1ee7a Blackcurrant v\u00e0 Mandarin t\u1ea1o ra s\u1ef1 t\u01b0\u01a1i m\u1edbi v\u00e0 tr\u00e0n \u0111\u1ea7y s\u1ee9c s\u1ed1ng, trong khi Magnolia v\u00e0 Peony th\u00eam v\u00e0o m\u1ed9t ch\u00fat n\u1eef t\u00ednh v\u00e0 ng\u1ecdt ng\u00e0o.<\/span><\/p>\n<div id=\"tango-element-highlighter\" style=\"--tango-highlighter-background-color: transparent; --tango-highlighter-color: #FF7442;\"><\/div>\n","protected":false},"featured_media":23948,"comment_status":"open","ping_status":"closed","template":"","meta":[],"etheme_brands":[],"product_cat":[100],"product_tag":[],"scent-family":[720],"diffusion-area":[],"scent-intensity":[152],"scent-recommendations":[163],"scent-pyramid":[],"class_list":{"0":"post-7305","1":"product","2":"type-product","3":"status-publish","4":"has-post-thumbnail","6":"product_cat-bo-suu-tap-black","7":"scent-family-fresh","8":"scent-intensity-manh","9":"scent-recommendations-cua-hang-thoi-trang","11":"first","12":"instock","13":"shipping-taxable","14":"purchasable","15":"product-type-simple"},"acf":[],"_links":{"self":[{"href":"https:\/\/kodointernational.com\/vi\/wp-json\/wp\/v2\/product\/7305","targetHints":{"allow":["GET"]}}],"collection":[{"href":"https:\/\/kodointernational.com\/vi\/wp-json\/wp\/v2\/product"}],"about":[{"href":"https:\/\/kodointernational.com\/vi\/wp-json\/wp\/v2\/types\/product"}],"replies":[{"embeddable":true,"href":"https:\/\/kodointernational.com\/vi\/wp-json\/wp\/v2\/comments?post=7305"}],"version-history":[{"count":0,"href":"https:\/\/kodointernational.com\/vi\/wp-json\/wp\/v2\/product\/7305\/revisions"}],"wp:featuredmedia":[{"embeddable":true,"href":"https:\/\/kodointernational.com\/vi\/wp-json\/wp\/v2\/media\/23948"}],"wp:attachment":[{"href":"https:\/\/kodointernational.com\/vi\/wp-json\/wp\/v2\/media?parent=7305"}],"wp:term":[{"taxonomy":"brand","embeddable":true,"href":"https:\/\/kodointernational.com\/vi\/wp-json\/wp\/v2\/etheme_brands?post=7305"},{"taxonomy":"product_cat","embeddable":true,"href":"https:\/\/kodointernational.com\/vi\/wp-json\/wp\/v2\/product_cat?post=7305"},{"taxonomy":"product_tag","embeddable":true,"href":"https:\/\/kodointernational.com\/vi\/wp-json\/wp\/v2\/product_tag?post=7305"},{"taxonomy":"scent-family","embeddable":true,"href":"https:\/\/kodointernational.com\/vi\/wp-json\/wp\/v2\/scent-family?post=7305"},{"taxonomy":"diffusion-area","embeddable":true,"href":"https:\/\/kodointernational.com\/vi\/wp-json\/wp\/v2\/diffusion-area?post=7305"},{"taxonomy":"scent-intensity","embeddable":true,"href":"https:\/\/kodointernational.com\/vi\/wp-json\/wp\/v2\/scent-intensity?post=7305"},{"taxonomy":"scent-recommendations","embeddable":true,"href":"https:\/\/kodointernational.com\/vi\/wp-json\/wp\/v2\/scent-recommendations?post=7305"},{"taxonomy":"scent-pyramid","embeddable":true,"href":"https:\/\/kodointernational.com\/vi\/wp-json\/wp\/v2\/scent-pyramid?post=7305"}],"curies":[{"name":"wp","href":"https:\/\/api.w.org\/{rel}","templated":true}]}}