{"id":7189,"date":"2023-02-27T16:55:29","date_gmt":"2023-02-27T09:55:29","guid":{"rendered":"http:\/\/18.143.89.174\/?post_type=product&#038;p=7189"},"modified":"2024-08-02T16:33:50","modified_gmt":"2024-08-02T09:33:50","slug":"the-park","status":"publish","type":"product","link":"https:\/\/kodointernational.com\/vi\/product\/the-park\/","title":{"rendered":"The Park"},"content":{"rendered":"<p>&nbsp;<\/p>\n<div id=\"tango-element-highlighter\" style=\"--tango-highlighter-background-color: transparent; --tango-highlighter-color: #FF7442;\"><\/div>\n","protected":false},"excerpt":{"rendered":"<p style=\"text-align: justify;\"><span style=\"font-size: 12pt;\">H\u01b0\u01a1ng \u0111\u1ea7u c\u1ee7a Hoa ti\u00ean \u00f4ng v\u00e0 chanh mang \u0111\u1ebfn c\u1ea3m gi\u00e1c s\u1ea3ng kho\u00e1i v\u00e0 t\u01b0\u01a1i m\u1edbi, gi\u00fap tinh th\u1ea7n b\u1ea1n tr\u1edf n\u00ean s\u1ea3ng kho\u00e1i v\u00e0 t\u1ec9nh t\u00e1o. H\u01b0\u01a1ng gi\u1eefa c\u1ee7a hoa nh\u00e0i t\u1ea1o ra s\u1ef1 quy\u1ebfn r\u0169, tinh t\u1ebf v\u00e0 \u0111\u1ea7y b\u1ea3n s\u1eafc. T\u1ea7ng cu\u1ed1i c\u00e2y tuy\u1ebft t\u00f9ng t\u1ea1o ra m\u1ed9t c\u1ea3m gi\u00e1c g\u1ea7n g\u0169i v\u00e0 \u1ea5m c\u00fang.<\/span><\/p>\n<div id=\"tango-element-highlighter\" style=\"--tango-highlighter-background-color: transparent; --tango-highlighter-color: #FF7442; text-align: justify;\"><\/div>\n","protected":false},"featured_media":24700,"comment_status":"open","ping_status":"closed","template":"","meta":[],"etheme_brands":[],"product_cat":[99],"product_tag":[],"scent-family":[725],"diffusion-area":[],"scent-intensity":[151],"scent-recommendations":[],"scent-pyramid":[],"class_list":{"0":"post-7189","1":"product","2":"type-product","3":"status-publish","4":"has-post-thumbnail","6":"product_cat-bo-suu-tap-luxury","7":"scent-family-unisex","8":"scent-intensity-vua","10":"first","11":"instock","12":"shipping-taxable","13":"purchasable","14":"product-type-simple"},"acf":[],"_links":{"self":[{"href":"https:\/\/kodointernational.com\/vi\/wp-json\/wp\/v2\/product\/7189","targetHints":{"allow":["GET"]}}],"collection":[{"href":"https:\/\/kodointernational.com\/vi\/wp-json\/wp\/v2\/product"}],"about":[{"href":"https:\/\/kodointernational.com\/vi\/wp-json\/wp\/v2\/types\/product"}],"replies":[{"embeddable":true,"href":"https:\/\/kodointernational.com\/vi\/wp-json\/wp\/v2\/comments?post=7189"}],"version-history":[{"count":0,"href":"https:\/\/kodointernational.com\/vi\/wp-json\/wp\/v2\/product\/7189\/revisions"}],"wp:featuredmedia":[{"embeddable":true,"href":"https:\/\/kodointernational.com\/vi\/wp-json\/wp\/v2\/media\/24700"}],"wp:attachment":[{"href":"https:\/\/kodointernational.com\/vi\/wp-json\/wp\/v2\/media?parent=7189"}],"wp:term":[{"taxonomy":"brand","embeddable":true,"href":"https:\/\/kodointernational.com\/vi\/wp-json\/wp\/v2\/etheme_brands?post=7189"},{"taxonomy":"product_cat","embeddable":true,"href":"https:\/\/kodointernational.com\/vi\/wp-json\/wp\/v2\/product_cat?post=7189"},{"taxonomy":"product_tag","embeddable":true,"href":"https:\/\/kodointernational.com\/vi\/wp-json\/wp\/v2\/product_tag?post=7189"},{"taxonomy":"scent-family","embeddable":true,"href":"https:\/\/kodointernational.com\/vi\/wp-json\/wp\/v2\/scent-family?post=7189"},{"taxonomy":"diffusion-area","embeddable":true,"href":"https:\/\/kodointernational.com\/vi\/wp-json\/wp\/v2\/diffusion-area?post=7189"},{"taxonomy":"scent-intensity","embeddable":true,"href":"https:\/\/kodointernational.com\/vi\/wp-json\/wp\/v2\/scent-intensity?post=7189"},{"taxonomy":"scent-recommendations","embeddable":true,"href":"https:\/\/kodointernational.com\/vi\/wp-json\/wp\/v2\/scent-recommendations?post=7189"},{"taxonomy":"scent-pyramid","embeddable":true,"href":"https:\/\/kodointernational.com\/vi\/wp-json\/wp\/v2\/scent-pyramid?post=7189"}],"curies":[{"name":"wp","href":"https:\/\/api.w.org\/{rel}","templated":true}]}}