{"id":7158,"date":"2023-02-27T16:48:50","date_gmt":"2023-02-27T09:48:50","guid":{"rendered":"http:\/\/18.143.89.174\/?post_type=product&#038;p=7158"},"modified":"2024-08-02T14:44:18","modified_gmt":"2024-08-02T07:44:18","slug":"wood-sage-sea-salt","status":"publish","type":"product","link":"https:\/\/kodointernational.com\/vi\/product\/wood-sage-sea-salt\/","title":{"rendered":"Wood Sage &amp; Sea Salt"},"content":{"rendered":"<p>&nbsp;<\/p>\n<div id=\"tango-element-highlighter\" style=\"--tango-highlighter-background-color: transparent; --tango-highlighter-color: #FF7442;\"><\/div>\n","protected":false},"excerpt":{"rendered":"<p style=\"text-align: justify;\"><span style=\"font-size: 12pt;\">Note h\u01b0\u01a1ng \u0111\u1ea7u mang \u0111\u1ebfn m\u1ed9t c\u1ea3m gi\u00e1c t\u01b0\u01a1i m\u1edbi v\u00e0 s\u1ea3ng kho\u00e1i, n\u0103ng \u0111\u1ed9ng. H\u01b0\u01a1ng gi\u1eefa t\u1ea1o ra s\u1ef1 \u1ea5m \u00e1p, n\u1ed3ng n\u00e0n v\u00e0 quy\u1ebfn r\u0169. C\u1ea3 hai h\u01b0\u01a1ng th\u01a1m n\u00e0y k\u1ebft h\u1ee3p v\u1edbi nhau \u0111\u1ec3 t\u1ea1o ra m\u1ed9t h\u01b0\u01a1ng th\u01a1m ho\u00e0n h\u1ea3o gi\u1eefa s\u1ef1 t\u01b0\u01a1i m\u00e1t v\u00e0 n\u1ed3ng n\u00e0n. H\u01b0\u01a1ng cu\u1ed1i th\u01a1m mang l\u1ea1i s\u1ef1 \u1ea5m \u00e1p, \u0111\u1ea7y b\u1ea3n s\u1eafc.<\/span><\/p>\n<div id=\"tango-element-highlighter\" style=\"--tango-highlighter-background-color: transparent; --tango-highlighter-color: #FF7442; text-align: justify;\"><\/div>\n","protected":false},"featured_media":24509,"comment_status":"open","ping_status":"closed","template":"","meta":[],"etheme_brands":[],"product_cat":[98],"product_tag":[],"scent-family":[720],"diffusion-area":[],"scent-intensity":[150],"scent-recommendations":[167,163,166,160],"scent-pyramid":[],"class_list":{"0":"post-7158","1":"product","2":"type-product","3":"status-publish","4":"has-post-thumbnail","6":"product_cat-bo-suu-tap-signature","7":"scent-family-fresh","8":"scent-intensity-nhe","9":"scent-recommendations-benh-vien","10":"scent-recommendations-cua-hang-thoi-trang","11":"scent-recommendations-phong-the-duc","12":"scent-recommendations-van-phong","14":"first","15":"instock","16":"shipping-taxable","17":"purchasable","18":"product-type-simple"},"acf":[],"_links":{"self":[{"href":"https:\/\/kodointernational.com\/vi\/wp-json\/wp\/v2\/product\/7158","targetHints":{"allow":["GET"]}}],"collection":[{"href":"https:\/\/kodointernational.com\/vi\/wp-json\/wp\/v2\/product"}],"about":[{"href":"https:\/\/kodointernational.com\/vi\/wp-json\/wp\/v2\/types\/product"}],"replies":[{"embeddable":true,"href":"https:\/\/kodointernational.com\/vi\/wp-json\/wp\/v2\/comments?post=7158"}],"version-history":[{"count":0,"href":"https:\/\/kodointernational.com\/vi\/wp-json\/wp\/v2\/product\/7158\/revisions"}],"wp:featuredmedia":[{"embeddable":true,"href":"https:\/\/kodointernational.com\/vi\/wp-json\/wp\/v2\/media\/24509"}],"wp:attachment":[{"href":"https:\/\/kodointernational.com\/vi\/wp-json\/wp\/v2\/media?parent=7158"}],"wp:term":[{"taxonomy":"brand","embeddable":true,"href":"https:\/\/kodointernational.com\/vi\/wp-json\/wp\/v2\/etheme_brands?post=7158"},{"taxonomy":"product_cat","embeddable":true,"href":"https:\/\/kodointernational.com\/vi\/wp-json\/wp\/v2\/product_cat?post=7158"},{"taxonomy":"product_tag","embeddable":true,"href":"https:\/\/kodointernational.com\/vi\/wp-json\/wp\/v2\/product_tag?post=7158"},{"taxonomy":"scent-family","embeddable":true,"href":"https:\/\/kodointernational.com\/vi\/wp-json\/wp\/v2\/scent-family?post=7158"},{"taxonomy":"diffusion-area","embeddable":true,"href":"https:\/\/kodointernational.com\/vi\/wp-json\/wp\/v2\/diffusion-area?post=7158"},{"taxonomy":"scent-intensity","embeddable":true,"href":"https:\/\/kodointernational.com\/vi\/wp-json\/wp\/v2\/scent-intensity?post=7158"},{"taxonomy":"scent-recommendations","embeddable":true,"href":"https:\/\/kodointernational.com\/vi\/wp-json\/wp\/v2\/scent-recommendations?post=7158"},{"taxonomy":"scent-pyramid","embeddable":true,"href":"https:\/\/kodointernational.com\/vi\/wp-json\/wp\/v2\/scent-pyramid?post=7158"}],"curies":[{"name":"wp","href":"https:\/\/api.w.org\/{rel}","templated":true}]}}