{"id":7103,"date":"2023-02-27T16:33:43","date_gmt":"2023-02-27T09:33:43","guid":{"rendered":"http:\/\/18.143.89.174\/?post_type=product&#038;p=7103"},"modified":"2024-08-02T14:47:55","modified_gmt":"2024-08-02T07:47:55","slug":"oud-agarwood-bergamot","status":"publish","type":"product","link":"https:\/\/kodointernational.com\/vi\/product\/oud-agarwood-bergamot\/","title":{"rendered":"Oud (Agarwood) &amp; Bergamot"},"content":{"rendered":"<p>&nbsp;<\/p>\n<div id=\"tango-element-highlighter\" style=\"--tango-highlighter-background-color: transparent; --tango-highlighter-color: #FF7442;\"><\/div>\n","protected":false},"excerpt":{"rendered":"<p style=\"text-align: justify;\"><span style=\"font-size: 12pt;\">Oud &amp; Bergamot lo\u1ea1i tinh d\u1ea7u khi\u1ebfn nhi\u1ec1u kh\u00e1ch h\u00e0ng ph\u1ea3i l\u00f2ng&#8221; b\u1edfi h\u01b0\u01a1ng th\u01a1m \u0111\u1eb7c bi\u1ec7t. H\u01b0\u01a1ng th\u01a1m mang l\u1ea1i s\u1ef1 t\u01b0\u01a1i m\u00e1t, ng\u1ecdt ng\u00e0o v\u00e0 c\u00f3 m\u1ed9t ch\u00fat m\u1ed9c m\u1ea1c c\u1ee7a h\u01b0\u01a1ng g\u1ed7.<\/span><\/p>\n","protected":false},"featured_media":24526,"comment_status":"open","ping_status":"closed","template":"","meta":[],"etheme_brands":[],"product_cat":[98],"product_tag":[],"scent-family":[723],"diffusion-area":[],"scent-intensity":[150],"scent-recommendations":[716,163,165],"scent-pyramid":[],"class_list":{"0":"post-7103","1":"product","2":"type-product","3":"status-publish","4":"has-post-thumbnail","6":"product_cat-bo-suu-tap-signature","7":"scent-family-woody","8":"scent-intensity-nhe","9":"scent-recommendations-bar","10":"scent-recommendations-cua-hang-thoi-trang","11":"scent-recommendations-spa","13":"first","14":"instock","15":"shipping-taxable","16":"purchasable","17":"product-type-simple"},"acf":[],"_links":{"self":[{"href":"https:\/\/kodointernational.com\/vi\/wp-json\/wp\/v2\/product\/7103","targetHints":{"allow":["GET"]}}],"collection":[{"href":"https:\/\/kodointernational.com\/vi\/wp-json\/wp\/v2\/product"}],"about":[{"href":"https:\/\/kodointernational.com\/vi\/wp-json\/wp\/v2\/types\/product"}],"replies":[{"embeddable":true,"href":"https:\/\/kodointernational.com\/vi\/wp-json\/wp\/v2\/comments?post=7103"}],"version-history":[{"count":0,"href":"https:\/\/kodointernational.com\/vi\/wp-json\/wp\/v2\/product\/7103\/revisions"}],"wp:featuredmedia":[{"embeddable":true,"href":"https:\/\/kodointernational.com\/vi\/wp-json\/wp\/v2\/media\/24526"}],"wp:attachment":[{"href":"https:\/\/kodointernational.com\/vi\/wp-json\/wp\/v2\/media?parent=7103"}],"wp:term":[{"taxonomy":"brand","embeddable":true,"href":"https:\/\/kodointernational.com\/vi\/wp-json\/wp\/v2\/etheme_brands?post=7103"},{"taxonomy":"product_cat","embeddable":true,"href":"https:\/\/kodointernational.com\/vi\/wp-json\/wp\/v2\/product_cat?post=7103"},{"taxonomy":"product_tag","embeddable":true,"href":"https:\/\/kodointernational.com\/vi\/wp-json\/wp\/v2\/product_tag?post=7103"},{"taxonomy":"scent-family","embeddable":true,"href":"https:\/\/kodointernational.com\/vi\/wp-json\/wp\/v2\/scent-family?post=7103"},{"taxonomy":"diffusion-area","embeddable":true,"href":"https:\/\/kodointernational.com\/vi\/wp-json\/wp\/v2\/diffusion-area?post=7103"},{"taxonomy":"scent-intensity","embeddable":true,"href":"https:\/\/kodointernational.com\/vi\/wp-json\/wp\/v2\/scent-intensity?post=7103"},{"taxonomy":"scent-recommendations","embeddable":true,"href":"https:\/\/kodointernational.com\/vi\/wp-json\/wp\/v2\/scent-recommendations?post=7103"},{"taxonomy":"scent-pyramid","embeddable":true,"href":"https:\/\/kodointernational.com\/vi\/wp-json\/wp\/v2\/scent-pyramid?post=7103"}],"curies":[{"name":"wp","href":"https:\/\/api.w.org\/{rel}","templated":true}]}}