{"id":7024,"date":"2023-02-27T15:54:36","date_gmt":"2023-02-27T08:54:36","guid":{"rendered":"http:\/\/18.143.89.174\/?post_type=product&#038;p=7024"},"modified":"2024-08-01T17:38:35","modified_gmt":"2024-08-01T10:38:35","slug":"white-tea-thyme","status":"publish","type":"product","link":"https:\/\/kodointernational.com\/vi\/product\/white-tea-thyme\/","title":{"rendered":"White Tea &amp; Thyme"},"content":{"rendered":"<p>&nbsp;<\/p>\n<div id=\"tango-element-highlighter\" style=\"--tango-highlighter-background-color: transparent; --tango-highlighter-color: #FF7442; width: 496px; height: 76px;\"><\/div>\n","protected":false},"excerpt":{"rendered":"<p><span style=\"font-size: 12pt;\">Tinh d\u1ea7u White Tea &amp; Thyme c\u00f3 h\u01b0\u01a1ng \u0111\u1ea7u l\u00e0 L\u00e1 qu\u00e9 v\u00e0 hoa nh\u00e0i mang l\u1ea1i m\u1ed9t h\u01b0\u01a1ng th\u01a1m \u1ea5m \u00e1p v\u00e0 quy\u1ebfn r\u0169, v\u1edbi m\u1ed9t ch\u00fat m\u00f9i ng\u1ecdt ng\u00e0o v\u00e0 cay c\u1ee7a cinnamon v\u00e0 h\u01b0\u01a1ng th\u01a1m \u0111\u1ea7y quy\u1ebfn r\u0169 c\u1ee7a Jasmine.H\u01b0\u01a1ng gi\u1eefa c\u1ee7a Hoa phong l\u1eef, l\u00e1 chanh mang l\u1ea1i m\u1ed9t s\u1ef1 k\u1ebft h\u1ee3p \u0111\u1ed9c \u0111\u00e1o v\u00e0 tinh t\u1ebf.<\/span><\/p>\n","protected":false},"featured_media":24034,"comment_status":"open","ping_status":"closed","template":"","meta":[],"etheme_brands":[],"product_cat":[97],"product_tag":[],"scent-family":[726],"diffusion-area":[],"scent-intensity":[151],"scent-recommendations":[164,166],"scent-pyramid":[],"class_list":{"0":"post-7024","1":"product","2":"type-product","3":"status-publish","4":"has-post-thumbnail","6":"product_cat-bo-suu-tap-classic","7":"scent-family-soft","8":"scent-intensity-vua","9":"scent-recommendations-ngan-hang","10":"scent-recommendations-phong-the-duc","12":"first","13":"instock","14":"featured","15":"shipping-taxable","16":"purchasable","17":"product-type-simple"},"acf":[],"_links":{"self":[{"href":"https:\/\/kodointernational.com\/vi\/wp-json\/wp\/v2\/product\/7024","targetHints":{"allow":["GET"]}}],"collection":[{"href":"https:\/\/kodointernational.com\/vi\/wp-json\/wp\/v2\/product"}],"about":[{"href":"https:\/\/kodointernational.com\/vi\/wp-json\/wp\/v2\/types\/product"}],"replies":[{"embeddable":true,"href":"https:\/\/kodointernational.com\/vi\/wp-json\/wp\/v2\/comments?post=7024"}],"version-history":[{"count":0,"href":"https:\/\/kodointernational.com\/vi\/wp-json\/wp\/v2\/product\/7024\/revisions"}],"wp:featuredmedia":[{"embeddable":true,"href":"https:\/\/kodointernational.com\/vi\/wp-json\/wp\/v2\/media\/24034"}],"wp:attachment":[{"href":"https:\/\/kodointernational.com\/vi\/wp-json\/wp\/v2\/media?parent=7024"}],"wp:term":[{"taxonomy":"brand","embeddable":true,"href":"https:\/\/kodointernational.com\/vi\/wp-json\/wp\/v2\/etheme_brands?post=7024"},{"taxonomy":"product_cat","embeddable":true,"href":"https:\/\/kodointernational.com\/vi\/wp-json\/wp\/v2\/product_cat?post=7024"},{"taxonomy":"product_tag","embeddable":true,"href":"https:\/\/kodointernational.com\/vi\/wp-json\/wp\/v2\/product_tag?post=7024"},{"taxonomy":"scent-family","embeddable":true,"href":"https:\/\/kodointernational.com\/vi\/wp-json\/wp\/v2\/scent-family?post=7024"},{"taxonomy":"diffusion-area","embeddable":true,"href":"https:\/\/kodointernational.com\/vi\/wp-json\/wp\/v2\/diffusion-area?post=7024"},{"taxonomy":"scent-intensity","embeddable":true,"href":"https:\/\/kodointernational.com\/vi\/wp-json\/wp\/v2\/scent-intensity?post=7024"},{"taxonomy":"scent-recommendations","embeddable":true,"href":"https:\/\/kodointernational.com\/vi\/wp-json\/wp\/v2\/scent-recommendations?post=7024"},{"taxonomy":"scent-pyramid","embeddable":true,"href":"https:\/\/kodointernational.com\/vi\/wp-json\/wp\/v2\/scent-pyramid?post=7024"}],"curies":[{"name":"wp","href":"https:\/\/api.w.org\/{rel}","templated":true}]}}