{"id":7001,"date":"2023-02-27T15:46:41","date_gmt":"2023-02-27T08:46:41","guid":{"rendered":"http:\/\/18.143.89.174\/?post_type=product&#038;p=7001"},"modified":"2024-08-01T17:45:42","modified_gmt":"2024-08-01T10:45:42","slug":"white-tea","status":"publish","type":"product","link":"https:\/\/kodointernational.com\/vi\/product\/white-tea\/","title":{"rendered":"White Tea"},"content":{"rendered":"<p>&nbsp;<\/p>\n<div id=\"tango-element-highlighter\" style=\"--tango-highlighter-background-color: transparent; --tango-highlighter-color: #FF7442; width: 496px; height: 76px;\"><\/div>\n","protected":false},"excerpt":{"rendered":"<p style=\"text-align: justify;\"><span style=\"font-size: 12pt;\">Tinh d\u1ea7u White Tea \u0111em t\u1edbi s\u1ef1 thu\u1ea7n khi\u1ebft, ng\u1ecdt ng\u00e0o m\u00e0 v\u00f4 c\u00f9ng tinh t\u1ebf. H\u01b0\u01a1ng \u0111\u1ea7u mang \u0111\u1ebfn s\u1ef1 t\u01b0\u01a1i m\u00e1t, d\u1ec5 ch\u1ecbu c\u1ee7a Citrus Lemon. Ti\u1ebfp \u0111\u1ebfn l\u00e0 h\u01b0\u01a1ng th\u01a1m n\u1ed3ng n\u00e0n, thu h\u00fat c\u1ee7a h\u01b0\u01a1ng gi\u1eefa Floral Rose. V\u00e0 cu\u1ed1i c\u00f9ng, \u0111\u1ec3 l\u1ea1i \u1ea5n t\u01b0\u1ee3ng nhi\u1ec1u nh\u1ea5t l\u00e0 h\u01b0\u01a1ng cu\u1ed1i \u1ea5m \u00e1p, s\u00e2u l\u1eafng c\u1ee7a Woody.<\/span><\/p>\n<div id=\"tango-element-highlighter\" style=\"--tango-highlighter-background-color: transparent; --tango-highlighter-color: #FF7442;\"><\/div>\n","protected":false},"featured_media":24050,"comment_status":"open","ping_status":"closed","template":"","meta":[],"etheme_brands":[],"product_cat":[97],"product_tag":[],"scent-family":[726],"diffusion-area":[],"scent-intensity":[150],"scent-recommendations":[163,164,166,165],"scent-pyramid":[],"class_list":{"0":"post-7001","1":"product","2":"type-product","3":"status-publish","4":"has-post-thumbnail","6":"product_cat-bo-suu-tap-classic","7":"scent-family-soft","8":"scent-intensity-nhe","9":"scent-recommendations-cua-hang-thoi-trang","10":"scent-recommendations-ngan-hang","11":"scent-recommendations-phong-the-duc","12":"scent-recommendations-spa","14":"first","15":"instock","16":"shipping-taxable","17":"purchasable","18":"product-type-simple"},"acf":[],"_links":{"self":[{"href":"https:\/\/kodointernational.com\/vi\/wp-json\/wp\/v2\/product\/7001","targetHints":{"allow":["GET"]}}],"collection":[{"href":"https:\/\/kodointernational.com\/vi\/wp-json\/wp\/v2\/product"}],"about":[{"href":"https:\/\/kodointernational.com\/vi\/wp-json\/wp\/v2\/types\/product"}],"replies":[{"embeddable":true,"href":"https:\/\/kodointernational.com\/vi\/wp-json\/wp\/v2\/comments?post=7001"}],"version-history":[{"count":0,"href":"https:\/\/kodointernational.com\/vi\/wp-json\/wp\/v2\/product\/7001\/revisions"}],"wp:featuredmedia":[{"embeddable":true,"href":"https:\/\/kodointernational.com\/vi\/wp-json\/wp\/v2\/media\/24050"}],"wp:attachment":[{"href":"https:\/\/kodointernational.com\/vi\/wp-json\/wp\/v2\/media?parent=7001"}],"wp:term":[{"taxonomy":"brand","embeddable":true,"href":"https:\/\/kodointernational.com\/vi\/wp-json\/wp\/v2\/etheme_brands?post=7001"},{"taxonomy":"product_cat","embeddable":true,"href":"https:\/\/kodointernational.com\/vi\/wp-json\/wp\/v2\/product_cat?post=7001"},{"taxonomy":"product_tag","embeddable":true,"href":"https:\/\/kodointernational.com\/vi\/wp-json\/wp\/v2\/product_tag?post=7001"},{"taxonomy":"scent-family","embeddable":true,"href":"https:\/\/kodointernational.com\/vi\/wp-json\/wp\/v2\/scent-family?post=7001"},{"taxonomy":"diffusion-area","embeddable":true,"href":"https:\/\/kodointernational.com\/vi\/wp-json\/wp\/v2\/diffusion-area?post=7001"},{"taxonomy":"scent-intensity","embeddable":true,"href":"https:\/\/kodointernational.com\/vi\/wp-json\/wp\/v2\/scent-intensity?post=7001"},{"taxonomy":"scent-recommendations","embeddable":true,"href":"https:\/\/kodointernational.com\/vi\/wp-json\/wp\/v2\/scent-recommendations?post=7001"},{"taxonomy":"scent-pyramid","embeddable":true,"href":"https:\/\/kodointernational.com\/vi\/wp-json\/wp\/v2\/scent-pyramid?post=7001"}],"curies":[{"name":"wp","href":"https:\/\/api.w.org\/{rel}","templated":true}]}}