{"id":6958,"date":"2023-02-27T15:13:15","date_gmt":"2023-02-27T08:13:15","guid":{"rendered":"http:\/\/18.143.89.174\/?post_type=product&#038;p=6958"},"modified":"2024-08-01T17:49:52","modified_gmt":"2024-08-01T10:49:52","slug":"white-rose","status":"publish","type":"product","link":"https:\/\/kodointernational.com\/vi\/product\/white-rose\/","title":{"rendered":"White Rose"},"content":{"rendered":"<p>&nbsp;<\/p>\n<div id=\"tango-element-highlighter\" style=\"--tango-highlighter-background-color: transparent; --tango-highlighter-color: #FF7442; width: 496px; height: 76px;\"><\/div>\n","protected":false},"excerpt":{"rendered":"<p style=\"text-align: justify;\"><span style=\"font-size: 12pt;\">White Rose mang h\u01b0\u01a1ng th\u01a1m quy\u1ebfn r\u0169, n\u1ed3ng n\u00e0n nh\u01b0 mu\u1ed1n n\u00edu ch\u00e2n nh\u1eefng v\u1ecb kh\u00e1ch qu\u00fd ph\u00e1i, th\u01b0\u1ee3ng l\u01b0u. Tinh d\u1ea7u s\u1edf h\u1eefu ba t\u1ea7ng h\u01b0\u01a1ng \u0111\u1ed9c \u0111\u00e1o v\u1edbi h\u01b0\u01a1ng \u0111\u1ea7u t\u01b0\u01a1i m\u00e1t, tr\u00e0n \u0111\u1ea7y s\u1ee9c s\u1ed1ng. Ti\u1ebfp \u0111\u1ebfn l\u00e0 h\u01b0\u01a1ng gi\u1eefa c\u00f3 s\u1ee9c h\u00fat m\u00e3nh li\u1ec7t b\u1edfi s\u1ef1 n\u1ed3ng n\u00e0n, quy\u1ebfn r\u0169 c\u1ee7a Rose Floral. H\u01b0\u01a1ng cu\u1ed1i \u0111\u1ea7y \u1ea5m \u00e1p.<\/span><\/p>\n","protected":false},"featured_media":24072,"comment_status":"open","ping_status":"closed","template":"","meta":[],"etheme_brands":[],"product_cat":[97],"product_tag":[],"scent-family":[717],"diffusion-area":[],"scent-intensity":[152],"scent-recommendations":[161],"scent-pyramid":[],"class_list":{"0":"post-6958","1":"product","2":"type-product","3":"status-publish","4":"has-post-thumbnail","6":"product_cat-bo-suu-tap-classic","7":"scent-family-floral","8":"scent-intensity-manh","9":"scent-recommendations-trung-tam-mua-sam","11":"first","12":"instock","13":"shipping-taxable","14":"purchasable","15":"product-type-simple"},"acf":[],"_links":{"self":[{"href":"https:\/\/kodointernational.com\/vi\/wp-json\/wp\/v2\/product\/6958","targetHints":{"allow":["GET"]}}],"collection":[{"href":"https:\/\/kodointernational.com\/vi\/wp-json\/wp\/v2\/product"}],"about":[{"href":"https:\/\/kodointernational.com\/vi\/wp-json\/wp\/v2\/types\/product"}],"replies":[{"embeddable":true,"href":"https:\/\/kodointernational.com\/vi\/wp-json\/wp\/v2\/comments?post=6958"}],"version-history":[{"count":0,"href":"https:\/\/kodointernational.com\/vi\/wp-json\/wp\/v2\/product\/6958\/revisions"}],"wp:featuredmedia":[{"embeddable":true,"href":"https:\/\/kodointernational.com\/vi\/wp-json\/wp\/v2\/media\/24072"}],"wp:attachment":[{"href":"https:\/\/kodointernational.com\/vi\/wp-json\/wp\/v2\/media?parent=6958"}],"wp:term":[{"taxonomy":"brand","embeddable":true,"href":"https:\/\/kodointernational.com\/vi\/wp-json\/wp\/v2\/etheme_brands?post=6958"},{"taxonomy":"product_cat","embeddable":true,"href":"https:\/\/kodointernational.com\/vi\/wp-json\/wp\/v2\/product_cat?post=6958"},{"taxonomy":"product_tag","embeddable":true,"href":"https:\/\/kodointernational.com\/vi\/wp-json\/wp\/v2\/product_tag?post=6958"},{"taxonomy":"scent-family","embeddable":true,"href":"https:\/\/kodointernational.com\/vi\/wp-json\/wp\/v2\/scent-family?post=6958"},{"taxonomy":"diffusion-area","embeddable":true,"href":"https:\/\/kodointernational.com\/vi\/wp-json\/wp\/v2\/diffusion-area?post=6958"},{"taxonomy":"scent-intensity","embeddable":true,"href":"https:\/\/kodointernational.com\/vi\/wp-json\/wp\/v2\/scent-intensity?post=6958"},{"taxonomy":"scent-recommendations","embeddable":true,"href":"https:\/\/kodointernational.com\/vi\/wp-json\/wp\/v2\/scent-recommendations?post=6958"},{"taxonomy":"scent-pyramid","embeddable":true,"href":"https:\/\/kodointernational.com\/vi\/wp-json\/wp\/v2\/scent-pyramid?post=6958"}],"curies":[{"name":"wp","href":"https:\/\/api.w.org\/{rel}","templated":true}]}}