{"id":6909,"date":"2023-02-27T14:58:41","date_gmt":"2023-02-27T07:58:41","guid":{"rendered":"http:\/\/18.143.89.174\/?post_type=product&#038;p=6909"},"modified":"2024-08-01T18:21:11","modified_gmt":"2024-08-01T11:21:11","slug":"tea-garden","status":"publish","type":"product","link":"https:\/\/kodointernational.com\/vi\/product\/tea-garden\/","title":{"rendered":"Tea Garden"},"content":{"rendered":"<p>&nbsp;<\/p>\n<div id=\"tango-element-highlighter\" style=\"--tango-highlighter-background-color: transparent; --tango-highlighter-color: #FF7442; width: 496px; height: 76px;\"><\/div>\n","protected":false},"excerpt":{"rendered":"<p style=\"text-align: justify;\"><span style=\"font-size: 12pt;\">Tinh d\u1ea7u Tea Garden<\/span><span style=\"font-size: 12pt;\"> mang l\u1ea1i s\u1ef1 s\u1ea3ng kho\u00e1i v\u00e0 thanh khi\u1ebft, gi\u00fap b\u1ea1n c\u00f3 c\u1ea3m gi\u00e1c t\u01b0\u01a1i m\u1edbi v\u00e0 b\u00ecnh y\u00ean. Ngo\u00e0i ra c\u00f2n \u0111em l\u1ea1i<\/span><span style=\"font-size: 12pt;\"> s\u1ef1 ng\u1ecdt ng\u00e0o v\u00e0 n\u1ed3ng n\u00e0n. H\u01b0\u01a1ng th\u01a1m c\u00f3 th\u1ec3 k\u00edch th\u00edch c\u1ea3m x\u00fac v\u00e0 mang \u0111\u1ebfn c\u1ea3m gi\u00e1c th\u01b0 gi\u00e3n, gi\u00fap b\u1ea1n c\u1ea3m th\u1ea5y tho\u1ea3i m\u00e1i v\u00e0 b\u00ecnh y\u00ean.<\/span><\/p>\n<div id=\"tango-element-highlighter\" style=\"--tango-highlighter-background-color: transparent; --tango-highlighter-color: #FF7442;\"><\/div>\n","protected":false},"featured_media":24175,"comment_status":"open","ping_status":"closed","template":"","meta":[],"etheme_brands":[],"product_cat":[97],"product_tag":[],"scent-family":[726],"diffusion-area":[],"scent-intensity":[151],"scent-recommendations":[167,286],"scent-pyramid":[],"class_list":{"0":"post-6909","1":"product","2":"type-product","3":"status-publish","4":"has-post-thumbnail","6":"product_cat-bo-suu-tap-classic","7":"scent-family-soft","8":"scent-intensity-vua","9":"scent-recommendations-benh-vien","10":"scent-recommendations-nha-hang","12":"first","13":"instock","14":"shipping-taxable","15":"purchasable","16":"product-type-simple"},"acf":[],"_links":{"self":[{"href":"https:\/\/kodointernational.com\/vi\/wp-json\/wp\/v2\/product\/6909","targetHints":{"allow":["GET"]}}],"collection":[{"href":"https:\/\/kodointernational.com\/vi\/wp-json\/wp\/v2\/product"}],"about":[{"href":"https:\/\/kodointernational.com\/vi\/wp-json\/wp\/v2\/types\/product"}],"replies":[{"embeddable":true,"href":"https:\/\/kodointernational.com\/vi\/wp-json\/wp\/v2\/comments?post=6909"}],"version-history":[{"count":0,"href":"https:\/\/kodointernational.com\/vi\/wp-json\/wp\/v2\/product\/6909\/revisions"}],"wp:featuredmedia":[{"embeddable":true,"href":"https:\/\/kodointernational.com\/vi\/wp-json\/wp\/v2\/media\/24175"}],"wp:attachment":[{"href":"https:\/\/kodointernational.com\/vi\/wp-json\/wp\/v2\/media?parent=6909"}],"wp:term":[{"taxonomy":"brand","embeddable":true,"href":"https:\/\/kodointernational.com\/vi\/wp-json\/wp\/v2\/etheme_brands?post=6909"},{"taxonomy":"product_cat","embeddable":true,"href":"https:\/\/kodointernational.com\/vi\/wp-json\/wp\/v2\/product_cat?post=6909"},{"taxonomy":"product_tag","embeddable":true,"href":"https:\/\/kodointernational.com\/vi\/wp-json\/wp\/v2\/product_tag?post=6909"},{"taxonomy":"scent-family","embeddable":true,"href":"https:\/\/kodointernational.com\/vi\/wp-json\/wp\/v2\/scent-family?post=6909"},{"taxonomy":"diffusion-area","embeddable":true,"href":"https:\/\/kodointernational.com\/vi\/wp-json\/wp\/v2\/diffusion-area?post=6909"},{"taxonomy":"scent-intensity","embeddable":true,"href":"https:\/\/kodointernational.com\/vi\/wp-json\/wp\/v2\/scent-intensity?post=6909"},{"taxonomy":"scent-recommendations","embeddable":true,"href":"https:\/\/kodointernational.com\/vi\/wp-json\/wp\/v2\/scent-recommendations?post=6909"},{"taxonomy":"scent-pyramid","embeddable":true,"href":"https:\/\/kodointernational.com\/vi\/wp-json\/wp\/v2\/scent-pyramid?post=6909"}],"curies":[{"name":"wp","href":"https:\/\/api.w.org\/{rel}","templated":true}]}}