{"id":6846,"date":"2023-02-27T14:27:10","date_gmt":"2023-02-27T07:27:10","guid":{"rendered":"http:\/\/18.143.89.174\/?post_type=product&#038;p=6846"},"modified":"2024-08-02T01:02:20","modified_gmt":"2024-08-01T18:02:20","slug":"rain","status":"publish","type":"product","link":"https:\/\/kodointernational.com\/vi\/product\/rain\/","title":{"rendered":"Rain"},"content":{"rendered":"<p>&nbsp;<\/p>\n<div id=\"tango-element-highlighter\" style=\"--tango-highlighter-background-color: transparent; --tango-highlighter-color: #FF7442; width: 496px; height: 76px;\"><\/div>\n","protected":false},"excerpt":{"rendered":"<p style=\"text-align: justify;\"><span style=\"font-size: 12pt;\">Tinh d\u1ea7u Kodo Rain l\u00e0 m\u1ed9t h\u01b0\u01a1ng th\u01a1m r\u1ea5t t\u01b0\u01a1i m\u00e1t v\u00e0 s\u1ea3ng kho\u00e1i, t\u1ea1o ra c\u1ea3m gi\u00e1c nh\u01b0 b\u1ea1n \u0111ang \u0111\u1ee9ng d\u01b0\u1edbi c\u01a1n m\u01b0a nh\u1eb9 nh\u00e0ng. H\u01b0\u01a1ng th\u01a1m n\u00e0y c\u00f3 s\u1ef1 k\u1ebft h\u1ee3p c\u1ee7a c\u00e1c n\u1ed1t h\u01b0\u01a1ng tr\u00e1i c\u00e2y nh\u01b0 cam, b\u1ea1c h\u00e0, hoa phong l\u1eef v\u00e0 hoa c\u00fac t\u1ea1o n\u00ean m\u1ed9t h\u01b0\u01a1ng th\u01a1m t\u01b0\u01a1i m\u00e1t v\u00e0 ph\u00f3ng kho\u00e1ng.<\/span><\/p>\n<div id=\"tango-element-highlighter\" style=\"--tango-highlighter-background-color: transparent; --tango-highlighter-color: #FF7442; text-align: justify;\"><\/div>\n","protected":false},"featured_media":24214,"comment_status":"open","ping_status":"closed","template":"","meta":[],"etheme_brands":[],"product_cat":[97],"product_tag":[],"scent-family":[720],"diffusion-area":[],"scent-intensity":[152],"scent-recommendations":[161],"scent-pyramid":[],"class_list":{"0":"post-6846","1":"product","2":"type-product","3":"status-publish","4":"has-post-thumbnail","6":"product_cat-bo-suu-tap-classic","7":"scent-family-fresh","8":"scent-intensity-manh","9":"scent-recommendations-trung-tam-mua-sam","11":"first","12":"instock","13":"shipping-taxable","14":"purchasable","15":"product-type-simple"},"acf":[],"_links":{"self":[{"href":"https:\/\/kodointernational.com\/vi\/wp-json\/wp\/v2\/product\/6846","targetHints":{"allow":["GET"]}}],"collection":[{"href":"https:\/\/kodointernational.com\/vi\/wp-json\/wp\/v2\/product"}],"about":[{"href":"https:\/\/kodointernational.com\/vi\/wp-json\/wp\/v2\/types\/product"}],"replies":[{"embeddable":true,"href":"https:\/\/kodointernational.com\/vi\/wp-json\/wp\/v2\/comments?post=6846"}],"version-history":[{"count":0,"href":"https:\/\/kodointernational.com\/vi\/wp-json\/wp\/v2\/product\/6846\/revisions"}],"wp:featuredmedia":[{"embeddable":true,"href":"https:\/\/kodointernational.com\/vi\/wp-json\/wp\/v2\/media\/24214"}],"wp:attachment":[{"href":"https:\/\/kodointernational.com\/vi\/wp-json\/wp\/v2\/media?parent=6846"}],"wp:term":[{"taxonomy":"brand","embeddable":true,"href":"https:\/\/kodointernational.com\/vi\/wp-json\/wp\/v2\/etheme_brands?post=6846"},{"taxonomy":"product_cat","embeddable":true,"href":"https:\/\/kodointernational.com\/vi\/wp-json\/wp\/v2\/product_cat?post=6846"},{"taxonomy":"product_tag","embeddable":true,"href":"https:\/\/kodointernational.com\/vi\/wp-json\/wp\/v2\/product_tag?post=6846"},{"taxonomy":"scent-family","embeddable":true,"href":"https:\/\/kodointernational.com\/vi\/wp-json\/wp\/v2\/scent-family?post=6846"},{"taxonomy":"diffusion-area","embeddable":true,"href":"https:\/\/kodointernational.com\/vi\/wp-json\/wp\/v2\/diffusion-area?post=6846"},{"taxonomy":"scent-intensity","embeddable":true,"href":"https:\/\/kodointernational.com\/vi\/wp-json\/wp\/v2\/scent-intensity?post=6846"},{"taxonomy":"scent-recommendations","embeddable":true,"href":"https:\/\/kodointernational.com\/vi\/wp-json\/wp\/v2\/scent-recommendations?post=6846"},{"taxonomy":"scent-pyramid","embeddable":true,"href":"https:\/\/kodointernational.com\/vi\/wp-json\/wp\/v2\/scent-pyramid?post=6846"}],"curies":[{"name":"wp","href":"https:\/\/api.w.org\/{rel}","templated":true}]}}