{"id":6779,"date":"2023-02-27T13:43:29","date_gmt":"2023-02-27T06:43:29","guid":{"rendered":"http:\/\/18.143.89.174\/?post_type=product&#038;p=6779"},"modified":"2024-08-02T01:11:26","modified_gmt":"2024-08-01T18:11:26","slug":"kodo-no-6","status":"publish","type":"product","link":"https:\/\/kodointernational.com\/vi\/product\/kodo-no-6\/","title":{"rendered":"Kodo No 6"},"content":{"rendered":"<p>&nbsp;<\/p>\n<div id=\"tango-element-highlighter\" style=\"--tango-highlighter-background-color: transparent; --tango-highlighter-color: #FF7442; width: 496px; height: 76px;\"><\/div>\n","protected":false},"excerpt":{"rendered":"<p style=\"text-align: justify;\"><span style=\"font-size: 12pt;\">Tinh d\u1ea7u Kodo No.6 mang v\u1ebb tr\u1ebb trung v\u00e0 hi\u1ec7n \u0111\u1ea1i ngay t\u1eeb trong thi\u1ebft k\u1ebf n\u0103ng \u0111\u1ed9ng, c\u00e1 t\u00ednh. M\u1edf \u0111\u1ea7u v\u1edbi c\u1ea3m gi\u00e1c n\u1ed3ng n\u00e0n nh\u01b0ng t\u01b0\u01a1i m\u1edbi s\u1ea3ng kho\u00e1i. Ti\u1ebfp sau \u0111\u00f3 m\u00f9i h\u01a1n s\u1ebd d\u1ea7n tr\u1edf n\u00ean ng\u1ecdt ng\u00e0i v\u00e0 l\u1eafng s\u00e2u. Cu\u1ed1i c\u00f9ng l\u00e0 t\u1ea7ng h\u01b0\u01a1ng c\u1ee7a s\u1ef1 giao thoa m\u1ea1nh h\u01a1n gi\u1eefa ng\u1ecdt ng\u00e0o v\u00e0 n\u1ed3ng n\u00e0n gi\u1eefa l\u1ecbch l\u00e3m v\u00e0 tr\u1ebb trung.<\/span><\/p>\n<div id=\"tango-element-highlighter\" style=\"--tango-highlighter-background-color: transparent; --tango-highlighter-color: #FF7442; text-align: justify;\"><\/div>\n","protected":false},"featured_media":24265,"comment_status":"open","ping_status":"closed","template":"","meta":[],"etheme_brands":[],"product_cat":[97],"product_tag":[],"scent-family":[725],"diffusion-area":[],"scent-intensity":[151],"scent-recommendations":[164,162],"scent-pyramid":[],"class_list":{"0":"post-6779","1":"product","2":"type-product","3":"status-publish","4":"has-post-thumbnail","6":"product_cat-bo-suu-tap-classic","7":"scent-family-unisex","8":"scent-intensity-vua","9":"scent-recommendations-ngan-hang","10":"scent-recommendations-phong-trung-bay","12":"first","13":"instock","14":"shipping-taxable","15":"purchasable","16":"product-type-simple"},"acf":[],"_links":{"self":[{"href":"https:\/\/kodointernational.com\/vi\/wp-json\/wp\/v2\/product\/6779","targetHints":{"allow":["GET"]}}],"collection":[{"href":"https:\/\/kodointernational.com\/vi\/wp-json\/wp\/v2\/product"}],"about":[{"href":"https:\/\/kodointernational.com\/vi\/wp-json\/wp\/v2\/types\/product"}],"replies":[{"embeddable":true,"href":"https:\/\/kodointernational.com\/vi\/wp-json\/wp\/v2\/comments?post=6779"}],"version-history":[{"count":0,"href":"https:\/\/kodointernational.com\/vi\/wp-json\/wp\/v2\/product\/6779\/revisions"}],"wp:featuredmedia":[{"embeddable":true,"href":"https:\/\/kodointernational.com\/vi\/wp-json\/wp\/v2\/media\/24265"}],"wp:attachment":[{"href":"https:\/\/kodointernational.com\/vi\/wp-json\/wp\/v2\/media?parent=6779"}],"wp:term":[{"taxonomy":"brand","embeddable":true,"href":"https:\/\/kodointernational.com\/vi\/wp-json\/wp\/v2\/etheme_brands?post=6779"},{"taxonomy":"product_cat","embeddable":true,"href":"https:\/\/kodointernational.com\/vi\/wp-json\/wp\/v2\/product_cat?post=6779"},{"taxonomy":"product_tag","embeddable":true,"href":"https:\/\/kodointernational.com\/vi\/wp-json\/wp\/v2\/product_tag?post=6779"},{"taxonomy":"scent-family","embeddable":true,"href":"https:\/\/kodointernational.com\/vi\/wp-json\/wp\/v2\/scent-family?post=6779"},{"taxonomy":"diffusion-area","embeddable":true,"href":"https:\/\/kodointernational.com\/vi\/wp-json\/wp\/v2\/diffusion-area?post=6779"},{"taxonomy":"scent-intensity","embeddable":true,"href":"https:\/\/kodointernational.com\/vi\/wp-json\/wp\/v2\/scent-intensity?post=6779"},{"taxonomy":"scent-recommendations","embeddable":true,"href":"https:\/\/kodointernational.com\/vi\/wp-json\/wp\/v2\/scent-recommendations?post=6779"},{"taxonomy":"scent-pyramid","embeddable":true,"href":"https:\/\/kodointernational.com\/vi\/wp-json\/wp\/v2\/scent-pyramid?post=6779"}],"curies":[{"name":"wp","href":"https:\/\/api.w.org\/{rel}","templated":true}]}}