{"id":6758,"date":"2023-02-27T13:30:06","date_gmt":"2023-02-27T06:30:06","guid":{"rendered":"http:\/\/18.143.89.174\/?post_type=product&#038;p=6758"},"modified":"2024-08-02T01:14:06","modified_gmt":"2024-08-01T18:14:06","slug":"elegant","status":"publish","type":"product","link":"https:\/\/kodointernational.com\/vi\/product\/elegant\/","title":{"rendered":"Elegant"},"content":{"rendered":"<p>&nbsp;<\/p>\n<div id=\"tango-element-highlighter\" style=\"--tango-highlighter-background-color: transparent; --tango-highlighter-color: #FF7442; width: 496px; height: 76px;\"><\/div>\n","protected":false},"excerpt":{"rendered":"<p style=\"text-align: justify;\"><span style=\"font-size: 12pt;\">Tinh d\u1ea7u Elegant l\u00e0 m\u1ed9t h\u01b0\u01a1ng th\u01a1m r\u1ea5t thanh l\u1ecbch v\u00e0 trang nh\u00e3. S\u1ea3n ph\u1ea9m n\u00e0y c\u00f3 m\u1ed9t h\u01b0\u01a1ng th\u01a1m nh\u1eb9 nh\u00e0ng, tinh t\u1ebf v\u1edbi s\u1ef1 k\u1ebft h\u1ee3p c\u1ee7a n\u1ed1t h\u01b0\u01a1ng g\u1ed7 tuy\u1ebft t\u00f9ng v\u00e0 n\u1ed1t h\u01b0\u01a1ng hoa t\u01b0\u01a1i m\u1edbi. Elegant c\u0169ng c\u00f3 ch\u00fat h\u01b0\u01a1ng cam t\u1ea1o n\u00ean s\u1ef1 t\u01b0\u01a1i m\u1edbi v\u00e0 n\u0103ng l\u01b0\u1ee3ng.<\/span><\/p>\n","protected":false},"featured_media":24282,"comment_status":"open","ping_status":"closed","template":"","meta":[],"etheme_brands":[],"product_cat":[97],"product_tag":[],"scent-family":[725],"diffusion-area":[],"scent-intensity":[152],"scent-recommendations":[716,163,162],"scent-pyramid":[],"class_list":{"0":"post-6758","1":"product","2":"type-product","3":"status-publish","4":"has-post-thumbnail","6":"product_cat-bo-suu-tap-classic","7":"scent-family-unisex","8":"scent-intensity-manh","9":"scent-recommendations-bar","10":"scent-recommendations-cua-hang-thoi-trang","11":"scent-recommendations-phong-trung-bay","13":"first","14":"instock","15":"featured","16":"shipping-taxable","17":"purchasable","18":"product-type-simple"},"acf":[],"_links":{"self":[{"href":"https:\/\/kodointernational.com\/vi\/wp-json\/wp\/v2\/product\/6758","targetHints":{"allow":["GET"]}}],"collection":[{"href":"https:\/\/kodointernational.com\/vi\/wp-json\/wp\/v2\/product"}],"about":[{"href":"https:\/\/kodointernational.com\/vi\/wp-json\/wp\/v2\/types\/product"}],"replies":[{"embeddable":true,"href":"https:\/\/kodointernational.com\/vi\/wp-json\/wp\/v2\/comments?post=6758"}],"version-history":[{"count":0,"href":"https:\/\/kodointernational.com\/vi\/wp-json\/wp\/v2\/product\/6758\/revisions"}],"wp:featuredmedia":[{"embeddable":true,"href":"https:\/\/kodointernational.com\/vi\/wp-json\/wp\/v2\/media\/24282"}],"wp:attachment":[{"href":"https:\/\/kodointernational.com\/vi\/wp-json\/wp\/v2\/media?parent=6758"}],"wp:term":[{"taxonomy":"brand","embeddable":true,"href":"https:\/\/kodointernational.com\/vi\/wp-json\/wp\/v2\/etheme_brands?post=6758"},{"taxonomy":"product_cat","embeddable":true,"href":"https:\/\/kodointernational.com\/vi\/wp-json\/wp\/v2\/product_cat?post=6758"},{"taxonomy":"product_tag","embeddable":true,"href":"https:\/\/kodointernational.com\/vi\/wp-json\/wp\/v2\/product_tag?post=6758"},{"taxonomy":"scent-family","embeddable":true,"href":"https:\/\/kodointernational.com\/vi\/wp-json\/wp\/v2\/scent-family?post=6758"},{"taxonomy":"diffusion-area","embeddable":true,"href":"https:\/\/kodointernational.com\/vi\/wp-json\/wp\/v2\/diffusion-area?post=6758"},{"taxonomy":"scent-intensity","embeddable":true,"href":"https:\/\/kodointernational.com\/vi\/wp-json\/wp\/v2\/scent-intensity?post=6758"},{"taxonomy":"scent-recommendations","embeddable":true,"href":"https:\/\/kodointernational.com\/vi\/wp-json\/wp\/v2\/scent-recommendations?post=6758"},{"taxonomy":"scent-pyramid","embeddable":true,"href":"https:\/\/kodointernational.com\/vi\/wp-json\/wp\/v2\/scent-pyramid?post=6758"}],"curies":[{"name":"wp","href":"https:\/\/api.w.org\/{rel}","templated":true}]}}