{"id":6732,"date":"2023-02-27T06:23:45","date_gmt":"2023-02-27T06:23:45","guid":{"rendered":"http:\/\/18.143.89.174\/?post_type=product&#038;p=6732"},"modified":"2024-08-02T09:32:47","modified_gmt":"2024-08-02T02:32:47","slug":"wild-bamboo","status":"publish","type":"product","link":"https:\/\/kodointernational.com\/vi\/product\/wild-bamboo\/","title":{"rendered":"Wild Bamboo"},"content":{"rendered":"","protected":false},"excerpt":{"rendered":"<p><span data-sheets-value=\"{&quot;1&quot;:2,&quot;2&quot;:&quot;H\u01b0\u01a1ng \u0111\u1ea7u cam s\u1ebd mang l\u1ea1i c\u1ea3m gi\u00e1c s\u1ea3ng kho\u00e1i, t\u01b0\u01a1i m\u00e1t v\u00e0 s\u1ef1 c\u00e2n b\u1eb1ng cho h\u01b0\u01a1ng th\u01a1m. H\u01b0\u01a1ng gi\u1eefa hoa h\u1ed3ng s\u1ebd t\u1ea1o ra m\u1ed9t h\u01b0\u01a1ng th\u01a1m hoa c\u1ecf ng\u1ecdt ng\u00e0o, n\u1eef t\u00ednh v\u00e0 tinh t\u1ebf.T\u1ea7ng h\u01b0\u01a1ng cu\u1ed1i Orange Blossom s\u1ebd l\u00e0m t\u0103ng th\u00eam s\u1ef1 ng\u1ecdt ng\u00e0o, n\u1ed3ng n\u00e0n v\u00e0 \u0111\u1ea7y quy\u1ebfn r\u0169 cho h\u01b0\u01a1ng th\u01a1m&quot;}\" data-sheets-userformat=\"{&quot;2&quot;:769,&quot;3&quot;:{&quot;1&quot;:0},&quot;11&quot;:4,&quot;12&quot;:0}\">H\u01b0\u01a1ng \u0111\u1ea7u cam s\u1ebd mang l\u1ea1i c\u1ea3m gi\u00e1c s\u1ea3ng kho\u00e1i, t\u01b0\u01a1i m\u00e1t v\u00e0 s\u1ef1 c\u00e2n b\u1eb1ng cho h\u01b0\u01a1ng th\u01a1m. H\u01b0\u01a1ng gi\u1eefa hoa h\u1ed3ng s\u1ebd t\u1ea1o ra m\u1ed9t h\u01b0\u01a1ng th\u01a1m hoa c\u1ecf ng\u1ecdt ng\u00e0o, n\u1eef t\u00ednh v\u00e0 tinh t\u1ebf.T\u1ea7ng h\u01b0\u01a1ng cu\u1ed1i Orange Blossom s\u1ebd l\u00e0m t\u0103ng th\u00eam s\u1ef1 ng\u1ecdt ng\u00e0o, n\u1ed3ng n\u00e0n v\u00e0 \u0111\u1ea7y quy\u1ebfn r\u0169 cho h\u01b0\u01a1ng th\u01a1m<\/span><\/p>\n","protected":false},"featured_media":24338,"comment_status":"open","ping_status":"closed","template":"","meta":[],"etheme_brands":[],"product_cat":[95],"product_tag":[],"scent-family":[720],"diffusion-area":[],"scent-intensity":[151],"scent-recommendations":[166,160],"scent-pyramid":[],"class_list":{"0":"post-6732","1":"product","2":"type-product","3":"status-publish","4":"has-post-thumbnail","6":"product_cat-bo-suu-tap-standard","7":"scent-family-fresh","8":"scent-intensity-vua","9":"scent-recommendations-phong-the-duc","10":"scent-recommendations-van-phong","12":"first","13":"instock","14":"shipping-taxable","15":"purchasable","16":"product-type-simple"},"acf":[],"_links":{"self":[{"href":"https:\/\/kodointernational.com\/vi\/wp-json\/wp\/v2\/product\/6732","targetHints":{"allow":["GET"]}}],"collection":[{"href":"https:\/\/kodointernational.com\/vi\/wp-json\/wp\/v2\/product"}],"about":[{"href":"https:\/\/kodointernational.com\/vi\/wp-json\/wp\/v2\/types\/product"}],"replies":[{"embeddable":true,"href":"https:\/\/kodointernational.com\/vi\/wp-json\/wp\/v2\/comments?post=6732"}],"version-history":[{"count":0,"href":"https:\/\/kodointernational.com\/vi\/wp-json\/wp\/v2\/product\/6732\/revisions"}],"wp:featuredmedia":[{"embeddable":true,"href":"https:\/\/kodointernational.com\/vi\/wp-json\/wp\/v2\/media\/24338"}],"wp:attachment":[{"href":"https:\/\/kodointernational.com\/vi\/wp-json\/wp\/v2\/media?parent=6732"}],"wp:term":[{"taxonomy":"brand","embeddable":true,"href":"https:\/\/kodointernational.com\/vi\/wp-json\/wp\/v2\/etheme_brands?post=6732"},{"taxonomy":"product_cat","embeddable":true,"href":"https:\/\/kodointernational.com\/vi\/wp-json\/wp\/v2\/product_cat?post=6732"},{"taxonomy":"product_tag","embeddable":true,"href":"https:\/\/kodointernational.com\/vi\/wp-json\/wp\/v2\/product_tag?post=6732"},{"taxonomy":"scent-family","embeddable":true,"href":"https:\/\/kodointernational.com\/vi\/wp-json\/wp\/v2\/scent-family?post=6732"},{"taxonomy":"diffusion-area","embeddable":true,"href":"https:\/\/kodointernational.com\/vi\/wp-json\/wp\/v2\/diffusion-area?post=6732"},{"taxonomy":"scent-intensity","embeddable":true,"href":"https:\/\/kodointernational.com\/vi\/wp-json\/wp\/v2\/scent-intensity?post=6732"},{"taxonomy":"scent-recommendations","embeddable":true,"href":"https:\/\/kodointernational.com\/vi\/wp-json\/wp\/v2\/scent-recommendations?post=6732"},{"taxonomy":"scent-pyramid","embeddable":true,"href":"https:\/\/kodointernational.com\/vi\/wp-json\/wp\/v2\/scent-pyramid?post=6732"}],"curies":[{"name":"wp","href":"https:\/\/api.w.org\/{rel}","templated":true}]}}