{"id":6643,"date":"2023-02-27T04:52:01","date_gmt":"2023-02-27T04:52:01","guid":{"rendered":"http:\/\/18.143.89.174\/?post_type=product&#038;p=6643"},"modified":"2024-08-02T09:36:00","modified_gmt":"2024-08-02T02:36:00","slug":"blue-ocean","status":"publish","type":"product","link":"https:\/\/kodointernational.com\/vi\/product\/blue-ocean\/","title":{"rendered":"Blue Ocean"},"content":{"rendered":"","protected":false},"excerpt":{"rendered":"<p><span data-sheets-value=\"{&quot;1&quot;:2,&quot;2&quot;:&quot;V\u1edbi t\u1ea7ng h\u01b0\u01a1ng \u0111\u1ea7u t\u1eeb cam t\u1ea1o s\u1ef1 t\u01b0\u01a1i m\u00e1t kh\u1edfi \u0111\u1ea7u m\u1ed9t ng\u00e0y m\u1edbi tr\u00e0n \u0111\u1ea7y n\u0103ng l\u01b0\u1ee3ng. \u1ede t\u1ea7ng h\u01b0\u01a1ng gi\u1eefa l\u00e0 s\u1ef1 k\u1ebft h\u1ee3p h\u00e0i ho\u00e0 gi\u1eefa h\u01b0\u01a1ng hoa h\u1ed3ng, c\u00e2y irit v\u00e0 hoa nh\u00e0i. Hoa h\u1ed3ng mang l\u1ea1i m\u1ed9t m\u00f9i h\u01b0\u01a1ng tinh t\u1ebf, quy\u1ebfn r\u0169 v\u00e0 n\u1eef t\u00ednh. C\u00e2y irit \u0111em \u0111\u1ebfn c\u1ea3m gi\u00e1c thanh l\u1ecbch, qu\u00fd ph\u00e1i v\u00e0 c\u0169ng c\u00f3 t\u00e1c d\u1ee5ng l\u00e0m d\u1ecbu v\u00e0 th\u01b0 gi\u00e3n.Hoa nh\u00e0i gi\u00fap ng\u01b0\u1eddi d\u00f9ng c\u1ea3m nh\u1eadn \u0111\u01b0\u1ee3c s\u1ef1 quy\u1ebfn r\u0169, ng\u1ecdt ng\u00e0o v\u00e0 t\u01b0\u01a1i m\u1edbi. Khi k\u1ebft h\u1ee3p v\u1edbi nhau, nh\u1eefng m\u00f9i h\u01b0\u01a1ng n\u00e0y t\u1ea1o ra m\u1ed9t m\u00f9i h\u01b0\u01a1ng tinh t\u1ebf, quy\u1ebfn r\u0169 v\u00e0 n\u1eef t\u00ednh. H\u01b0\u01a1ng cu\u1ed1i \u0111\u01b0\u1ee3c c\u1ea5u t\u1ea1o t\u1eeb tinh d\u1ea7u c\u00e2y tuy\u1ebft t\u00f9ng, h\u1ed5 ph\u00e1ch v\u00e0 x\u1ea1 h\u01b0\u01a1ng. \u0110\u00e2y \u0111\u1ec1u l\u00e0 nh\u1eefng nh\u00f3m h\u01b0\u01a1ng \u1ea5m, h\u1ea5p d\u1eabn v\u00e0 \u0111\u1ea7y s\u1ee9c s\u1ed1ng.&quot;}\" data-sheets-userformat=\"{&quot;2&quot;:769,&quot;3&quot;:{&quot;1&quot;:0},&quot;11&quot;:4,&quot;12&quot;:0}\">V\u1edbi t\u1ea7ng h\u01b0\u01a1ng \u0111\u1ea7u t\u1eeb cam t\u1ea1o s\u1ef1 t\u01b0\u01a1i m\u00e1t kh\u1edfi \u0111\u1ea7u m\u1ed9t ng\u00e0y m\u1edbi tr\u00e0n \u0111\u1ea7y n\u0103ng l\u01b0\u1ee3ng. \u1ede t\u1ea7ng h\u01b0\u01a1ng gi\u1eefa l\u00e0 s\u1ef1 k\u1ebft h\u1ee3p h\u00e0i ho\u00e0 gi\u1eefa h\u01b0\u01a1ng hoa h\u1ed3ng, c\u00e2y irit v\u00e0 hoa nh\u00e0i. Hoa h\u1ed3ng mang l\u1ea1i m\u1ed9t m\u00f9i h\u01b0\u01a1ng tinh t\u1ebf, quy\u1ebfn r\u0169 v\u00e0 n\u1eef t\u00ednh. C\u00e2y irit \u0111em \u0111\u1ebfn c\u1ea3m gi\u00e1c thanh l\u1ecbch, qu\u00fd ph\u00e1i v\u00e0 c\u0169ng c\u00f3 t\u00e1c d\u1ee5ng l\u00e0m d\u1ecbu v\u00e0 th\u01b0 gi\u00e3n.Hoa nh\u00e0i gi\u00fap ng\u01b0\u1eddi d\u00f9ng c\u1ea3m nh\u1eadn \u0111\u01b0\u1ee3c s\u1ef1 quy\u1ebfn r\u0169, ng\u1ecdt ng\u00e0o v\u00e0 t\u01b0\u01a1i m\u1edbi. Khi k\u1ebft h\u1ee3p v\u1edbi nhau, nh\u1eefng m\u00f9i h\u01b0\u01a1ng n\u00e0y t\u1ea1o ra m\u1ed9t m\u00f9i h\u01b0\u01a1ng tinh t\u1ebf, quy\u1ebfn r\u0169 v\u00e0 n\u1eef t\u00ednh. H\u01b0\u01a1ng cu\u1ed1i \u0111\u01b0\u1ee3c c\u1ea5u t\u1ea1o t\u1eeb tinh d\u1ea7u c\u00e2y tuy\u1ebft t\u00f9ng, h\u1ed5 ph\u00e1ch v\u00e0 x\u1ea1 h\u01b0\u01a1ng. \u0110\u00e2y \u0111\u1ec1u l\u00e0 nh\u1eefng nh\u00f3m h\u01b0\u01a1ng \u1ea5m, h\u1ea5p d\u1eabn v\u00e0 \u0111\u1ea7y s\u1ee9c s\u1ed1ng.<\/span><\/p>\n","protected":false},"featured_media":24356,"comment_status":"open","ping_status":"closed","template":"","meta":[],"etheme_brands":[],"product_cat":[95],"product_tag":[],"scent-family":[720],"diffusion-area":[],"scent-intensity":[151],"scent-recommendations":[163,166,160],"scent-pyramid":[],"class_list":{"0":"post-6643","1":"product","2":"type-product","3":"status-publish","4":"has-post-thumbnail","6":"product_cat-bo-suu-tap-standard","7":"scent-family-fresh","8":"scent-intensity-vua","9":"scent-recommendations-cua-hang-thoi-trang","10":"scent-recommendations-phong-the-duc","11":"scent-recommendations-van-phong","13":"first","14":"instock","15":"shipping-taxable","16":"purchasable","17":"product-type-simple"},"acf":[],"_links":{"self":[{"href":"https:\/\/kodointernational.com\/vi\/wp-json\/wp\/v2\/product\/6643","targetHints":{"allow":["GET"]}}],"collection":[{"href":"https:\/\/kodointernational.com\/vi\/wp-json\/wp\/v2\/product"}],"about":[{"href":"https:\/\/kodointernational.com\/vi\/wp-json\/wp\/v2\/types\/product"}],"replies":[{"embeddable":true,"href":"https:\/\/kodointernational.com\/vi\/wp-json\/wp\/v2\/comments?post=6643"}],"version-history":[{"count":0,"href":"https:\/\/kodointernational.com\/vi\/wp-json\/wp\/v2\/product\/6643\/revisions"}],"wp:featuredmedia":[{"embeddable":true,"href":"https:\/\/kodointernational.com\/vi\/wp-json\/wp\/v2\/media\/24356"}],"wp:attachment":[{"href":"https:\/\/kodointernational.com\/vi\/wp-json\/wp\/v2\/media?parent=6643"}],"wp:term":[{"taxonomy":"brand","embeddable":true,"href":"https:\/\/kodointernational.com\/vi\/wp-json\/wp\/v2\/etheme_brands?post=6643"},{"taxonomy":"product_cat","embeddable":true,"href":"https:\/\/kodointernational.com\/vi\/wp-json\/wp\/v2\/product_cat?post=6643"},{"taxonomy":"product_tag","embeddable":true,"href":"https:\/\/kodointernational.com\/vi\/wp-json\/wp\/v2\/product_tag?post=6643"},{"taxonomy":"scent-family","embeddable":true,"href":"https:\/\/kodointernational.com\/vi\/wp-json\/wp\/v2\/scent-family?post=6643"},{"taxonomy":"diffusion-area","embeddable":true,"href":"https:\/\/kodointernational.com\/vi\/wp-json\/wp\/v2\/diffusion-area?post=6643"},{"taxonomy":"scent-intensity","embeddable":true,"href":"https:\/\/kodointernational.com\/vi\/wp-json\/wp\/v2\/scent-intensity?post=6643"},{"taxonomy":"scent-recommendations","embeddable":true,"href":"https:\/\/kodointernational.com\/vi\/wp-json\/wp\/v2\/scent-recommendations?post=6643"},{"taxonomy":"scent-pyramid","embeddable":true,"href":"https:\/\/kodointernational.com\/vi\/wp-json\/wp\/v2\/scent-pyramid?post=6643"}],"curies":[{"name":"wp","href":"https:\/\/api.w.org\/{rel}","templated":true}]}}