{"id":6615,"date":"2023-02-27T11:35:04","date_gmt":"2023-02-27T04:35:04","guid":{"rendered":"http:\/\/18.143.89.174\/?post_type=product&#038;p=6615"},"modified":"2024-08-02T09:38:21","modified_gmt":"2024-08-02T02:38:21","slug":"mountain-tea","status":"publish","type":"product","link":"https:\/\/kodointernational.com\/vi\/product\/mountain-tea\/","title":{"rendered":"Mountain Tea"},"content":{"rendered":"","protected":false},"excerpt":{"rendered":"<p><span data-sheets-value=\"{&quot;1&quot;:2,&quot;2&quot;:&quot;H\u01b0\u01a1ng th\u01a1m t\u1eeb X\u1ea1 h\u01b0\u01a1ng mang l\u1ea1i s\u1ef1 \u1ea5m \u00e1p v\u00e0 h\u1ea5p d\u1eabn, trong khi chanh s\u1ea3 v\u00e0 cam Bergamot mang l\u1ea1i m\u1ed9t m\u00f9i h\u01b0\u01a1ng t\u01b0\u01a1i m\u00e1t v\u00e0 th\u00fa v\u1ecb. S\u1ef1 k\u1ebft h\u1ee3p c\u1ee7a c\u00e1c th\u00e0nh ph\u1ea7n n\u00e0y t\u1ea1o n\u00ean m\u1ed9t m\u00f9i h\u01b0\u01a1ng \u0111\u1ed9c \u0111\u00e1o v\u00e0 h\u1ea5p d\u1eabn. M\u00f9i h\u01b0\u01a1ng c\u1ee7a Mountain Tea mang \u0111\u1ebfn c\u1ea3m th\u1ea5y t\u01b0\u01a1i m\u1edbi v\u00e0 n\u0103ng \u0111\u1ed9ng, mang l\u1ea1i c\u1ea3m gi\u00e1c th\u01b0 gi\u00e3n v\u00e0 gi\u1ea3m c\u0103ng th\u1eb3ng sau m\u1ed9t ng\u00e0y l\u00e0m vi\u1ec7c m\u1ec7t nh\u1ecdc.\\n\\n&quot;}\" data-sheets-userformat=\"{&quot;2&quot;:769,&quot;3&quot;:{&quot;1&quot;:0},&quot;11&quot;:4,&quot;12&quot;:0}\">H\u01b0\u01a1ng th\u01a1m t\u1eeb X\u1ea1 h\u01b0\u01a1ng mang l\u1ea1i s\u1ef1 \u1ea5m \u00e1p v\u00e0 h\u1ea5p d\u1eabn, trong khi chanh s\u1ea3 v\u00e0 cam Bergamot mang l\u1ea1i m\u1ed9t m\u00f9i h\u01b0\u01a1ng t\u01b0\u01a1i m\u00e1t v\u00e0 th\u00fa v\u1ecb. S\u1ef1 k\u1ebft h\u1ee3p c\u1ee7a c\u00e1c th\u00e0nh ph\u1ea7n n\u00e0y t\u1ea1o n\u00ean m\u1ed9t m\u00f9i h\u01b0\u01a1ng \u0111\u1ed9c \u0111\u00e1o v\u00e0 h\u1ea5p d\u1eabn. M\u00f9i h\u01b0\u01a1ng c\u1ee7a Mountain Tea mang \u0111\u1ebfn c\u1ea3m th\u1ea5y t\u01b0\u01a1i m\u1edbi v\u00e0 n\u0103ng \u0111\u1ed9ng, mang l\u1ea1i c\u1ea3m gi\u00e1c th\u01b0 gi\u00e3n v\u00e0 gi\u1ea3m c\u0103ng th\u1eb3ng sau m\u1ed9t ng\u00e0y l\u00e0m vi\u1ec7c m\u1ec7t nh\u1ecdc.<\/span><\/p>\n<p>&nbsp;<\/p>\n","protected":false},"featured_media":24373,"comment_status":"open","ping_status":"closed","template":"","meta":[],"etheme_brands":[],"product_cat":[95],"product_tag":[],"scent-family":[720],"diffusion-area":[],"scent-intensity":[151],"scent-recommendations":[164,166,160],"scent-pyramid":[],"class_list":{"0":"post-6615","1":"product","2":"type-product","3":"status-publish","4":"has-post-thumbnail","6":"product_cat-bo-suu-tap-standard","7":"scent-family-fresh","8":"scent-intensity-vua","9":"scent-recommendations-ngan-hang","10":"scent-recommendations-phong-the-duc","11":"scent-recommendations-van-phong","13":"first","14":"instock","15":"shipping-taxable","16":"purchasable","17":"product-type-simple"},"acf":[],"_links":{"self":[{"href":"https:\/\/kodointernational.com\/vi\/wp-json\/wp\/v2\/product\/6615","targetHints":{"allow":["GET"]}}],"collection":[{"href":"https:\/\/kodointernational.com\/vi\/wp-json\/wp\/v2\/product"}],"about":[{"href":"https:\/\/kodointernational.com\/vi\/wp-json\/wp\/v2\/types\/product"}],"replies":[{"embeddable":true,"href":"https:\/\/kodointernational.com\/vi\/wp-json\/wp\/v2\/comments?post=6615"}],"version-history":[{"count":0,"href":"https:\/\/kodointernational.com\/vi\/wp-json\/wp\/v2\/product\/6615\/revisions"}],"wp:featuredmedia":[{"embeddable":true,"href":"https:\/\/kodointernational.com\/vi\/wp-json\/wp\/v2\/media\/24373"}],"wp:attachment":[{"href":"https:\/\/kodointernational.com\/vi\/wp-json\/wp\/v2\/media?parent=6615"}],"wp:term":[{"taxonomy":"brand","embeddable":true,"href":"https:\/\/kodointernational.com\/vi\/wp-json\/wp\/v2\/etheme_brands?post=6615"},{"taxonomy":"product_cat","embeddable":true,"href":"https:\/\/kodointernational.com\/vi\/wp-json\/wp\/v2\/product_cat?post=6615"},{"taxonomy":"product_tag","embeddable":true,"href":"https:\/\/kodointernational.com\/vi\/wp-json\/wp\/v2\/product_tag?post=6615"},{"taxonomy":"scent-family","embeddable":true,"href":"https:\/\/kodointernational.com\/vi\/wp-json\/wp\/v2\/scent-family?post=6615"},{"taxonomy":"diffusion-area","embeddable":true,"href":"https:\/\/kodointernational.com\/vi\/wp-json\/wp\/v2\/diffusion-area?post=6615"},{"taxonomy":"scent-intensity","embeddable":true,"href":"https:\/\/kodointernational.com\/vi\/wp-json\/wp\/v2\/scent-intensity?post=6615"},{"taxonomy":"scent-recommendations","embeddable":true,"href":"https:\/\/kodointernational.com\/vi\/wp-json\/wp\/v2\/scent-recommendations?post=6615"},{"taxonomy":"scent-pyramid","embeddable":true,"href":"https:\/\/kodointernational.com\/vi\/wp-json\/wp\/v2\/scent-pyramid?post=6615"}],"curies":[{"name":"wp","href":"https:\/\/api.w.org\/{rel}","templated":true}]}}