{"id":6553,"date":"2023-02-27T03:39:22","date_gmt":"2023-02-27T03:39:22","guid":{"rendered":"http:\/\/18.143.89.174\/?post_type=product&#038;p=6553"},"modified":"2024-08-02T09:43:05","modified_gmt":"2024-08-02T02:43:05","slug":"himalaya-grass-ginger","status":"publish","type":"product","link":"https:\/\/kodointernational.com\/vi\/product\/himalaya-grass-ginger\/","title":{"rendered":"Himalaya Grass &amp; Ginger"},"content":{"rendered":"","protected":false},"excerpt":{"rendered":"<p><span data-sheets-value=\"{&quot;1&quot;:2,&quot;2&quot;:&quot;H\u01b0\u01a1ng th\u01a1m c\u1ee7a Himalaya Grass and Ginger k\u1ebft h\u1ee3p gi\u1eefa s\u1ef1 t\u01b0\u01a1i m\u00e1t c\u1ee7a chanh s\u1ea3 v\u00e0 s\u1ef1 \u1ea5m \u00e1p c\u1ee7a g\u1eebng. \u0110\u00e2y l\u00e0 m\u1ed9t h\u01b0\u01a1ng th\u01a1m \u0111\u1ed9c \u0111\u00e1o v\u00e0 phong ph\u00fa, mang \u0111\u1ebfn m\u1ed9t tr\u1ea3i nghi\u1ec7m h\u01b0\u01a1ng th\u01a1m \u0111\u1ea7y h\u1ee9ng kh\u1edfi v\u00e0 s\u1ea3ng kho\u00e1i&quot;}\" data-sheets-userformat=\"{&quot;2&quot;:769,&quot;3&quot;:{&quot;1&quot;:0},&quot;11&quot;:4,&quot;12&quot;:0}\">H\u01b0\u01a1ng th\u01a1m c\u1ee7a Himalaya Grass and Ginger k\u1ebft h\u1ee3p gi\u1eefa s\u1ef1 t\u01b0\u01a1i m\u00e1t c\u1ee7a chanh s\u1ea3 v\u00e0 s\u1ef1 \u1ea5m \u00e1p c\u1ee7a g\u1eebng. \u0110\u00e2y l\u00e0 m\u1ed9t h\u01b0\u01a1ng th\u01a1m \u0111\u1ed9c \u0111\u00e1o v\u00e0 phong ph\u00fa, mang \u0111\u1ebfn m\u1ed9t tr\u1ea3i nghi\u1ec7m h\u01b0\u01a1ng th\u01a1m \u0111\u1ea7y h\u1ee9ng kh\u1edfi v\u00e0 s\u1ea3ng kho\u00e1i<\/span><\/p>\n","protected":false},"featured_media":24409,"comment_status":"open","ping_status":"closed","template":"","meta":[],"etheme_brands":[],"product_cat":[95],"product_tag":[],"scent-family":[718],"diffusion-area":[],"scent-intensity":[152],"scent-recommendations":[167,164,165],"scent-pyramid":[],"class_list":{"0":"post-6553","1":"product","2":"type-product","3":"status-publish","4":"has-post-thumbnail","6":"product_cat-bo-suu-tap-standard","7":"scent-family-spicy","8":"scent-intensity-manh","9":"scent-recommendations-benh-vien","10":"scent-recommendations-ngan-hang","11":"scent-recommendations-spa","13":"first","14":"instock","15":"shipping-taxable","16":"purchasable","17":"product-type-simple"},"acf":[],"_links":{"self":[{"href":"https:\/\/kodointernational.com\/vi\/wp-json\/wp\/v2\/product\/6553","targetHints":{"allow":["GET"]}}],"collection":[{"href":"https:\/\/kodointernational.com\/vi\/wp-json\/wp\/v2\/product"}],"about":[{"href":"https:\/\/kodointernational.com\/vi\/wp-json\/wp\/v2\/types\/product"}],"replies":[{"embeddable":true,"href":"https:\/\/kodointernational.com\/vi\/wp-json\/wp\/v2\/comments?post=6553"}],"version-history":[{"count":0,"href":"https:\/\/kodointernational.com\/vi\/wp-json\/wp\/v2\/product\/6553\/revisions"}],"wp:featuredmedia":[{"embeddable":true,"href":"https:\/\/kodointernational.com\/vi\/wp-json\/wp\/v2\/media\/24409"}],"wp:attachment":[{"href":"https:\/\/kodointernational.com\/vi\/wp-json\/wp\/v2\/media?parent=6553"}],"wp:term":[{"taxonomy":"brand","embeddable":true,"href":"https:\/\/kodointernational.com\/vi\/wp-json\/wp\/v2\/etheme_brands?post=6553"},{"taxonomy":"product_cat","embeddable":true,"href":"https:\/\/kodointernational.com\/vi\/wp-json\/wp\/v2\/product_cat?post=6553"},{"taxonomy":"product_tag","embeddable":true,"href":"https:\/\/kodointernational.com\/vi\/wp-json\/wp\/v2\/product_tag?post=6553"},{"taxonomy":"scent-family","embeddable":true,"href":"https:\/\/kodointernational.com\/vi\/wp-json\/wp\/v2\/scent-family?post=6553"},{"taxonomy":"diffusion-area","embeddable":true,"href":"https:\/\/kodointernational.com\/vi\/wp-json\/wp\/v2\/diffusion-area?post=6553"},{"taxonomy":"scent-intensity","embeddable":true,"href":"https:\/\/kodointernational.com\/vi\/wp-json\/wp\/v2\/scent-intensity?post=6553"},{"taxonomy":"scent-recommendations","embeddable":true,"href":"https:\/\/kodointernational.com\/vi\/wp-json\/wp\/v2\/scent-recommendations?post=6553"},{"taxonomy":"scent-pyramid","embeddable":true,"href":"https:\/\/kodointernational.com\/vi\/wp-json\/wp\/v2\/scent-pyramid?post=6553"}],"curies":[{"name":"wp","href":"https:\/\/api.w.org\/{rel}","templated":true}]}}