{"id":6484,"date":"2023-02-26T19:52:21","date_gmt":"2023-02-26T12:52:21","guid":{"rendered":"http:\/\/18.143.89.174\/?post_type=product&#038;p=6484"},"modified":"2024-08-01T16:48:36","modified_gmt":"2024-08-01T09:48:36","slug":"absolutely-fabulous","status":"publish","type":"product","link":"https:\/\/kodointernational.com\/vi\/product\/absolutely-fabulous\/","title":{"rendered":"Absolutely Fabulous"},"content":{"rendered":"<p>&nbsp;<\/p>\n<div id=\"tango-element-highlighter\" style=\"--tango-highlighter-background-color: transparent; --tango-highlighter-color: #FF7442;\"><\/div>\n","protected":false},"excerpt":{"rendered":"<p><span style=\"font-size: 12pt;\">Tinh d\u1ea7u Absolutely Fabulous l\u00e0 s\u1ef1 k\u1ebft h\u1ee3p \u0111\u1ed9c \u0111\u00e1o v\u00e0 ph\u1ee9c t\u1ea1p c\u1ee7a nhi\u1ec1u lo\u1ea1i h\u01b0\u01a1ng li\u1ec7u kh\u00e1c nhau. H\u01b0\u01a1ng \u0111\u1ea7u c\u1ee7a Ansie, Clary Sage v\u00e0 Lavender mang l\u1ea1i s\u1ef1 thanh khi\u1ebft v\u00e0 tinh t\u1ebf, v\u1edbi m\u00f9i th\u01a1m nh\u1eb9 nh\u00e0ng v\u00e0 d\u1ecbu m\u00e1t c\u1ee7a Lavender, s\u1ef1 t\u01b0\u01a1i m\u1edbi c\u1ee7a Clary Sage v\u00e0 s\u1ef1 n\u1ed3ng n\u00e0n c\u1ee7a Ansie.<\/span><\/p>\n<div id=\"tango-element-highlighter\" style=\"--tango-highlighter-background-color: transparent; --tango-highlighter-color: #FF7442;\"><\/div>\n","protected":false},"featured_media":23984,"comment_status":"open","ping_status":"closed","template":"","meta":[],"etheme_brands":[],"product_cat":[100],"product_tag":[],"scent-family":[725],"diffusion-area":[],"scent-intensity":[151],"scent-recommendations":[716,163,162,161],"scent-pyramid":[],"class_list":{"0":"post-6484","1":"product","2":"type-product","3":"status-publish","4":"has-post-thumbnail","6":"product_cat-bo-suu-tap-black","7":"scent-family-unisex","8":"scent-intensity-vua","9":"scent-recommendations-bar","10":"scent-recommendations-cua-hang-thoi-trang","11":"scent-recommendations-phong-trung-bay","12":"scent-recommendations-trung-tam-mua-sam","14":"first","15":"instock","16":"shipping-taxable","17":"purchasable","18":"product-type-simple"},"acf":[],"_links":{"self":[{"href":"https:\/\/kodointernational.com\/vi\/wp-json\/wp\/v2\/product\/6484","targetHints":{"allow":["GET"]}}],"collection":[{"href":"https:\/\/kodointernational.com\/vi\/wp-json\/wp\/v2\/product"}],"about":[{"href":"https:\/\/kodointernational.com\/vi\/wp-json\/wp\/v2\/types\/product"}],"replies":[{"embeddable":true,"href":"https:\/\/kodointernational.com\/vi\/wp-json\/wp\/v2\/comments?post=6484"}],"version-history":[{"count":0,"href":"https:\/\/kodointernational.com\/vi\/wp-json\/wp\/v2\/product\/6484\/revisions"}],"wp:featuredmedia":[{"embeddable":true,"href":"https:\/\/kodointernational.com\/vi\/wp-json\/wp\/v2\/media\/23984"}],"wp:attachment":[{"href":"https:\/\/kodointernational.com\/vi\/wp-json\/wp\/v2\/media?parent=6484"}],"wp:term":[{"taxonomy":"brand","embeddable":true,"href":"https:\/\/kodointernational.com\/vi\/wp-json\/wp\/v2\/etheme_brands?post=6484"},{"taxonomy":"product_cat","embeddable":true,"href":"https:\/\/kodointernational.com\/vi\/wp-json\/wp\/v2\/product_cat?post=6484"},{"taxonomy":"product_tag","embeddable":true,"href":"https:\/\/kodointernational.com\/vi\/wp-json\/wp\/v2\/product_tag?post=6484"},{"taxonomy":"scent-family","embeddable":true,"href":"https:\/\/kodointernational.com\/vi\/wp-json\/wp\/v2\/scent-family?post=6484"},{"taxonomy":"diffusion-area","embeddable":true,"href":"https:\/\/kodointernational.com\/vi\/wp-json\/wp\/v2\/diffusion-area?post=6484"},{"taxonomy":"scent-intensity","embeddable":true,"href":"https:\/\/kodointernational.com\/vi\/wp-json\/wp\/v2\/scent-intensity?post=6484"},{"taxonomy":"scent-recommendations","embeddable":true,"href":"https:\/\/kodointernational.com\/vi\/wp-json\/wp\/v2\/scent-recommendations?post=6484"},{"taxonomy":"scent-pyramid","embeddable":true,"href":"https:\/\/kodointernational.com\/vi\/wp-json\/wp\/v2\/scent-pyramid?post=6484"}],"curies":[{"name":"wp","href":"https:\/\/api.w.org\/{rel}","templated":true}]}}