{"id":6468,"date":"2023-02-26T19:47:08","date_gmt":"2023-02-26T12:47:08","guid":{"rendered":"http:\/\/18.143.89.174\/?post_type=product&#038;p=6468"},"modified":"2024-08-02T16:35:50","modified_gmt":"2024-08-02T09:35:50","slug":"the-intercon","status":"publish","type":"product","link":"https:\/\/kodointernational.com\/vi\/product\/the-intercon\/","title":{"rendered":"The Intercon"},"content":{"rendered":"<p>&nbsp;<\/p>\n<div id=\"tango-element-highlighter\" style=\"--tango-highlighter-background-color: transparent; --tango-highlighter-color: #FF7442;\"><\/div>\n","protected":false},"excerpt":{"rendered":"<p style=\"text-align: justify;\"><span style=\"font-size: 12pt;\">H\u01b0\u01a1ng th\u01a1m \u0111\u1ea7u l\u00e0 m\u1ed9t h\u1ed7n h\u1ee3p t\u01b0\u01a1i m\u00e1t tuy\u1ec7t v\u1eddi c\u1ee7a Bergamot, v\u1ecf cam. K\u1ebf \u0111\u1ebfn l\u1ea1i l\u00e0 s\u1ef1 chuy\u1ec3n bi\u1ebfn \u0111\u1ed9c \u0111\u00e1o sang giai \u0111i\u1ec7u ng\u1ecdt ng\u00e0o c\u1ee7a hoa l\u00e0i, hoa h\u1ed3ng l\u00e0m kh\u00f4ng gian tr\u1edf n\u00ean n\u00ean quy\u1ebfn r\u0169 v\u00e0 cu\u1ed1i c\u00f9ng l\u00e0 h\u01b0\u01a1ng th\u01a1m k\u1ebft h\u1ee3p c\u1ee7a r\u00eau s\u1ed3i, ho\u1eafc h\u01b0\u01a1ng s\u00e2u l\u1eafng.<\/span><\/p>\n<div id=\"tango-element-highlighter\" style=\"--tango-highlighter-background-color: transparent; --tango-highlighter-color: #FF7442; text-align: justify;\"><\/div>\n","protected":false},"featured_media":24717,"comment_status":"open","ping_status":"closed","template":"","meta":[],"etheme_brands":[],"product_cat":[99],"product_tag":[],"scent-family":[725],"diffusion-area":[],"scent-intensity":[151],"scent-recommendations":[163,162,160],"scent-pyramid":[],"class_list":{"0":"post-6468","1":"product","2":"type-product","3":"status-publish","4":"has-post-thumbnail","6":"product_cat-bo-suu-tap-luxury","7":"scent-family-unisex","8":"scent-intensity-vua","9":"scent-recommendations-cua-hang-thoi-trang","10":"scent-recommendations-phong-trung-bay","11":"scent-recommendations-van-phong","13":"first","14":"instock","15":"shipping-taxable","16":"purchasable","17":"product-type-simple"},"acf":[],"_links":{"self":[{"href":"https:\/\/kodointernational.com\/vi\/wp-json\/wp\/v2\/product\/6468","targetHints":{"allow":["GET"]}}],"collection":[{"href":"https:\/\/kodointernational.com\/vi\/wp-json\/wp\/v2\/product"}],"about":[{"href":"https:\/\/kodointernational.com\/vi\/wp-json\/wp\/v2\/types\/product"}],"replies":[{"embeddable":true,"href":"https:\/\/kodointernational.com\/vi\/wp-json\/wp\/v2\/comments?post=6468"}],"version-history":[{"count":0,"href":"https:\/\/kodointernational.com\/vi\/wp-json\/wp\/v2\/product\/6468\/revisions"}],"wp:featuredmedia":[{"embeddable":true,"href":"https:\/\/kodointernational.com\/vi\/wp-json\/wp\/v2\/media\/24717"}],"wp:attachment":[{"href":"https:\/\/kodointernational.com\/vi\/wp-json\/wp\/v2\/media?parent=6468"}],"wp:term":[{"taxonomy":"brand","embeddable":true,"href":"https:\/\/kodointernational.com\/vi\/wp-json\/wp\/v2\/etheme_brands?post=6468"},{"taxonomy":"product_cat","embeddable":true,"href":"https:\/\/kodointernational.com\/vi\/wp-json\/wp\/v2\/product_cat?post=6468"},{"taxonomy":"product_tag","embeddable":true,"href":"https:\/\/kodointernational.com\/vi\/wp-json\/wp\/v2\/product_tag?post=6468"},{"taxonomy":"scent-family","embeddable":true,"href":"https:\/\/kodointernational.com\/vi\/wp-json\/wp\/v2\/scent-family?post=6468"},{"taxonomy":"diffusion-area","embeddable":true,"href":"https:\/\/kodointernational.com\/vi\/wp-json\/wp\/v2\/diffusion-area?post=6468"},{"taxonomy":"scent-intensity","embeddable":true,"href":"https:\/\/kodointernational.com\/vi\/wp-json\/wp\/v2\/scent-intensity?post=6468"},{"taxonomy":"scent-recommendations","embeddable":true,"href":"https:\/\/kodointernational.com\/vi\/wp-json\/wp\/v2\/scent-recommendations?post=6468"},{"taxonomy":"scent-pyramid","embeddable":true,"href":"https:\/\/kodointernational.com\/vi\/wp-json\/wp\/v2\/scent-pyramid?post=6468"}],"curies":[{"name":"wp","href":"https:\/\/api.w.org\/{rel}","templated":true}]}}