{"id":4923,"date":"2023-01-06T07:39:55","date_gmt":"2023-01-06T00:39:55","guid":{"rendered":"http:\/\/18.143.89.174\/?post_type=product&#038;p=4923"},"modified":"2024-09-11T17:33:46","modified_gmt":"2024-09-11T10:33:46","slug":"kodo-vase","status":"publish","type":"product","link":"https:\/\/kodointernational.com\/vi\/product\/kodo-vase\/","title":{"rendered":"KODO Vase"},"content":{"rendered":"\t\t<div data-elementor-type=\"wp-post\" data-elementor-id=\"4923\" class=\"elementor elementor-4923\" data-elementor-post-type=\"product\">\n\t\t\t\t\t\t\t\t\t<section class=\"elementor-section elementor-top-section elementor-element elementor-element-eebef4e elementor-section-content-middle elementor-section-stretched elementor-section-boxed elementor-section-height-default elementor-section-height-default\" data-id=\"eebef4e\" data-element_type=\"section\" data-settings=\"{&quot;stretch_section&quot;:&quot;section-stretched&quot;}\">\n\t\t\t\t\t\t<div class=\"elementor-container elementor-column-gap-custom\">\n\t\t\t\t\t<div class=\"elementor-column elementor-col-50 elementor-top-column elementor-element elementor-element-7872312\" data-id=\"7872312\" data-element_type=\"column\">\n\t\t\t<div class=\"elementor-widget-wrap elementor-element-populated\">\n\t\t\t\t\t\t\t\t\t<\/div>\n\t\t<\/div>\n\t\t\t\t<div class=\"elementor-column elementor-col-50 elementor-top-column elementor-element elementor-element-162a70a\" data-id=\"162a70a\" data-element_type=\"column\">\n\t\t\t<div class=\"elementor-widget-wrap\">\n\t\t\t\t\t\t\t\t\t<\/div>\n\t\t<\/div>\n\t\t\t\t\t\t\t<\/div>\n\t\t<\/section>\n\t\t\t\t<section class=\"elementor-section elementor-top-section elementor-element elementor-element-a55dcaf elementor-section-content-middle elementor-section-stretched elementor-section-boxed elementor-section-height-default elementor-section-height-default\" data-id=\"a55dcaf\" data-element_type=\"section\" data-settings=\"{&quot;stretch_section&quot;:&quot;section-stretched&quot;}\">\n\t\t\t\t\t\t<div class=\"elementor-container elementor-column-gap-custom\">\n\t\t\t\t\t<div class=\"elementor-column elementor-col-50 elementor-top-column elementor-element elementor-element-f089b38\" data-id=\"f089b38\" data-element_type=\"column\">\n\t\t\t<div class=\"elementor-widget-wrap elementor-element-populated\">\n\t\t\t\t\t\t\t\t<div class=\"elementor-element elementor-element-0eb316b elementor-widget elementor-widget-heading\" data-id=\"0eb316b\" data-element_type=\"widget\" data-widget_type=\"heading.default\">\n\t\t\t\t<div class=\"elementor-widget-container\">\n\t\t\t<style>\/*! elementor - v3.18.0 - 08-12-2023 *\/\n.elementor-heading-title{padding:0;margin:0;line-height:1}.elementor-widget-heading .elementor-heading-title[class*=elementor-size-]>a{color:inherit;font-size:inherit;line-height:inherit}.elementor-widget-heading .elementor-heading-title.elementor-size-small{font-size:15px}.elementor-widget-heading .elementor-heading-title.elementor-size-medium{font-size:19px}.elementor-widget-heading .elementor-heading-title.elementor-size-large{font-size:29px}.elementor-widget-heading .elementor-heading-title.elementor-size-xl{font-size:39px}.elementor-widget-heading .elementor-heading-title.elementor-size-xxl{font-size:59px}<\/style><h2 class=\"elementor-heading-title elementor-size-default\">CHI TI\u1ebeT S\u1ea2N PH\u1ea8M<\/h2>\t\t<\/div>\n\t\t\t\t<\/div>\n\t\t\t\t<div class=\"elementor-element elementor-element-c845686 elementor-widget elementor-widget-text-editor\" data-id=\"c845686\" data-element_type=\"widget\" data-widget_type=\"text-editor.default\">\n\t\t\t\t<div class=\"elementor-widget-container\">\n\t\t\t<style>\/*! elementor - v3.18.0 - 08-12-2023 *\/\n.elementor-widget-text-editor.elementor-drop-cap-view-stacked .elementor-drop-cap{background-color:#69727d;color:#fff}.elementor-widget-text-editor.elementor-drop-cap-view-framed .elementor-drop-cap{color:#69727d;border:3px solid;background-color:transparent}.elementor-widget-text-editor:not(.elementor-drop-cap-view-default) .elementor-drop-cap{margin-top:8px}.elementor-widget-text-editor:not(.elementor-drop-cap-view-default) .elementor-drop-cap-letter{width:1em;height:1em}.elementor-widget-text-editor .elementor-drop-cap{float:left;text-align:center;line-height:1;font-size:50px}.elementor-widget-text-editor .elementor-drop-cap-letter{display:inline-block}<\/style>\t\t\t\tS\u1ea3n ph\u1ea9m m\u00e1y khu\u1ebfch t\u00e1n, x\u00f4ng tinh d\u1ea7u KD Vase g\u1ed3m c\u00e1c b\u1ed9 ph\u1eadn sau:\r\n<ul>\r\n \t<li>\u00a0Th\u00e2n m\u00e1y<\/li>\r\n \t<li>\u00a0N\u00fat ngu\u1ed3n<\/li>\r\n \t<li>\u00a0\u0110\u00e8n b\u00e1o m\u1ee9c \u0111\u1ed9<\/li>\r\n \t<li>\u00a0\u0110\u00e8n ng\u1ee7<\/li>\r\n \t<li>\u00a0N\u00fat \u0111i\u1ec1u ch\u1ec9nh m\u00e0u s\u1eafc \u0111\u00e8n ng\u1ee7<\/li>\r\n \t<li>\u00a0C\u1ed5ng s\u1ea1c<\/li>\r\n \t<li>\u00a0B\u00ecnh d\u1ea7u 15ml<\/li>\r\n \t<li>\u00a0\u0110\u1ea7u m\u00e1y b\u01a1m \u0111\u1ea7u<\/li>\r\n<\/ul>\r\nQuy c\u00e1ch \u0111\u00f3ng g\u00f3i M\u00e1y khu\u1ebfch t\u00e1n, x\u00f4ng tinh d\u1ea7u KD Vase:\r\n<ul>\r\n \t<li>1 m\u00e1y khu\u1ebfch t\u00e1n, x\u00f4ng tinh d\u1ea7u nguy\u00ean ch\u1ea5t KD Vase<\/li>\r\n \t<li>1 d\u00e2y c\u00e1p s\u1ea1c<\/li>\r\n \t<li>2 b\u00ecnh d\u1ea7u r\u1ed7ng<\/li>\r\n \t<li>\u00a01 h\u01b0\u1edbng d\u1eabn s\u1eed d\u1ee5ng<\/li>\r\n<\/ul>\t\t\t\t\t\t<\/div>\n\t\t\t\t<\/div>\n\t\t\t\t\t<\/div>\n\t\t<\/div>\n\t\t\t\t<div class=\"elementor-column elementor-col-50 elementor-top-column elementor-element elementor-element-4566e30\" data-id=\"4566e30\" data-element_type=\"column\">\n\t\t\t<div class=\"elementor-widget-wrap elementor-element-populated\">\n\t\t\t\t\t\t\t\t\t<\/div>\n\t\t<\/div>\n\t\t\t\t\t\t\t<\/div>\n\t\t<\/section>\n\t\t\t\t<section class=\"elementor-section elementor-top-section elementor-element elementor-element-1d8b32e elementor-section-content-middle elementor-reverse-mobile elementor-section-stretched elementor-section-boxed elementor-section-height-default elementor-section-height-default\" data-id=\"1d8b32e\" data-element_type=\"section\" data-settings=\"{&quot;stretch_section&quot;:&quot;section-stretched&quot;}\">\n\t\t\t\t\t\t<div class=\"elementor-container elementor-column-gap-custom\">\n\t\t\t\t\t<div class=\"elementor-column elementor-col-50 elementor-top-column elementor-element elementor-element-c0fa159\" data-id=\"c0fa159\" data-element_type=\"column\">\n\t\t\t<div class=\"elementor-widget-wrap elementor-element-populated\">\n\t\t\t\t\t\t\t\t\t<\/div>\n\t\t<\/div>\n\t\t\t\t<div class=\"elementor-column elementor-col-50 elementor-top-column elementor-element elementor-element-9f49d77\" data-id=\"9f49d77\" data-element_type=\"column\">\n\t\t\t<div class=\"elementor-widget-wrap elementor-element-populated\">\n\t\t\t\t\t\t\t\t<div class=\"elementor-element elementor-element-46a8187 elementor-widget elementor-widget-heading\" data-id=\"46a8187\" data-element_type=\"widget\" data-widget_type=\"heading.default\">\n\t\t\t\t<div class=\"elementor-widget-container\">\n\t\t\t<h2 class=\"elementor-heading-title elementor-size-default\">TH\u00d4NG S\u1ed0 K\u1ef8 THU\u1eacT<\/h2>\t\t<\/div>\n\t\t\t\t<\/div>\n\t\t\t\t<div class=\"elementor-element elementor-element-a0e17bf elementor-widget elementor-widget-text-editor\" data-id=\"a0e17bf\" data-element_type=\"widget\" data-widget_type=\"text-editor.default\">\n\t\t\t\t<div class=\"elementor-widget-container\">\n\t\t\t\t\t\t\t<ul>\r\n \t<li>K\u00edch th\u01b0\u1edbc : 120 x 65 mm<\/li>\r\n \t<li>\u0110\u00e8n Led : 9 m\u00e0u<\/li>\r\n \t<li>Ph\u1ee5 ki\u1ec7n k\u00e8m theo: D\u00e2y s\u1ea1c USB + 2 b\u00ecnh d\u1ea7u thay th\u1ebf 15ml<\/li>\r\n \t<li>Kh\u00f4ng gian ph\u00f9 h\u1ee3p : 20-30\u33a1<\/li>\r\n \t<li>Ngu\u1ed3n \u0111i\u1ec7n : 220V<\/li>\r\n<\/ul>\t\t\t\t\t\t<\/div>\n\t\t\t\t<\/div>\n\t\t\t\t\t<\/div>\n\t\t<\/div>\n\t\t\t\t\t\t\t<\/div>\n\t\t<\/section>\n\t\t\t\t<section class=\"elementor-section elementor-top-section elementor-element elementor-element-fe60240 elementor-section-content-middle elementor-section-stretched elementor-section-boxed elementor-section-height-default elementor-section-height-default\" data-id=\"fe60240\" data-element_type=\"section\" data-settings=\"{&quot;stretch_section&quot;:&quot;section-stretched&quot;}\">\n\t\t\t\t\t\t<div class=\"elementor-container elementor-column-gap-custom\">\n\t\t\t\t\t<div class=\"elementor-column elementor-col-50 elementor-top-column elementor-element elementor-element-795704f\" data-id=\"795704f\" data-element_type=\"column\">\n\t\t\t<div class=\"elementor-widget-wrap elementor-element-populated\">\n\t\t\t\t\t\t\t\t<div class=\"elementor-element elementor-element-a0dd1c4 elementor-widget elementor-widget-heading\" data-id=\"a0dd1c4\" data-element_type=\"widget\" data-widget_type=\"heading.default\">\n\t\t\t\t<div class=\"elementor-widget-container\">\n\t\t\t<h2 class=\"elementor-heading-title elementor-size-default\">H\u01af\u1edaNG D\u1eaaN S\u1eec D\u1ee4NG<\/h2>\t\t<\/div>\n\t\t\t\t<\/div>\n\t\t\t\t<div class=\"elementor-element elementor-element-315ec8d elementor-widget elementor-widget-text-editor\" data-id=\"315ec8d\" data-element_type=\"widget\" data-widget_type=\"text-editor.default\">\n\t\t\t\t<div class=\"elementor-widget-container\">\n\t\t\t\t\t\t\t1. M\u1edf \u0111\u1ea7u m\u00e1y phun tinh d\u1ea7u\r\n\r\n2. V\u1eb7n l\u1ea5y b\u00ecnh ch\u1ee9a tinh d\u1ea7u\r\n\r\n3. Ch\u00e2m tinh d\u1ea7u v\u00e0o 2\/3 b\u00ecnh v\u00e0 g\u1eafn l\u1ea1i v\u00e0o \u0111\u1ea7u m\u00e1y\r\n\r\n4. \u1ea4n nh\u1eb9 \u0111\u1ea7u m\u00e1y k\u00e8m b\u00ecnh d\u1ea7u v\u00e0o ch\u1ed7 ban \u0111\u1ea7u\r\n\r\n5. \u1ea4n v\u00e0 gi\u1eef 3s \u0111\u1ec3 kh\u1edf \u0111\u1ed9ng m\u00e1y\r\n\r\n6. Ch\u1ecdn m\u1ee9c khu\u1ebfch t\u00e1n mong mu\u1ed1n\r\n\r\n7. \u1ea4n v\u00e0o n\u00fat thay \u0111\u1ed5i m\u00e0u \u0111\u00e8n ng\u1ee7 ph\u00eda sau m\u00e1y \u0111\u1ec3 ch\u1ecdn m\u00e0u s\u1eafc \u01b0u th\u00edch.\t\t\t\t\t\t<\/div>\n\t\t\t\t<\/div>\n\t\t\t\t\t<\/div>\n\t\t<\/div>\n\t\t\t\t<div class=\"elementor-column elementor-col-50 elementor-top-column elementor-element elementor-element-e36bb87\" data-id=\"e36bb87\" data-element_type=\"column\">\n\t\t\t<div class=\"elementor-widget-wrap elementor-element-populated\">\n\t\t\t\t\t\t\t\t<div class=\"elementor-element elementor-element-d09a7e9 elementor-widget elementor-widget-image\" data-id=\"d09a7e9\" data-element_type=\"widget\" data-widget_type=\"image.default\">\n\t\t\t\t<div class=\"elementor-widget-container\">\n\t\t\t<style>\/*! elementor - v3.18.0 - 08-12-2023 *\/\n.elementor-widget-image{text-align:center}.elementor-widget-image a{display:inline-block}.elementor-widget-image a img[src$=\".svg\"]{width:48px}.elementor-widget-image img{vertical-align:middle;display:inline-block}<\/style>\t\t\t\t\t\t\t\t\t\t\t\t<img decoding=\"async\" src=\"https:\/\/kodointernational.com\/wp-content\/uploads\/2023\/01\/Kodo-Vase_06.png\" title=\"\" alt=\"\" loading=\"lazy\" \/>\t\t\t\t\t\t\t\t\t\t\t\t\t\t\t<\/div>\n\t\t\t\t<\/div>\n\t\t\t\t\t<\/div>\n\t\t<\/div>\n\t\t\t\t\t\t\t<\/div>\n\t\t<\/section>\n\t\t\t\t<section class=\"elementor-section elementor-top-section elementor-element elementor-element-2d689a2 elementor-section-content-middle elementor-reverse-mobile elementor-section-stretched elementor-section-boxed elementor-section-height-default elementor-section-height-default\" data-id=\"2d689a2\" data-element_type=\"section\" data-settings=\"{&quot;stretch_section&quot;:&quot;section-stretched&quot;}\">\n\t\t\t\t\t\t<div class=\"elementor-container elementor-column-gap-custom\">\n\t\t\t\t\t<div class=\"elementor-column elementor-col-50 elementor-top-column elementor-element elementor-element-512a55a\" data-id=\"512a55a\" data-element_type=\"column\">\n\t\t\t<div class=\"elementor-widget-wrap elementor-element-populated\">\n\t\t\t\t\t\t\t\t<div class=\"elementor-element elementor-element-d4dcc15 elementor-widget elementor-widget-image\" data-id=\"d4dcc15\" data-element_type=\"widget\" data-widget_type=\"image.default\">\n\t\t\t\t<div class=\"elementor-widget-container\">\n\t\t\t\t\t\t\t\t\t\t\t\t\t\t\t<img decoding=\"async\" src=\"https:\/\/kodointernational.com\/wp-content\/uploads\/2023\/01\/Screenshot_2.png\" title=\"\" alt=\"\" loading=\"lazy\" \/>\t\t\t\t\t\t\t\t\t\t\t\t\t\t\t<\/div>\n\t\t\t\t<\/div>\n\t\t\t\t\t<\/div>\n\t\t<\/div>\n\t\t\t\t<div class=\"elementor-column elementor-col-50 elementor-top-column elementor-element elementor-element-78097bf\" data-id=\"78097bf\" data-element_type=\"column\">\n\t\t\t<div class=\"elementor-widget-wrap elementor-element-populated\">\n\t\t\t\t\t\t\t\t<div class=\"elementor-element elementor-element-2d5d290 elementor-widget elementor-widget-heading\" data-id=\"2d5d290\" data-element_type=\"widget\" data-widget_type=\"heading.default\">\n\t\t\t\t<div class=\"elementor-widget-container\">\n\t\t\t<h2 class=\"elementor-heading-title elementor-size-default\">TH\u00d4NG TIN C\u00d4NG N\u0102NG S\u1ea2N PH\u1ea8M<\/h2>\t\t<\/div>\n\t\t\t\t<\/div>\n\t\t\t\t<div class=\"elementor-element elementor-element-8e16c8e elementor-widget elementor-widget-text-editor\" data-id=\"8e16c8e\" data-element_type=\"widget\" data-widget_type=\"text-editor.default\">\n\t\t\t\t<div class=\"elementor-widget-container\">\n\t\t\t\t\t\t\t1. Tr\u1ea1ng th\u00e1i khi s\u1ea1c m\u00e1y khu\u1ebfch t\u00e1n, x\u00f4ng tinh d\u1ea7u KD Vase, \u0111\u00e8n s\u1ea1c ph\u00eda sau m\u00e1y s\u1ebd lu\u00f4n s\u00e1ng \u0111\u1ecf, v\u00e0 khi s\u1ea1c \u0111\u1ea7y \u0111\u00e8n s\u1ebd t\u1ef1 \u0111\u1ed9ng chuy\u1ec3n m\u00e0u xanh. S\u1ea1c \u0111\u1ea7y sau 3h, c\u00f3 th\u1ec3 s\u1eed d\u1ee5ng li\u00ean t\u1ee5c 24h\r\n\r\n2. T\u1ef1 \u0111\u1ed9ng t\u1eaft khi m\u00e1y kh\u00f4ng ho\u1ea1t \u0111\u1ed9ng, h\u1ec7 th\u1ed1ng m\u00e1y s\u1ebd t\u1ef1 \u0111\u1ed9ng t\u1eaft sau 3 gi\u1edd \u0111\u1ed3ng h\u1ed3.\r\n\r\n3. \u0110\u00e8n ng\u1ee7 chuy\u1ec3n m\u00e0u c\u00f3 \u0111\u1ebfn 9 m\u00e0u s\u1eafc: xanh l\u00e1, \u0111\u1ecf, xanh d\u01b0\u01a1ng, t\u00edm than, cam, tr\u1eafng, xanh \u0111en, v\u00e0ng xanh\r\n\r\n4. C\u00e1c n\u00fat ch\u1ee9c n\u0103ng:\r\nN\u00fat ngu\u1ed3n: \u1ea5n gi\u1eef \u0111\u1ec3 kh\u1edfi \u0111\u1ed9ng m\u00e1y, \u1ea5n \u0111\u1ec3 thay \u0111\u1ed5i m\u1ee9c \u0111\u1ed9 khu\u1ebfch t\u00e1n.\r\nN\u00fat \u0111i\u1ec1u ch\u1ec9nh \u0111\u00e8n ng\u1ee7: \u1ea4n \u0111\u1ebfn khi thay \u0111\u1ed5i m\u00e0u s\u1eafc ho\u1eb7c \u0111\u1ec3 t\u1eaft \u0111\u00e8n ng\u1ee7\t\t\t\t\t\t<\/div>\n\t\t\t\t<\/div>\n\t\t\t\t\t<\/div>\n\t\t<\/div>\n\t\t\t\t\t\t\t<\/div>\n\t\t<\/section>\n\t\t\t\t<section class=\"elementor-section elementor-top-section elementor-element elementor-element-9b502b5 elementor-section-content-middle elementor-section-stretched elementor-section-boxed elementor-section-height-default elementor-section-height-default\" data-id=\"9b502b5\" data-element_type=\"section\" data-settings=\"{&quot;stretch_section&quot;:&quot;section-stretched&quot;}\">\n\t\t\t\t\t\t<div class=\"elementor-container elementor-column-gap-custom\">\n\t\t\t\t\t<div class=\"elementor-column elementor-col-50 elementor-top-column elementor-element elementor-element-7869d7a\" data-id=\"7869d7a\" data-element_type=\"column\">\n\t\t\t<div class=\"elementor-widget-wrap elementor-element-populated\">\n\t\t\t\t\t\t\t\t<div class=\"elementor-element elementor-element-2f380ff elementor-widget elementor-widget-text-editor\" data-id=\"2f380ff\" data-element_type=\"widget\" data-widget_type=\"text-editor.default\">\n\t\t\t\t<div class=\"elementor-widget-container\">\n\t\t\t\t\t\t\t\t\t\t\t\t\t<\/div>\n\t\t\t\t<\/div>\n\t\t\t\t\t<\/div>\n\t\t<\/div>\n\t\t\t\t<div class=\"elementor-column elementor-col-50 elementor-top-column elementor-element elementor-element-276ff54\" data-id=\"276ff54\" data-element_type=\"column\">\n\t\t\t<div class=\"elementor-widget-wrap elementor-element-populated\">\n\t\t\t\t\t\t\t\t<div class=\"elementor-element elementor-element-20efae5 elementor-widget elementor-widget-image\" data-id=\"20efae5\" data-element_type=\"widget\" data-widget_type=\"image.default\">\n\t\t\t\t<div class=\"elementor-widget-container\">\n\t\t\t\t\t\t\t\t\t\t\t\t\t\t\t<img decoding=\"async\" src=\"https:\/\/kodointernational.com\/wp-content\/uploads\/2023\/01\/Kodo-Vase_06.png\" title=\"\" alt=\"\" loading=\"lazy\" \/>\t\t\t\t\t\t\t\t\t\t\t\t\t\t\t<\/div>\n\t\t\t\t<\/div>\n\t\t\t\t\t<\/div>\n\t\t<\/div>\n\t\t\t\t\t\t\t<\/div>\n\t\t<\/section>\n\t\t\t\t\t\t\t<\/div>\n\t\t","protected":false},"excerpt":{"rendered":"<p>D\u00f2ng m\u00e1y khu\u1ebfch t\u00e1n tinh d\u1ea7u cao c\u1ea5p chuy\u00ean d\u1ee5ng d\u00e0nh cho c\u00e1c kh\u00f4ng gian nh\u01b0 ph\u00f2ng ng\u1ee7, ph\u00f2ng \u0111\u1ecdc s\u00e1ch, ph\u00f2ng karaoke,.. M\u00e1y k\u1ebft h\u1ee3p ch\u1ee9c n\u0103ng \u0111\u00e8n v\u1edbi \u0111a d\u1ea1ng m\u00e0u s\u1eafc.<\/p>\n","protected":false},"featured_media":27140,"comment_status":"open","ping_status":"closed","template":"","meta":[],"etheme_brands":[],"product_cat":[90,344],"product_tag":[],"scent-family":[],"diffusion-area":[339],"scent-intensity":[],"scent-recommendations":[],"scent-pyramid":[],"class_list":{"0":"post-4923","1":"product","2":"type-product","3":"status-publish","4":"has-post-thumbnail","6":"product_cat-may-khuech-tan","7":"product_cat-dong-may-gia-dinh","8":"pa_mau-sac-den","9":"pa_mau-sac-trang","10":"diffusion-area-20m2","12":"first","13":"instock","14":"featured","15":"shipping-taxable","16":"purchasable","17":"product-type-simple"},"acf":[],"_links":{"self":[{"href":"https:\/\/kodointernational.com\/vi\/wp-json\/wp\/v2\/product\/4923","targetHints":{"allow":["GET"]}}],"collection":[{"href":"https:\/\/kodointernational.com\/vi\/wp-json\/wp\/v2\/product"}],"about":[{"href":"https:\/\/kodointernational.com\/vi\/wp-json\/wp\/v2\/types\/product"}],"replies":[{"embeddable":true,"href":"https:\/\/kodointernational.com\/vi\/wp-json\/wp\/v2\/comments?post=4923"}],"version-history":[{"count":0,"href":"https:\/\/kodointernational.com\/vi\/wp-json\/wp\/v2\/product\/4923\/revisions"}],"wp:featuredmedia":[{"embeddable":true,"href":"https:\/\/kodointernational.com\/vi\/wp-json\/wp\/v2\/media\/27140"}],"wp:attachment":[{"href":"https:\/\/kodointernational.com\/vi\/wp-json\/wp\/v2\/media?parent=4923"}],"wp:term":[{"taxonomy":"brand","embeddable":true,"href":"https:\/\/kodointernational.com\/vi\/wp-json\/wp\/v2\/etheme_brands?post=4923"},{"taxonomy":"product_cat","embeddable":true,"href":"https:\/\/kodointernational.com\/vi\/wp-json\/wp\/v2\/product_cat?post=4923"},{"taxonomy":"product_tag","embeddable":true,"href":"https:\/\/kodointernational.com\/vi\/wp-json\/wp\/v2\/product_tag?post=4923"},{"taxonomy":"scent-family","embeddable":true,"href":"https:\/\/kodointernational.com\/vi\/wp-json\/wp\/v2\/scent-family?post=4923"},{"taxonomy":"diffusion-area","embeddable":true,"href":"https:\/\/kodointernational.com\/vi\/wp-json\/wp\/v2\/diffusion-area?post=4923"},{"taxonomy":"scent-intensity","embeddable":true,"href":"https:\/\/kodointernational.com\/vi\/wp-json\/wp\/v2\/scent-intensity?post=4923"},{"taxonomy":"scent-recommendations","embeddable":true,"href":"https:\/\/kodointernational.com\/vi\/wp-json\/wp\/v2\/scent-recommendations?post=4923"},{"taxonomy":"scent-pyramid","embeddable":true,"href":"https:\/\/kodointernational.com\/vi\/wp-json\/wp\/v2\/scent-pyramid?post=4923"}],"curies":[{"name":"wp","href":"https:\/\/api.w.org\/{rel}","templated":true}]}}