{"id":26490,"date":"2024-08-17T20:47:37","date_gmt":"2024-08-17T13:47:37","guid":{"rendered":"https:\/\/kodointernational.com\/?post_type=product&#038;p=26490"},"modified":"2024-08-17T20:47:37","modified_gmt":"2024-08-17T13:47:37","slug":"bo-den-da-khuech-tan-tinh-dau-kodo-den-da-thach-anh","status":"publish","type":"product","link":"https:\/\/kodointernational.com\/vi\/product\/bo-den-da-khuech-tan-tinh-dau-kodo-den-da-thach-anh\/","title":{"rendered":"B\u00f4\u0323 \u0110e\u0300n \u0110\u00e1 Khu\u1ebfch T\u00e1n Tinh D\u1ea7u KODO \u0110\u00e8n \u0110\u00e1 Th\u1ea1ch Anh"},"content":{"rendered":"","protected":false},"excerpt":{"rendered":"<p>Vi\u1ec7c \u0111\u1ed1t n\u00f3ng \u0111\u00e1 th\u1ea1ch anh v\u00e0ng v\u00e0 tinh d\u1ea7u r\u1ea5t c\u00f3 hi\u1ec7u qu\u1ea3 trong vi\u1ec7c thu h\u00fat t\u00e0i l\u1ed9c, th\u00e0nh c\u00f4ng may m\u1eafn. \u0110\u00e2y c\u00f2n l\u00e0 li\u1ec7u ph\u00e1p t\u1ea1o n\u0103ng l\u01b0\u1ee3ng t\u00edch c\u1ef1c cho tinh th\u1ea7n, mang \u0111\u1ebfn s\u1ef1 t\u1ef1 tin, l\u1ea1c quan v\u00e0 \u00fd ch\u00ed v\u00f4 c\u00f9ng l\u1edbn \u2026. Ch\u00ednh v\u00ec th\u1ebf, BST 3IN1 \u0111\u1ebfn t\u1eeb KODO bao g\u1ed3m; \u0111\u00e8n aroma, tinh d\u1ea7u v\u00e0 \u0111\u00e1 th\u1ea1ch anh ch\u00ednh l\u00e0 l\u1ef1a ch\u1ecdn l\u00fd t\u01b0\u1edfng d\u00e0nh cho b\u1ea1n. Ch\u1ec9 c\u1ea7n nh\u1ecf v\u00e0i gi\u1ecdt tinh d\u1ea7u KODO, k\u1ebft h\u1ee3p v\u1edbi s\u1ee9c n\u00f3ng t\u1eeb \u0111\u00e8n AROMA s\u1ebd gi\u00fap cho \u0111\u00e1 th\u1ea1ch anh to\u1ea3 h\u01b0\u01a1ng c\u1ef1c k\u00ec t\u1ed1t trong kh\u00f4ng gian c\u1ee7a ri\u00eang b\u1ea1n.<\/p>\n","protected":false},"featured_media":26491,"comment_status":"open","ping_status":"closed","template":"","meta":[],"etheme_brands":[],"product_cat":[94],"product_tag":[],"scent-family":[],"diffusion-area":[],"scent-intensity":[],"scent-recommendations":[],"scent-pyramid":[],"class_list":{"0":"post-26490","1":"product","2":"type-product","3":"status-publish","4":"has-post-thumbnail","6":"product_cat-san-pham-khac","8":"first","9":"instock","10":"shipping-taxable","11":"product-type-simple"},"acf":[],"_links":{"self":[{"href":"https:\/\/kodointernational.com\/vi\/wp-json\/wp\/v2\/product\/26490","targetHints":{"allow":["GET"]}}],"collection":[{"href":"https:\/\/kodointernational.com\/vi\/wp-json\/wp\/v2\/product"}],"about":[{"href":"https:\/\/kodointernational.com\/vi\/wp-json\/wp\/v2\/types\/product"}],"replies":[{"embeddable":true,"href":"https:\/\/kodointernational.com\/vi\/wp-json\/wp\/v2\/comments?post=26490"}],"version-history":[{"count":0,"href":"https:\/\/kodointernational.com\/vi\/wp-json\/wp\/v2\/product\/26490\/revisions"}],"wp:featuredmedia":[{"embeddable":true,"href":"https:\/\/kodointernational.com\/vi\/wp-json\/wp\/v2\/media\/26491"}],"wp:attachment":[{"href":"https:\/\/kodointernational.com\/vi\/wp-json\/wp\/v2\/media?parent=26490"}],"wp:term":[{"taxonomy":"brand","embeddable":true,"href":"https:\/\/kodointernational.com\/vi\/wp-json\/wp\/v2\/etheme_brands?post=26490"},{"taxonomy":"product_cat","embeddable":true,"href":"https:\/\/kodointernational.com\/vi\/wp-json\/wp\/v2\/product_cat?post=26490"},{"taxonomy":"product_tag","embeddable":true,"href":"https:\/\/kodointernational.com\/vi\/wp-json\/wp\/v2\/product_tag?post=26490"},{"taxonomy":"scent-family","embeddable":true,"href":"https:\/\/kodointernational.com\/vi\/wp-json\/wp\/v2\/scent-family?post=26490"},{"taxonomy":"diffusion-area","embeddable":true,"href":"https:\/\/kodointernational.com\/vi\/wp-json\/wp\/v2\/diffusion-area?post=26490"},{"taxonomy":"scent-intensity","embeddable":true,"href":"https:\/\/kodointernational.com\/vi\/wp-json\/wp\/v2\/scent-intensity?post=26490"},{"taxonomy":"scent-recommendations","embeddable":true,"href":"https:\/\/kodointernational.com\/vi\/wp-json\/wp\/v2\/scent-recommendations?post=26490"},{"taxonomy":"scent-pyramid","embeddable":true,"href":"https:\/\/kodointernational.com\/vi\/wp-json\/wp\/v2\/scent-pyramid?post=26490"}],"curies":[{"name":"wp","href":"https:\/\/api.w.org\/{rel}","templated":true}]}}