{"id":26452,"date":"2024-08-17T20:36:41","date_gmt":"2024-08-17T13:36:41","guid":{"rendered":"https:\/\/kodointernational.com\/?post_type=product&#038;p=26452"},"modified":"2024-08-17T20:36:43","modified_gmt":"2024-08-17T13:36:43","slug":"tinh-dau-massage-cao-cap-kodo","status":"publish","type":"product","link":"https:\/\/kodointernational.com\/vi\/product\/tinh-dau-massage-cao-cap-kodo\/","title":{"rendered":"Tinh d\u1ea7u massage cao c\u1ea5p Kodo"},"content":{"rendered":"","protected":false},"excerpt":{"rendered":"<p>Tinh d\u1ea7u massage cao c\u1ea5p, 100% thi\u00ean nhi\u00ean, an to\u00e0n tuy\u1ec7t \u0111\u1ed1i. Tinh d\u1ea7u cao c\u1ea5p ch\u1ee9a nhi\u1ec1u ch\u1ea5t d\u01b0\u1ee1ng ch\u0103m s\u00f3c, t\u00e1i t\u1ea1o v\u00e0 l\u00e0m \u0111\u1eb9p da. H\u01b0\u01a1ng th\u01a1m thi\u00ean nhi\u00ean d\u1ecbu nh\u1eb9, th\u01b0 gi\u00e3n c\u1ea3m x\u00fac, t\u00e1i t\u1ea1o s\u1ee9c kh\u1ecfe v\u00e0 h\u1ed3i ph\u1ee5c n\u0103ng l\u01b0\u1ee3ng. Tinh ch\u1ea5t d\u01b0\u1ee1ng da th\u1ea5m nhanh, kh\u00f4ng t\u1ea1o \u0111\u1ed9 nh\u1eddn nh\u1edbt, b\u00f3ng r\u00edt tr\u00ean da<\/p>\n","protected":false},"featured_media":26453,"comment_status":"open","ping_status":"closed","template":"","meta":[],"etheme_brands":[],"product_cat":[94],"product_tag":[],"scent-family":[],"diffusion-area":[],"scent-intensity":[],"scent-recommendations":[],"scent-pyramid":[],"class_list":{"0":"post-26452","1":"product","2":"type-product","3":"status-publish","4":"has-post-thumbnail","6":"product_cat-san-pham-khac","8":"first","9":"instock","10":"shipping-taxable","11":"product-type-simple"},"acf":[],"_links":{"self":[{"href":"https:\/\/kodointernational.com\/vi\/wp-json\/wp\/v2\/product\/26452","targetHints":{"allow":["GET"]}}],"collection":[{"href":"https:\/\/kodointernational.com\/vi\/wp-json\/wp\/v2\/product"}],"about":[{"href":"https:\/\/kodointernational.com\/vi\/wp-json\/wp\/v2\/types\/product"}],"replies":[{"embeddable":true,"href":"https:\/\/kodointernational.com\/vi\/wp-json\/wp\/v2\/comments?post=26452"}],"version-history":[{"count":0,"href":"https:\/\/kodointernational.com\/vi\/wp-json\/wp\/v2\/product\/26452\/revisions"}],"wp:featuredmedia":[{"embeddable":true,"href":"https:\/\/kodointernational.com\/vi\/wp-json\/wp\/v2\/media\/26453"}],"wp:attachment":[{"href":"https:\/\/kodointernational.com\/vi\/wp-json\/wp\/v2\/media?parent=26452"}],"wp:term":[{"taxonomy":"brand","embeddable":true,"href":"https:\/\/kodointernational.com\/vi\/wp-json\/wp\/v2\/etheme_brands?post=26452"},{"taxonomy":"product_cat","embeddable":true,"href":"https:\/\/kodointernational.com\/vi\/wp-json\/wp\/v2\/product_cat?post=26452"},{"taxonomy":"product_tag","embeddable":true,"href":"https:\/\/kodointernational.com\/vi\/wp-json\/wp\/v2\/product_tag?post=26452"},{"taxonomy":"scent-family","embeddable":true,"href":"https:\/\/kodointernational.com\/vi\/wp-json\/wp\/v2\/scent-family?post=26452"},{"taxonomy":"diffusion-area","embeddable":true,"href":"https:\/\/kodointernational.com\/vi\/wp-json\/wp\/v2\/diffusion-area?post=26452"},{"taxonomy":"scent-intensity","embeddable":true,"href":"https:\/\/kodointernational.com\/vi\/wp-json\/wp\/v2\/scent-intensity?post=26452"},{"taxonomy":"scent-recommendations","embeddable":true,"href":"https:\/\/kodointernational.com\/vi\/wp-json\/wp\/v2\/scent-recommendations?post=26452"},{"taxonomy":"scent-pyramid","embeddable":true,"href":"https:\/\/kodointernational.com\/vi\/wp-json\/wp\/v2\/scent-pyramid?post=26452"}],"curies":[{"name":"wp","href":"https:\/\/api.w.org\/{rel}","templated":true}]}}