{"id":26412,"date":"2024-08-17T17:46:22","date_gmt":"2024-08-17T10:46:22","guid":{"rendered":"https:\/\/kodointernational.com\/?post_type=product&#038;p=26412"},"modified":"2024-08-17T17:50:56","modified_gmt":"2024-08-17T10:50:56","slug":"dung-dich-lam-sach-tham-khu-mui-hoi-yoga-mat-cleaner-50ml","status":"publish","type":"product","link":"https:\/\/kodointernational.com\/vi\/product\/dung-dich-lam-sach-tham-khu-mui-hoi-yoga-mat-cleaner-50ml\/","title":{"rendered":"Dung d\u1ecbch l\u00e0m s\u1ea1ch th\u1ea3m, kh\u1eed m\u00f9i h\u00f4i Yoga Mat Cleaner 50ml"},"content":{"rendered":"","protected":false},"excerpt":{"rendered":"<p>Dung d\u1ecbch l\u00e0m s\u1ea1ch th\u1ea3m Yoga: Kh\u1eed m\u00f9i m\u1ed3 h\u00f4i, l\u00e0m s\u1ea1ch khu\u1ea9n, l\u01b0u h\u01b0\u01a1ng th\u01a1m d\u1ec5 ch\u1ecbu cho th\u1ea3m t\u1eadp yoga, d\u1ee5ng c\u1ee5 t\u1eadp gym, pilates\u2026 Gi\u00fap y\u00ean t\u00e2m s\u1eed d\u1ee5ng chung th\u1ea3m t\u1eadp ho\u1eb7c c\u00e1c d\u1ee5ng c\u1ee5 th\u1ec3 thao t\u1ea1i CLB c\u00f4ng c\u1ed9ng.<\/p>\n","protected":false},"featured_media":26413,"comment_status":"open","ping_status":"closed","template":"","meta":[],"etheme_brands":[],"product_cat":[94],"product_tag":[],"scent-family":[],"diffusion-area":[],"scent-intensity":[],"scent-recommendations":[],"scent-pyramid":[],"class_list":{"0":"post-26412","1":"product","2":"type-product","3":"status-publish","4":"has-post-thumbnail","6":"product_cat-san-pham-khac","8":"first","9":"instock","10":"shipping-taxable","11":"product-type-simple"},"acf":[],"_links":{"self":[{"href":"https:\/\/kodointernational.com\/vi\/wp-json\/wp\/v2\/product\/26412","targetHints":{"allow":["GET"]}}],"collection":[{"href":"https:\/\/kodointernational.com\/vi\/wp-json\/wp\/v2\/product"}],"about":[{"href":"https:\/\/kodointernational.com\/vi\/wp-json\/wp\/v2\/types\/product"}],"replies":[{"embeddable":true,"href":"https:\/\/kodointernational.com\/vi\/wp-json\/wp\/v2\/comments?post=26412"}],"version-history":[{"count":0,"href":"https:\/\/kodointernational.com\/vi\/wp-json\/wp\/v2\/product\/26412\/revisions"}],"wp:featuredmedia":[{"embeddable":true,"href":"https:\/\/kodointernational.com\/vi\/wp-json\/wp\/v2\/media\/26413"}],"wp:attachment":[{"href":"https:\/\/kodointernational.com\/vi\/wp-json\/wp\/v2\/media?parent=26412"}],"wp:term":[{"taxonomy":"brand","embeddable":true,"href":"https:\/\/kodointernational.com\/vi\/wp-json\/wp\/v2\/etheme_brands?post=26412"},{"taxonomy":"product_cat","embeddable":true,"href":"https:\/\/kodointernational.com\/vi\/wp-json\/wp\/v2\/product_cat?post=26412"},{"taxonomy":"product_tag","embeddable":true,"href":"https:\/\/kodointernational.com\/vi\/wp-json\/wp\/v2\/product_tag?post=26412"},{"taxonomy":"scent-family","embeddable":true,"href":"https:\/\/kodointernational.com\/vi\/wp-json\/wp\/v2\/scent-family?post=26412"},{"taxonomy":"diffusion-area","embeddable":true,"href":"https:\/\/kodointernational.com\/vi\/wp-json\/wp\/v2\/diffusion-area?post=26412"},{"taxonomy":"scent-intensity","embeddable":true,"href":"https:\/\/kodointernational.com\/vi\/wp-json\/wp\/v2\/scent-intensity?post=26412"},{"taxonomy":"scent-recommendations","embeddable":true,"href":"https:\/\/kodointernational.com\/vi\/wp-json\/wp\/v2\/scent-recommendations?post=26412"},{"taxonomy":"scent-pyramid","embeddable":true,"href":"https:\/\/kodointernational.com\/vi\/wp-json\/wp\/v2\/scent-pyramid?post=26412"}],"curies":[{"name":"wp","href":"https:\/\/api.w.org\/{rel}","templated":true}]}}