{"id":26402,"date":"2024-08-17T17:31:33","date_gmt":"2024-08-17T10:31:33","guid":{"rendered":"https:\/\/kodointernational.com\/?post_type=product&#038;p=26402"},"modified":"2024-08-17T17:39:07","modified_gmt":"2024-08-17T10:39:07","slug":"mieng-su-thom-cao-cap-kodo-cung-tinh-dau-nuoc-hoa-10ml","status":"publish","type":"product","link":"https:\/\/kodointernational.com\/vi\/product\/mieng-su-thom-cao-cap-kodo-cung-tinh-dau-nuoc-hoa-10ml\/","title":{"rendered":"Mi\u1ebfng s\u1ee9 th\u01a1m cao c\u1ea5p Kodo, c\u00f9ng Tinh d\u1ea7u n\u01b0\u1edbc hoa 10ml"},"content":{"rendered":"","protected":false},"excerpt":{"rendered":"<p>Mi\u1ebfng s\u1ee9 th\u01a1m Kodo xinh x\u1eafn s\u1ebd gi\u00fap cho g\u00f3c l\u00e0m vi\u1ec7c ho\u1eb7c c\u0103n ph\u00f2ng c\u1ee7a b\u1ea1n lu\u00f4n c\u00f3 h\u01b0\u01a1ng th\u01a1m thoang tho\u1ea3ng d\u1ec5 ch\u1ecbu \u0111\u00f3. Khi s\u1eed d\u1ee5ng b\u1ea1n s\u1ebd c\u1ea7n nh\u1ecf v\u00e0o gi\u1ecdt tinh d\u1ea7u th\u01a1m Kodo tr\u1ef1c ti\u1ebfp v\u00e0o mi\u1ebfng s\u1ee9 th\u01a1m v\u00e0 treo l\u00ean. B\u1ed9 s\u1ea3n ph\u1ea9m bao g\u1ed3m Mi\u1ebfng s\u1ee9 th\u01a1m v\u00e0 tinh d\u1ea7u 10ml.<\/p>\n","protected":false},"featured_media":26403,"comment_status":"open","ping_status":"closed","template":"","meta":[],"etheme_brands":[],"product_cat":[94],"product_tag":[],"scent-family":[],"diffusion-area":[],"scent-intensity":[],"scent-recommendations":[168,160],"scent-pyramid":[],"class_list":{"0":"post-26402","1":"product","2":"type-product","3":"status-publish","4":"has-post-thumbnail","6":"product_cat-san-pham-khac","7":"scent-recommendations-can-ho-nha","8":"scent-recommendations-van-phong","10":"first","11":"instock","12":"shipping-taxable","13":"product-type-simple"},"acf":[],"_links":{"self":[{"href":"https:\/\/kodointernational.com\/vi\/wp-json\/wp\/v2\/product\/26402","targetHints":{"allow":["GET"]}}],"collection":[{"href":"https:\/\/kodointernational.com\/vi\/wp-json\/wp\/v2\/product"}],"about":[{"href":"https:\/\/kodointernational.com\/vi\/wp-json\/wp\/v2\/types\/product"}],"replies":[{"embeddable":true,"href":"https:\/\/kodointernational.com\/vi\/wp-json\/wp\/v2\/comments?post=26402"}],"version-history":[{"count":0,"href":"https:\/\/kodointernational.com\/vi\/wp-json\/wp\/v2\/product\/26402\/revisions"}],"wp:featuredmedia":[{"embeddable":true,"href":"https:\/\/kodointernational.com\/vi\/wp-json\/wp\/v2\/media\/26403"}],"wp:attachment":[{"href":"https:\/\/kodointernational.com\/vi\/wp-json\/wp\/v2\/media?parent=26402"}],"wp:term":[{"taxonomy":"brand","embeddable":true,"href":"https:\/\/kodointernational.com\/vi\/wp-json\/wp\/v2\/etheme_brands?post=26402"},{"taxonomy":"product_cat","embeddable":true,"href":"https:\/\/kodointernational.com\/vi\/wp-json\/wp\/v2\/product_cat?post=26402"},{"taxonomy":"product_tag","embeddable":true,"href":"https:\/\/kodointernational.com\/vi\/wp-json\/wp\/v2\/product_tag?post=26402"},{"taxonomy":"scent-family","embeddable":true,"href":"https:\/\/kodointernational.com\/vi\/wp-json\/wp\/v2\/scent-family?post=26402"},{"taxonomy":"diffusion-area","embeddable":true,"href":"https:\/\/kodointernational.com\/vi\/wp-json\/wp\/v2\/diffusion-area?post=26402"},{"taxonomy":"scent-intensity","embeddable":true,"href":"https:\/\/kodointernational.com\/vi\/wp-json\/wp\/v2\/scent-intensity?post=26402"},{"taxonomy":"scent-recommendations","embeddable":true,"href":"https:\/\/kodointernational.com\/vi\/wp-json\/wp\/v2\/scent-recommendations?post=26402"},{"taxonomy":"scent-pyramid","embeddable":true,"href":"https:\/\/kodointernational.com\/vi\/wp-json\/wp\/v2\/scent-pyramid?post=26402"}],"curies":[{"name":"wp","href":"https:\/\/api.w.org\/{rel}","templated":true}]}}