{"id":26318,"date":"2024-08-15T11:53:32","date_gmt":"2024-08-15T04:53:32","guid":{"rendered":"https:\/\/kodointernational.com\/?post_type=product&#038;p=26318"},"modified":"2024-08-15T11:53:32","modified_gmt":"2024-08-15T04:53:32","slug":"bo-que-khuech-tan-tinh-dau-nuoc-hoa-arabian-night","status":"publish","type":"product","link":"https:\/\/kodointernational.com\/vi\/product\/bo-que-khuech-tan-tinh-dau-nuoc-hoa-arabian-night\/","title":{"rendered":"B\u1ed9 Que Khu\u1ebfch T\u00e1n Tinh D\u1ea7u N\u01b0\u1edbc Hoa Arabian Night"},"content":{"rendered":"","protected":false},"excerpt":{"rendered":"<p>B\u1ed9 Que Khu\u1ebfch T\u00e1n Tinh D\u1ea7u N\u01b0\u1edbc Hoa Arabian Night nh\u01b0 m\u1ed9t chuy\u1ebfn phi\u00eau l\u01b0u huy\u1ec1n b\u00ed \u0111\u01b0a b\u1ea1n \u0111\u1ebfn v\u1edbi v\u00f9ng \u0111\u00e1t \u00e1 \u0111\u00f4ng, n\u01a1i m\u1ed7i gi\u1ecdt h\u01b0\u01a1ng nh\u01b0 l\u00e0 m\u1ed9t c\u00e2u chuy\u1ec7n k\u1ec3 v\u1ec1 s\u1ef1 qu\u00fd ph\u00e1i v\u00e0 \u0111\u1eb3ng c\u1ea5p. K\u1ebft h\u1ee3p m\u00f9i h\u01b0\u01a1ng b\u1ea1ch \u0111\u00e0n, cam, Hoa h\u1ed3ng, ngh\u1ec7 t\u00e2y, phong l\u1eef, Tr\u1ea7m h\u01b0\u01a1ng, G\u1ed7 \u0111\u00e0n h\u01b0\u01a1ng, G\u1ed7 tuy\u1ebft t\u00f9ng, C\u00e2y ho\u1eafc h\u01b0\u01a1ng<\/p>\n","protected":false},"featured_media":26319,"comment_status":"open","ping_status":"closed","template":"","meta":[],"etheme_brands":[],"product_cat":[92],"product_tag":[],"scent-family":[],"diffusion-area":[],"scent-intensity":[152],"scent-recommendations":[],"scent-pyramid":[],"class_list":{"0":"post-26318","1":"product","2":"type-product","3":"status-publish","4":"has-post-thumbnail","6":"product_cat-bo-que-khuech-tan","7":"scent-intensity-manh","9":"first","10":"instock","11":"shipping-taxable","12":"product-type-simple"},"acf":[],"_links":{"self":[{"href":"https:\/\/kodointernational.com\/vi\/wp-json\/wp\/v2\/product\/26318","targetHints":{"allow":["GET"]}}],"collection":[{"href":"https:\/\/kodointernational.com\/vi\/wp-json\/wp\/v2\/product"}],"about":[{"href":"https:\/\/kodointernational.com\/vi\/wp-json\/wp\/v2\/types\/product"}],"replies":[{"embeddable":true,"href":"https:\/\/kodointernational.com\/vi\/wp-json\/wp\/v2\/comments?post=26318"}],"version-history":[{"count":0,"href":"https:\/\/kodointernational.com\/vi\/wp-json\/wp\/v2\/product\/26318\/revisions"}],"wp:featuredmedia":[{"embeddable":true,"href":"https:\/\/kodointernational.com\/vi\/wp-json\/wp\/v2\/media\/26319"}],"wp:attachment":[{"href":"https:\/\/kodointernational.com\/vi\/wp-json\/wp\/v2\/media?parent=26318"}],"wp:term":[{"taxonomy":"brand","embeddable":true,"href":"https:\/\/kodointernational.com\/vi\/wp-json\/wp\/v2\/etheme_brands?post=26318"},{"taxonomy":"product_cat","embeddable":true,"href":"https:\/\/kodointernational.com\/vi\/wp-json\/wp\/v2\/product_cat?post=26318"},{"taxonomy":"product_tag","embeddable":true,"href":"https:\/\/kodointernational.com\/vi\/wp-json\/wp\/v2\/product_tag?post=26318"},{"taxonomy":"scent-family","embeddable":true,"href":"https:\/\/kodointernational.com\/vi\/wp-json\/wp\/v2\/scent-family?post=26318"},{"taxonomy":"diffusion-area","embeddable":true,"href":"https:\/\/kodointernational.com\/vi\/wp-json\/wp\/v2\/diffusion-area?post=26318"},{"taxonomy":"scent-intensity","embeddable":true,"href":"https:\/\/kodointernational.com\/vi\/wp-json\/wp\/v2\/scent-intensity?post=26318"},{"taxonomy":"scent-recommendations","embeddable":true,"href":"https:\/\/kodointernational.com\/vi\/wp-json\/wp\/v2\/scent-recommendations?post=26318"},{"taxonomy":"scent-pyramid","embeddable":true,"href":"https:\/\/kodointernational.com\/vi\/wp-json\/wp\/v2\/scent-pyramid?post=26318"}],"curies":[{"name":"wp","href":"https:\/\/api.w.org\/{rel}","templated":true}]}}