{"id":26306,"date":"2024-08-15T11:46:23","date_gmt":"2024-08-15T04:46:23","guid":{"rendered":"https:\/\/kodointernational.com\/?post_type=product&#038;p=26306"},"modified":"2024-08-15T11:46:24","modified_gmt":"2024-08-15T04:46:24","slug":"bo-que-khuech-tan-tinh-dau-nuoc-hoa-absolutely-fabulous","status":"publish","type":"product","link":"https:\/\/kodointernational.com\/vi\/product\/bo-que-khuech-tan-tinh-dau-nuoc-hoa-absolutely-fabulous\/","title":{"rendered":"B\u1ed9 Que Khu\u1ebfch T\u00e1n Tinh D\u1ea7u N\u01b0\u1edbc Hoa Absolutely Fabulous"},"content":{"rendered":"","protected":false},"excerpt":{"rendered":"<p>B\u1ed9 Que Khu\u1ebfch T\u00e1n Tinh D\u1ea7u N\u01b0\u1edbc Hoa Absolutely Fabulous l\u00e0 s\u1ef1 k\u1ebft h\u1ee3p \u0111\u1ed9c \u0111\u00e1o v\u00e0 ph\u1ee9c t\u1ea1p c\u1ee7a nhi\u1ec1u lo\u1ea1i h\u01b0\u01a1ng li\u1ec7u kh\u00e1c nhau. H\u01b0\u01a1ng \u0111\u1ea7u c\u1ee7a Ansie, Clary Sage v\u00e0 Lavender mang l\u1ea1i s\u1ef1 thanh khi\u1ebft v\u00e0 tinh t\u1ebf, v\u1edbi m\u00f9i th\u01a1m nh\u1eb9 nh\u00e0ng v\u00e0 d\u1ecbu m\u00e1t c\u1ee7a Lavender, s\u1ef1 t\u01b0\u01a1i m\u1edbi c\u1ee7a Clary Sage v\u00e0 s\u1ef1 n\u1ed3ng n\u00e0n c\u1ee7a Ansie<\/p>\n","protected":false},"featured_media":26307,"comment_status":"open","ping_status":"closed","template":"","meta":[],"etheme_brands":[],"product_cat":[92],"product_tag":[],"scent-family":[725],"diffusion-area":[],"scent-intensity":[151],"scent-recommendations":[716,163,162],"scent-pyramid":[],"class_list":{"0":"post-26306","1":"product","2":"type-product","3":"status-publish","4":"has-post-thumbnail","6":"product_cat-bo-que-khuech-tan","7":"scent-family-unisex","8":"scent-intensity-vua","9":"scent-recommendations-bar","10":"scent-recommendations-cua-hang-thoi-trang","11":"scent-recommendations-phong-trung-bay","13":"first","14":"instock","15":"shipping-taxable","16":"product-type-simple"},"acf":[],"_links":{"self":[{"href":"https:\/\/kodointernational.com\/vi\/wp-json\/wp\/v2\/product\/26306","targetHints":{"allow":["GET"]}}],"collection":[{"href":"https:\/\/kodointernational.com\/vi\/wp-json\/wp\/v2\/product"}],"about":[{"href":"https:\/\/kodointernational.com\/vi\/wp-json\/wp\/v2\/types\/product"}],"replies":[{"embeddable":true,"href":"https:\/\/kodointernational.com\/vi\/wp-json\/wp\/v2\/comments?post=26306"}],"version-history":[{"count":0,"href":"https:\/\/kodointernational.com\/vi\/wp-json\/wp\/v2\/product\/26306\/revisions"}],"wp:featuredmedia":[{"embeddable":true,"href":"https:\/\/kodointernational.com\/vi\/wp-json\/wp\/v2\/media\/26307"}],"wp:attachment":[{"href":"https:\/\/kodointernational.com\/vi\/wp-json\/wp\/v2\/media?parent=26306"}],"wp:term":[{"taxonomy":"brand","embeddable":true,"href":"https:\/\/kodointernational.com\/vi\/wp-json\/wp\/v2\/etheme_brands?post=26306"},{"taxonomy":"product_cat","embeddable":true,"href":"https:\/\/kodointernational.com\/vi\/wp-json\/wp\/v2\/product_cat?post=26306"},{"taxonomy":"product_tag","embeddable":true,"href":"https:\/\/kodointernational.com\/vi\/wp-json\/wp\/v2\/product_tag?post=26306"},{"taxonomy":"scent-family","embeddable":true,"href":"https:\/\/kodointernational.com\/vi\/wp-json\/wp\/v2\/scent-family?post=26306"},{"taxonomy":"diffusion-area","embeddable":true,"href":"https:\/\/kodointernational.com\/vi\/wp-json\/wp\/v2\/diffusion-area?post=26306"},{"taxonomy":"scent-intensity","embeddable":true,"href":"https:\/\/kodointernational.com\/vi\/wp-json\/wp\/v2\/scent-intensity?post=26306"},{"taxonomy":"scent-recommendations","embeddable":true,"href":"https:\/\/kodointernational.com\/vi\/wp-json\/wp\/v2\/scent-recommendations?post=26306"},{"taxonomy":"scent-pyramid","embeddable":true,"href":"https:\/\/kodointernational.com\/vi\/wp-json\/wp\/v2\/scent-pyramid?post=26306"}],"curies":[{"name":"wp","href":"https:\/\/api.w.org\/{rel}","templated":true}]}}