{"id":26242,"date":"2024-08-15T11:01:28","date_gmt":"2024-08-15T04:01:28","guid":{"rendered":"https:\/\/kodointernational.com\/?post_type=product&#038;p=26242"},"modified":"2024-08-15T11:04:46","modified_gmt":"2024-08-15T04:04:46","slug":"bo-que-khuech-tan-tinh-dau-nuoc-hoa-green-tea-bergamot","status":"publish","type":"product","link":"https:\/\/kodointernational.com\/vi\/product\/bo-que-khuech-tan-tinh-dau-nuoc-hoa-green-tea-bergamot\/","title":{"rendered":"B\u1ed9 Que Khu\u1ebfch T\u00e1n Tinh D\u1ea7u N\u01b0\u1edbc Hoa Green Tea Bergamot"},"content":{"rendered":"","protected":false},"excerpt":{"rendered":"<p>M\u1ed9t h\u01b0\u01a1ng th\u01a1m tinh t\u1ebf \u0111\u01b0a b\u1ea1n \u0111\u1ebfn v\u1edbi th\u1ebf gi\u1edbi c\u1ee7a tr\u00e0 xanh b\u00e1t ng\u00e1t, n\u01a1i h\u01b0\u01a1ng th\u01a1m m\u00e1t l\u00e0nh h\u00f2a quy\u1ec7n v\u1edbi \u00e1nh n\u1eafng \u1ea5m \u00e1p c\u1ee7a bu\u1ed5i s\u00e1ng. K\u1ebft h\u1ee3p Cam Bergamot, Qu\u1ea3 b\u01b0\u1edfi, Tr\u00e0 xanh, hoa h\u1ed3ng, Muguet, X\u1ea1 h\u01b0\u01a1ng, R\u00eau<\/p>\n","protected":false},"featured_media":26243,"comment_status":"open","ping_status":"closed","template":"","meta":[],"etheme_brands":[],"product_cat":[92],"product_tag":[],"scent-family":[],"diffusion-area":[],"scent-intensity":[151],"scent-recommendations":[168],"scent-pyramid":[],"class_list":{"0":"post-26242","1":"product","2":"type-product","3":"status-publish","4":"has-post-thumbnail","6":"product_cat-bo-que-khuech-tan","7":"scent-intensity-vua","8":"scent-recommendations-can-ho-nha","10":"first","11":"instock","12":"shipping-taxable","13":"product-type-simple"},"acf":[],"_links":{"self":[{"href":"https:\/\/kodointernational.com\/vi\/wp-json\/wp\/v2\/product\/26242","targetHints":{"allow":["GET"]}}],"collection":[{"href":"https:\/\/kodointernational.com\/vi\/wp-json\/wp\/v2\/product"}],"about":[{"href":"https:\/\/kodointernational.com\/vi\/wp-json\/wp\/v2\/types\/product"}],"replies":[{"embeddable":true,"href":"https:\/\/kodointernational.com\/vi\/wp-json\/wp\/v2\/comments?post=26242"}],"version-history":[{"count":0,"href":"https:\/\/kodointernational.com\/vi\/wp-json\/wp\/v2\/product\/26242\/revisions"}],"wp:featuredmedia":[{"embeddable":true,"href":"https:\/\/kodointernational.com\/vi\/wp-json\/wp\/v2\/media\/26243"}],"wp:attachment":[{"href":"https:\/\/kodointernational.com\/vi\/wp-json\/wp\/v2\/media?parent=26242"}],"wp:term":[{"taxonomy":"brand","embeddable":true,"href":"https:\/\/kodointernational.com\/vi\/wp-json\/wp\/v2\/etheme_brands?post=26242"},{"taxonomy":"product_cat","embeddable":true,"href":"https:\/\/kodointernational.com\/vi\/wp-json\/wp\/v2\/product_cat?post=26242"},{"taxonomy":"product_tag","embeddable":true,"href":"https:\/\/kodointernational.com\/vi\/wp-json\/wp\/v2\/product_tag?post=26242"},{"taxonomy":"scent-family","embeddable":true,"href":"https:\/\/kodointernational.com\/vi\/wp-json\/wp\/v2\/scent-family?post=26242"},{"taxonomy":"diffusion-area","embeddable":true,"href":"https:\/\/kodointernational.com\/vi\/wp-json\/wp\/v2\/diffusion-area?post=26242"},{"taxonomy":"scent-intensity","embeddable":true,"href":"https:\/\/kodointernational.com\/vi\/wp-json\/wp\/v2\/scent-intensity?post=26242"},{"taxonomy":"scent-recommendations","embeddable":true,"href":"https:\/\/kodointernational.com\/vi\/wp-json\/wp\/v2\/scent-recommendations?post=26242"},{"taxonomy":"scent-pyramid","embeddable":true,"href":"https:\/\/kodointernational.com\/vi\/wp-json\/wp\/v2\/scent-pyramid?post=26242"}],"curies":[{"name":"wp","href":"https:\/\/api.w.org\/{rel}","templated":true}]}}