{"id":26232,"date":"2024-08-15T10:55:29","date_gmt":"2024-08-15T03:55:29","guid":{"rendered":"https:\/\/kodointernational.com\/?post_type=product&#038;p=26232"},"modified":"2024-08-15T10:55:30","modified_gmt":"2024-08-15T03:55:30","slug":"bo-que-khuech-tan-tinh-dau-nuoc-hoa-citrus-bourbon","status":"publish","type":"product","link":"https:\/\/kodointernational.com\/vi\/product\/bo-que-khuech-tan-tinh-dau-nuoc-hoa-citrus-bourbon\/","title":{"rendered":"B\u1ed9 Que Khu\u1ebfch T\u00e1n Tinh D\u1ea7u N\u01b0\u1edbc Hoa Citrus Bourbon"},"content":{"rendered":"","protected":false},"excerpt":{"rendered":"<p>M\u1ed9t h\u01b0\u01a1ng th\u01a1m g\u1ed7 \u0111\u1ed9c \u0111\u00e1o, nh\u1eb9 nh\u00e0ng v\u00e0 thanh tho\u00e1t nh\u01b0 m\u1ed9t c\u01a1n gi\u00f3 nh\u1eb9 l\u00e0m d\u1ecbu d\u00e0ng c\u1ea3m x\u00fac. K\u1ebft h\u1ee3p Cam, chanh, anh \u0111\u00e0o, hoa hu\u1ec7, c\u00e2y d\u00e0nh d\u00e0nh, H\u1ed5 ph\u00e1ch, X\u1ea1 h\u01b0\u01a1ng, H\u01b0\u01a1ng Va ni, G\u1ed7 tuy\u1ebft t\u00f9ng, G\u1ed7 \u0111\u00e0n h\u01b0\u01a1ng<\/p>\n","protected":false},"featured_media":26233,"comment_status":"open","ping_status":"closed","template":"","meta":[],"etheme_brands":[],"product_cat":[92],"product_tag":[],"scent-family":[],"diffusion-area":[],"scent-intensity":[150],"scent-recommendations":[168],"scent-pyramid":[],"class_list":{"0":"post-26232","1":"product","2":"type-product","3":"status-publish","4":"has-post-thumbnail","6":"product_cat-bo-que-khuech-tan","7":"scent-intensity-nhe","8":"scent-recommendations-can-ho-nha","10":"first","11":"instock","12":"shipping-taxable","13":"product-type-simple"},"acf":[],"_links":{"self":[{"href":"https:\/\/kodointernational.com\/vi\/wp-json\/wp\/v2\/product\/26232","targetHints":{"allow":["GET"]}}],"collection":[{"href":"https:\/\/kodointernational.com\/vi\/wp-json\/wp\/v2\/product"}],"about":[{"href":"https:\/\/kodointernational.com\/vi\/wp-json\/wp\/v2\/types\/product"}],"replies":[{"embeddable":true,"href":"https:\/\/kodointernational.com\/vi\/wp-json\/wp\/v2\/comments?post=26232"}],"version-history":[{"count":0,"href":"https:\/\/kodointernational.com\/vi\/wp-json\/wp\/v2\/product\/26232\/revisions"}],"wp:featuredmedia":[{"embeddable":true,"href":"https:\/\/kodointernational.com\/vi\/wp-json\/wp\/v2\/media\/26233"}],"wp:attachment":[{"href":"https:\/\/kodointernational.com\/vi\/wp-json\/wp\/v2\/media?parent=26232"}],"wp:term":[{"taxonomy":"brand","embeddable":true,"href":"https:\/\/kodointernational.com\/vi\/wp-json\/wp\/v2\/etheme_brands?post=26232"},{"taxonomy":"product_cat","embeddable":true,"href":"https:\/\/kodointernational.com\/vi\/wp-json\/wp\/v2\/product_cat?post=26232"},{"taxonomy":"product_tag","embeddable":true,"href":"https:\/\/kodointernational.com\/vi\/wp-json\/wp\/v2\/product_tag?post=26232"},{"taxonomy":"scent-family","embeddable":true,"href":"https:\/\/kodointernational.com\/vi\/wp-json\/wp\/v2\/scent-family?post=26232"},{"taxonomy":"diffusion-area","embeddable":true,"href":"https:\/\/kodointernational.com\/vi\/wp-json\/wp\/v2\/diffusion-area?post=26232"},{"taxonomy":"scent-intensity","embeddable":true,"href":"https:\/\/kodointernational.com\/vi\/wp-json\/wp\/v2\/scent-intensity?post=26232"},{"taxonomy":"scent-recommendations","embeddable":true,"href":"https:\/\/kodointernational.com\/vi\/wp-json\/wp\/v2\/scent-recommendations?post=26232"},{"taxonomy":"scent-pyramid","embeddable":true,"href":"https:\/\/kodointernational.com\/vi\/wp-json\/wp\/v2\/scent-pyramid?post=26232"}],"curies":[{"name":"wp","href":"https:\/\/api.w.org\/{rel}","templated":true}]}}