{"id":26206,"date":"2024-08-15T10:37:15","date_gmt":"2024-08-15T03:37:15","guid":{"rendered":"https:\/\/kodointernational.com\/?post_type=product&#038;p=26206"},"modified":"2024-08-15T10:37:16","modified_gmt":"2024-08-15T03:37:16","slug":"bo-que-khuech-tan-tinh-dau-nuoc-hoa-amber-glow","status":"publish","type":"product","link":"https:\/\/kodointernational.com\/vi\/product\/bo-que-khuech-tan-tinh-dau-nuoc-hoa-amber-glow\/","title":{"rendered":"B\u1ed9 Que Khu\u1ebfch T\u00e1n Tinh D\u1ea7u N\u01b0\u1edbc Hoa Amber Glow"},"content":{"rendered":"","protected":false},"excerpt":{"rendered":"<p>M\u1ed9t h\u01b0\u01a1ng th\u01a1m \u00eam d\u1ecbu nh\u01b0 l\u00e0 \u00e1nh l\u1eeda \u1ea5m \u00e1p, l\u00e0 s\u1ef1 k\u1ebft h\u1ee3p ho\u00e0n h\u1ea3o c\u1ee7a nh\u1eefng h\u01b0\u01a1ng ng\u1ecdt ng\u00e0o t\u1eeb tr\u00e1i c\u00e2y m\u1ed9ng m\u01a1 \u0110\u00e0o, l\u00ea, t\u00e1o xanh, Muguet, Iris, Gardenia, hoa hu\u1ec7, X\u1ea1 h\u01b0\u01a1ng, h\u1ed5 ph\u00e1ch<\/p>\n","protected":false},"featured_media":26207,"comment_status":"open","ping_status":"closed","template":"","meta":[],"etheme_brands":[],"product_cat":[92],"product_tag":[],"scent-family":[],"diffusion-area":[],"scent-intensity":[152],"scent-recommendations":[168],"scent-pyramid":[],"class_list":{"0":"post-26206","1":"product","2":"type-product","3":"status-publish","4":"has-post-thumbnail","6":"product_cat-bo-que-khuech-tan","7":"scent-intensity-manh","8":"scent-recommendations-can-ho-nha","10":"first","11":"instock","12":"shipping-taxable","13":"product-type-simple"},"acf":[],"_links":{"self":[{"href":"https:\/\/kodointernational.com\/vi\/wp-json\/wp\/v2\/product\/26206","targetHints":{"allow":["GET"]}}],"collection":[{"href":"https:\/\/kodointernational.com\/vi\/wp-json\/wp\/v2\/product"}],"about":[{"href":"https:\/\/kodointernational.com\/vi\/wp-json\/wp\/v2\/types\/product"}],"replies":[{"embeddable":true,"href":"https:\/\/kodointernational.com\/vi\/wp-json\/wp\/v2\/comments?post=26206"}],"version-history":[{"count":0,"href":"https:\/\/kodointernational.com\/vi\/wp-json\/wp\/v2\/product\/26206\/revisions"}],"wp:featuredmedia":[{"embeddable":true,"href":"https:\/\/kodointernational.com\/vi\/wp-json\/wp\/v2\/media\/26207"}],"wp:attachment":[{"href":"https:\/\/kodointernational.com\/vi\/wp-json\/wp\/v2\/media?parent=26206"}],"wp:term":[{"taxonomy":"brand","embeddable":true,"href":"https:\/\/kodointernational.com\/vi\/wp-json\/wp\/v2\/etheme_brands?post=26206"},{"taxonomy":"product_cat","embeddable":true,"href":"https:\/\/kodointernational.com\/vi\/wp-json\/wp\/v2\/product_cat?post=26206"},{"taxonomy":"product_tag","embeddable":true,"href":"https:\/\/kodointernational.com\/vi\/wp-json\/wp\/v2\/product_tag?post=26206"},{"taxonomy":"scent-family","embeddable":true,"href":"https:\/\/kodointernational.com\/vi\/wp-json\/wp\/v2\/scent-family?post=26206"},{"taxonomy":"diffusion-area","embeddable":true,"href":"https:\/\/kodointernational.com\/vi\/wp-json\/wp\/v2\/diffusion-area?post=26206"},{"taxonomy":"scent-intensity","embeddable":true,"href":"https:\/\/kodointernational.com\/vi\/wp-json\/wp\/v2\/scent-intensity?post=26206"},{"taxonomy":"scent-recommendations","embeddable":true,"href":"https:\/\/kodointernational.com\/vi\/wp-json\/wp\/v2\/scent-recommendations?post=26206"},{"taxonomy":"scent-pyramid","embeddable":true,"href":"https:\/\/kodointernational.com\/vi\/wp-json\/wp\/v2\/scent-pyramid?post=26206"}],"curies":[{"name":"wp","href":"https:\/\/api.w.org\/{rel}","templated":true}]}}