{"id":26170,"date":"2024-08-14T17:36:43","date_gmt":"2024-08-14T10:36:43","guid":{"rendered":"https:\/\/kodointernational.com\/?post_type=product&#038;p=26170"},"modified":"2024-08-14T17:36:44","modified_gmt":"2024-08-14T10:36:44","slug":"bo-que-khuech-tan-tinh-dau-nuoc-hoa-oud-agarwood-bergamot","status":"publish","type":"product","link":"https:\/\/kodointernational.com\/vi\/product\/bo-que-khuech-tan-tinh-dau-nuoc-hoa-oud-agarwood-bergamot\/","title":{"rendered":"B\u1ed9 Que Khu\u1ebfch T\u00e1n Tinh D\u1ea7u N\u01b0\u1edbc Hoa Oud (Agarwood) &#038; Bergamot"},"content":{"rendered":"","protected":false},"excerpt":{"rendered":"<p>B\u1ed9 Que Khu\u1ebfch T\u00e1n Tinh D\u1ea7u N\u01b0\u1edbc Hoa Oud (Agarwood) &amp; Bergamot h\u01b0\u01a1ng th\u01a1m mang l\u1ea1i s\u1ef1 t\u01b0\u01a1i m\u00e1t, ng\u1ecdt ng\u00e0o v\u00e0 c\u00f3 m\u1ed9t ch\u00fat m\u1ed9c m\u1ea1c c\u1ee7a h\u01b0\u01a1ng g\u1ed7. K\u1ebft h\u1ee3p Cam Bergamot, Hedione, Ho\u1eafc h\u01b0\u01a1ng, x\u1ea1 h\u01b0\u01a1ng<\/p>\n","protected":false},"featured_media":26171,"comment_status":"open","ping_status":"closed","template":"","meta":[],"etheme_brands":[],"product_cat":[92],"product_tag":[],"scent-family":[723],"diffusion-area":[],"scent-intensity":[150],"scent-recommendations":[716,163,165],"scent-pyramid":[],"class_list":{"0":"post-26170","1":"product","2":"type-product","3":"status-publish","4":"has-post-thumbnail","6":"product_cat-bo-que-khuech-tan","7":"scent-family-woody","8":"scent-intensity-nhe","9":"scent-recommendations-bar","10":"scent-recommendations-cua-hang-thoi-trang","11":"scent-recommendations-spa","13":"first","14":"instock","15":"shipping-taxable","16":"product-type-simple"},"acf":[],"_links":{"self":[{"href":"https:\/\/kodointernational.com\/vi\/wp-json\/wp\/v2\/product\/26170","targetHints":{"allow":["GET"]}}],"collection":[{"href":"https:\/\/kodointernational.com\/vi\/wp-json\/wp\/v2\/product"}],"about":[{"href":"https:\/\/kodointernational.com\/vi\/wp-json\/wp\/v2\/types\/product"}],"replies":[{"embeddable":true,"href":"https:\/\/kodointernational.com\/vi\/wp-json\/wp\/v2\/comments?post=26170"}],"version-history":[{"count":0,"href":"https:\/\/kodointernational.com\/vi\/wp-json\/wp\/v2\/product\/26170\/revisions"}],"wp:featuredmedia":[{"embeddable":true,"href":"https:\/\/kodointernational.com\/vi\/wp-json\/wp\/v2\/media\/26171"}],"wp:attachment":[{"href":"https:\/\/kodointernational.com\/vi\/wp-json\/wp\/v2\/media?parent=26170"}],"wp:term":[{"taxonomy":"brand","embeddable":true,"href":"https:\/\/kodointernational.com\/vi\/wp-json\/wp\/v2\/etheme_brands?post=26170"},{"taxonomy":"product_cat","embeddable":true,"href":"https:\/\/kodointernational.com\/vi\/wp-json\/wp\/v2\/product_cat?post=26170"},{"taxonomy":"product_tag","embeddable":true,"href":"https:\/\/kodointernational.com\/vi\/wp-json\/wp\/v2\/product_tag?post=26170"},{"taxonomy":"scent-family","embeddable":true,"href":"https:\/\/kodointernational.com\/vi\/wp-json\/wp\/v2\/scent-family?post=26170"},{"taxonomy":"diffusion-area","embeddable":true,"href":"https:\/\/kodointernational.com\/vi\/wp-json\/wp\/v2\/diffusion-area?post=26170"},{"taxonomy":"scent-intensity","embeddable":true,"href":"https:\/\/kodointernational.com\/vi\/wp-json\/wp\/v2\/scent-intensity?post=26170"},{"taxonomy":"scent-recommendations","embeddable":true,"href":"https:\/\/kodointernational.com\/vi\/wp-json\/wp\/v2\/scent-recommendations?post=26170"},{"taxonomy":"scent-pyramid","embeddable":true,"href":"https:\/\/kodointernational.com\/vi\/wp-json\/wp\/v2\/scent-pyramid?post=26170"}],"curies":[{"name":"wp","href":"https:\/\/api.w.org\/{rel}","templated":true}]}}