{"id":26133,"date":"2024-08-14T15:48:54","date_gmt":"2024-08-14T08:48:54","guid":{"rendered":"https:\/\/kodointernational.com\/?post_type=product&#038;p=26133"},"modified":"2024-08-14T15:50:16","modified_gmt":"2024-08-14T08:50:16","slug":"bo-que-khuech-tan-tinh-dau-nuoc-hoa-geranium-mandarin","status":"publish","type":"product","link":"https:\/\/kodointernational.com\/vi\/product\/bo-que-khuech-tan-tinh-dau-nuoc-hoa-geranium-mandarin\/","title":{"rendered":"B\u1ed9 Que Khu\u1ebfch T\u00e1n Tinh D\u1ea7u N\u01b0\u1edbc Hoa Geranium &#038; Mandarin"},"content":{"rendered":"","protected":false},"excerpt":{"rendered":"<p>B\u1ed9 Que Khu\u1ebfch T\u00e1n Tinh D\u1ea7u N\u01b0\u1edbc Hoa Geranium &amp; Mandarin tinh t\u1ebf v\u00e0 d\u1ec5 ch\u1ecbu, nh\u01b0 l\u00e0 m\u1ed9t bu\u1ed5i s\u00e1ng trong v\u01b0\u1eddn hoa t\u01b0\u01a1i m\u1edbi, v\u1edbi s\u1ef1 h\u00f2a quy\u1ec7n tinh t\u1ebf c\u1ee7a Qu\u00fdt, Ti\u00eau \u0111en, chanh, Hoa h\u1ed3ng, phong l\u1eef, hoa nh\u00e0i, hoa o\u1ea3i h\u01b0\u01a1ng, x\u1ea1 h\u01b0\u01a1ng<\/p>\n","protected":false},"featured_media":26134,"comment_status":"open","ping_status":"closed","template":"","meta":[],"etheme_brands":[],"product_cat":[92],"product_tag":[],"scent-family":[],"diffusion-area":[],"scent-intensity":[151],"scent-recommendations":[168],"scent-pyramid":[],"class_list":{"0":"post-26133","1":"product","2":"type-product","3":"status-publish","4":"has-post-thumbnail","6":"product_cat-bo-que-khuech-tan","7":"scent-intensity-vua","8":"scent-recommendations-can-ho-nha","10":"first","11":"instock","12":"shipping-taxable","13":"product-type-simple"},"acf":[],"_links":{"self":[{"href":"https:\/\/kodointernational.com\/vi\/wp-json\/wp\/v2\/product\/26133","targetHints":{"allow":["GET"]}}],"collection":[{"href":"https:\/\/kodointernational.com\/vi\/wp-json\/wp\/v2\/product"}],"about":[{"href":"https:\/\/kodointernational.com\/vi\/wp-json\/wp\/v2\/types\/product"}],"replies":[{"embeddable":true,"href":"https:\/\/kodointernational.com\/vi\/wp-json\/wp\/v2\/comments?post=26133"}],"version-history":[{"count":0,"href":"https:\/\/kodointernational.com\/vi\/wp-json\/wp\/v2\/product\/26133\/revisions"}],"wp:featuredmedia":[{"embeddable":true,"href":"https:\/\/kodointernational.com\/vi\/wp-json\/wp\/v2\/media\/26134"}],"wp:attachment":[{"href":"https:\/\/kodointernational.com\/vi\/wp-json\/wp\/v2\/media?parent=26133"}],"wp:term":[{"taxonomy":"brand","embeddable":true,"href":"https:\/\/kodointernational.com\/vi\/wp-json\/wp\/v2\/etheme_brands?post=26133"},{"taxonomy":"product_cat","embeddable":true,"href":"https:\/\/kodointernational.com\/vi\/wp-json\/wp\/v2\/product_cat?post=26133"},{"taxonomy":"product_tag","embeddable":true,"href":"https:\/\/kodointernational.com\/vi\/wp-json\/wp\/v2\/product_tag?post=26133"},{"taxonomy":"scent-family","embeddable":true,"href":"https:\/\/kodointernational.com\/vi\/wp-json\/wp\/v2\/scent-family?post=26133"},{"taxonomy":"diffusion-area","embeddable":true,"href":"https:\/\/kodointernational.com\/vi\/wp-json\/wp\/v2\/diffusion-area?post=26133"},{"taxonomy":"scent-intensity","embeddable":true,"href":"https:\/\/kodointernational.com\/vi\/wp-json\/wp\/v2\/scent-intensity?post=26133"},{"taxonomy":"scent-recommendations","embeddable":true,"href":"https:\/\/kodointernational.com\/vi\/wp-json\/wp\/v2\/scent-recommendations?post=26133"},{"taxonomy":"scent-pyramid","embeddable":true,"href":"https:\/\/kodointernational.com\/vi\/wp-json\/wp\/v2\/scent-pyramid?post=26133"}],"curies":[{"name":"wp","href":"https:\/\/api.w.org\/{rel}","templated":true}]}}