{"id":26077,"date":"2024-08-14T15:08:36","date_gmt":"2024-08-14T08:08:36","guid":{"rendered":"https:\/\/kodointernational.com\/?post_type=product&#038;p=26077"},"modified":"2024-08-14T15:08:36","modified_gmt":"2024-08-14T08:08:36","slug":"bo-que-khuech-tan-tinh-dau-nuoc-hoa-osmanthus-blossom","status":"publish","type":"product","link":"https:\/\/kodointernational.com\/vi\/product\/bo-que-khuech-tan-tinh-dau-nuoc-hoa-osmanthus-blossom\/","title":{"rendered":"B\u1ed9 Que Khu\u1ebfch T\u00e1n Tinh D\u1ea7u N\u01b0\u1edbc Hoa Osmanthus Blossom"},"content":{"rendered":"","protected":false},"excerpt":{"rendered":"<p>K\u1ebft h\u1ee3p c\u00e1c m\u00f9i h\u01b0\u01a1ng C\u00e2y C\u1ecf, Cam, Chanh, Hoa M\u1ed9c T\u00ea, Hoa H\u1ed3ng, Iris, G\u1ed7 Tuy\u1ebft T\u00f9ng, H\u1ed5 Ph\u00e1ch, X\u1ea1 H\u01b0\u01a1ng, C\u1ecf vetiver. H\u01b0\u01a1ng th\u01a1m n\u00e0y c\u00f3 t\u00e1c d\u1ee5ng l\u00e0m t\u0103ng c\u1ea3m gi\u00e1c h\u1ee9ng kh\u1edfi, t\u1ea1o ra m\u1ed9t c\u1ea3m gi\u00e1c \u0111\u1ea7y m\u1ea1nh m\u1ebd v\u00e0 s\u1ef1 l\u00f4i cu\u1ed1n. \u0110\u1eb7c bi\u1ec7t, c\u00f2n l\u00e0m gi\u1ea3m c\u0103ng th\u1eb3ng v\u00e0 lo \u00e2u, gi\u00fap th\u01b0 gi\u00e3n v\u00e0 c\u1ea3i thi\u1ec7n t\u00e2m tr\u1ea1ng.<\/p>\n","protected":false},"featured_media":26080,"comment_status":"open","ping_status":"closed","template":"","meta":[],"etheme_brands":[],"product_cat":[92],"product_tag":[],"scent-family":[717],"diffusion-area":[],"scent-intensity":[151],"scent-recommendations":[163,162],"scent-pyramid":[],"class_list":{"0":"post-26077","1":"product","2":"type-product","3":"status-publish","4":"has-post-thumbnail","6":"product_cat-bo-que-khuech-tan","7":"scent-family-floral","8":"scent-intensity-vua","9":"scent-recommendations-cua-hang-thoi-trang","10":"scent-recommendations-phong-trung-bay","12":"first","13":"instock","14":"shipping-taxable","15":"product-type-simple"},"acf":[],"_links":{"self":[{"href":"https:\/\/kodointernational.com\/vi\/wp-json\/wp\/v2\/product\/26077","targetHints":{"allow":["GET"]}}],"collection":[{"href":"https:\/\/kodointernational.com\/vi\/wp-json\/wp\/v2\/product"}],"about":[{"href":"https:\/\/kodointernational.com\/vi\/wp-json\/wp\/v2\/types\/product"}],"replies":[{"embeddable":true,"href":"https:\/\/kodointernational.com\/vi\/wp-json\/wp\/v2\/comments?post=26077"}],"version-history":[{"count":0,"href":"https:\/\/kodointernational.com\/vi\/wp-json\/wp\/v2\/product\/26077\/revisions"}],"wp:featuredmedia":[{"embeddable":true,"href":"https:\/\/kodointernational.com\/vi\/wp-json\/wp\/v2\/media\/26080"}],"wp:attachment":[{"href":"https:\/\/kodointernational.com\/vi\/wp-json\/wp\/v2\/media?parent=26077"}],"wp:term":[{"taxonomy":"brand","embeddable":true,"href":"https:\/\/kodointernational.com\/vi\/wp-json\/wp\/v2\/etheme_brands?post=26077"},{"taxonomy":"product_cat","embeddable":true,"href":"https:\/\/kodointernational.com\/vi\/wp-json\/wp\/v2\/product_cat?post=26077"},{"taxonomy":"product_tag","embeddable":true,"href":"https:\/\/kodointernational.com\/vi\/wp-json\/wp\/v2\/product_tag?post=26077"},{"taxonomy":"scent-family","embeddable":true,"href":"https:\/\/kodointernational.com\/vi\/wp-json\/wp\/v2\/scent-family?post=26077"},{"taxonomy":"diffusion-area","embeddable":true,"href":"https:\/\/kodointernational.com\/vi\/wp-json\/wp\/v2\/diffusion-area?post=26077"},{"taxonomy":"scent-intensity","embeddable":true,"href":"https:\/\/kodointernational.com\/vi\/wp-json\/wp\/v2\/scent-intensity?post=26077"},{"taxonomy":"scent-recommendations","embeddable":true,"href":"https:\/\/kodointernational.com\/vi\/wp-json\/wp\/v2\/scent-recommendations?post=26077"},{"taxonomy":"scent-pyramid","embeddable":true,"href":"https:\/\/kodointernational.com\/vi\/wp-json\/wp\/v2\/scent-pyramid?post=26077"}],"curies":[{"name":"wp","href":"https:\/\/api.w.org\/{rel}","templated":true}]}}