{"id":26049,"date":"2024-08-14T14:38:28","date_gmt":"2024-08-14T07:38:28","guid":{"rendered":"https:\/\/kodointernational.com\/?post_type=product&#038;p=26049"},"modified":"2024-08-14T14:42:52","modified_gmt":"2024-08-14T07:42:52","slug":"bo-que-khuech-tan-tinh-dau-nuoc-hoa-jasmine-grapefruit","status":"publish","type":"product","link":"https:\/\/kodointernational.com\/vi\/product\/bo-que-khuech-tan-tinh-dau-nuoc-hoa-jasmine-grapefruit\/","title":{"rendered":"B\u1ed9 Que Khu\u1ebfch T\u00e1n Tinh D\u1ea7u N\u01b0\u1edbc Hoa Jasmine &#038; Grapefruit"},"content":{"rendered":"","protected":false},"excerpt":{"rendered":"<p>H\u01b0\u01a1ng th\u01a1m tinh t\u1ebf v\u00e0 t\u01b0\u01a1i m\u1edbi, nh\u01b0 l\u00e0 s\u1ef1 h\u00f2a quy\u1ec7n h\u00e0i h\u00f2a gi\u1eefa h\u01b0\u01a1ng hoa quy\u1ebfn r\u0169 v\u00e0 s\u1ef1 t\u01b0\u01a1i m\u00e1t c\u1ee7a tr\u00e1i c\u00e2y n\u0103ng \u0111\u1ed9ng. K\u1ebft h\u1ee3p nhi\u1ec1u lo\u1ea1i nguy\u00ean li\u1ec7u B\u01b0\u1edfi, Cam, C\u00e2y C\u1ecf, Hoa Ng\u1ecdc Lan T\u00e2y, Hoa Nh\u00e0i, H\u1ed5 Ph\u00e1ch, X\u1ea1 H\u01b0\u01a1ng<\/p>\n","protected":false},"featured_media":26050,"comment_status":"open","ping_status":"closed","template":"","meta":[],"etheme_brands":[],"product_cat":[92],"product_tag":[],"scent-family":[],"diffusion-area":[],"scent-intensity":[151],"scent-recommendations":[],"scent-pyramid":[],"class_list":{"0":"post-26049","1":"product","2":"type-product","3":"status-publish","4":"has-post-thumbnail","6":"product_cat-bo-que-khuech-tan","7":"scent-intensity-vua","9":"first","10":"instock","11":"shipping-taxable","12":"product-type-simple"},"acf":[],"_links":{"self":[{"href":"https:\/\/kodointernational.com\/vi\/wp-json\/wp\/v2\/product\/26049","targetHints":{"allow":["GET"]}}],"collection":[{"href":"https:\/\/kodointernational.com\/vi\/wp-json\/wp\/v2\/product"}],"about":[{"href":"https:\/\/kodointernational.com\/vi\/wp-json\/wp\/v2\/types\/product"}],"replies":[{"embeddable":true,"href":"https:\/\/kodointernational.com\/vi\/wp-json\/wp\/v2\/comments?post=26049"}],"version-history":[{"count":0,"href":"https:\/\/kodointernational.com\/vi\/wp-json\/wp\/v2\/product\/26049\/revisions"}],"wp:featuredmedia":[{"embeddable":true,"href":"https:\/\/kodointernational.com\/vi\/wp-json\/wp\/v2\/media\/26050"}],"wp:attachment":[{"href":"https:\/\/kodointernational.com\/vi\/wp-json\/wp\/v2\/media?parent=26049"}],"wp:term":[{"taxonomy":"brand","embeddable":true,"href":"https:\/\/kodointernational.com\/vi\/wp-json\/wp\/v2\/etheme_brands?post=26049"},{"taxonomy":"product_cat","embeddable":true,"href":"https:\/\/kodointernational.com\/vi\/wp-json\/wp\/v2\/product_cat?post=26049"},{"taxonomy":"product_tag","embeddable":true,"href":"https:\/\/kodointernational.com\/vi\/wp-json\/wp\/v2\/product_tag?post=26049"},{"taxonomy":"scent-family","embeddable":true,"href":"https:\/\/kodointernational.com\/vi\/wp-json\/wp\/v2\/scent-family?post=26049"},{"taxonomy":"diffusion-area","embeddable":true,"href":"https:\/\/kodointernational.com\/vi\/wp-json\/wp\/v2\/diffusion-area?post=26049"},{"taxonomy":"scent-intensity","embeddable":true,"href":"https:\/\/kodointernational.com\/vi\/wp-json\/wp\/v2\/scent-intensity?post=26049"},{"taxonomy":"scent-recommendations","embeddable":true,"href":"https:\/\/kodointernational.com\/vi\/wp-json\/wp\/v2\/scent-recommendations?post=26049"},{"taxonomy":"scent-pyramid","embeddable":true,"href":"https:\/\/kodointernational.com\/vi\/wp-json\/wp\/v2\/scent-pyramid?post=26049"}],"curies":[{"name":"wp","href":"https:\/\/api.w.org\/{rel}","templated":true}]}}