{"id":26036,"date":"2024-08-14T14:30:35","date_gmt":"2024-08-14T07:30:35","guid":{"rendered":"https:\/\/kodointernational.com\/?post_type=product&#038;p=26036"},"modified":"2024-08-14T14:44:56","modified_gmt":"2024-08-14T07:44:56","slug":"bo-que-khuech-tan-tinh-dau-nuoc-hoa-blue-ocean","status":"publish","type":"product","link":"https:\/\/kodointernational.com\/vi\/product\/bo-que-khuech-tan-tinh-dau-nuoc-hoa-blue-ocean\/","title":{"rendered":"B\u1ed9 Que Khu\u1ebfch T\u00e1n Tinh D\u1ea7u N\u01b0\u1edbc Hoa Blue Ocean"},"content":{"rendered":"","protected":false},"excerpt":{"rendered":"<p>K\u1ebft h\u1ee3p nhi\u1ec1u lo\u1ea1i nguy\u00ean li\u1ec7u Cam, Hoa C\u1ecf T\u01b0\u01a1i M\u00e1t, Hoa H\u1ed3ng, Hoa Chi Di\u00ean V\u0129, Hoa Nh\u00e0i, G\u1ed7 Tuy\u1ebft T\u00f9ng, H\u1ed5 Ph\u00e1ch, X\u1ea1 H\u01b0\u01a1ng. \u0110\u00e2y \u0111\u1ec1u l\u00e0 nh\u1eefng nh\u00f3m h\u01b0\u01a1ng \u1ea5m, h\u1ea5p d\u1eabn v\u00e0 \u0111\u1ea7y s\u1ee9c s\u1ed1ng.<\/p>\n","protected":false},"featured_media":26037,"comment_status":"open","ping_status":"closed","template":"","meta":[],"etheme_brands":[],"product_cat":[92],"product_tag":[],"scent-family":[720],"diffusion-area":[],"scent-intensity":[151],"scent-recommendations":[163,166,160],"scent-pyramid":[],"class_list":{"0":"post-26036","1":"product","2":"type-product","3":"status-publish","4":"has-post-thumbnail","6":"product_cat-bo-que-khuech-tan","7":"scent-family-fresh","8":"scent-intensity-vua","9":"scent-recommendations-cua-hang-thoi-trang","10":"scent-recommendations-phong-the-duc","11":"scent-recommendations-van-phong","13":"first","14":"instock","15":"shipping-taxable","16":"product-type-simple"},"acf":[],"_links":{"self":[{"href":"https:\/\/kodointernational.com\/vi\/wp-json\/wp\/v2\/product\/26036","targetHints":{"allow":["GET"]}}],"collection":[{"href":"https:\/\/kodointernational.com\/vi\/wp-json\/wp\/v2\/product"}],"about":[{"href":"https:\/\/kodointernational.com\/vi\/wp-json\/wp\/v2\/types\/product"}],"replies":[{"embeddable":true,"href":"https:\/\/kodointernational.com\/vi\/wp-json\/wp\/v2\/comments?post=26036"}],"version-history":[{"count":0,"href":"https:\/\/kodointernational.com\/vi\/wp-json\/wp\/v2\/product\/26036\/revisions"}],"wp:featuredmedia":[{"embeddable":true,"href":"https:\/\/kodointernational.com\/vi\/wp-json\/wp\/v2\/media\/26037"}],"wp:attachment":[{"href":"https:\/\/kodointernational.com\/vi\/wp-json\/wp\/v2\/media?parent=26036"}],"wp:term":[{"taxonomy":"brand","embeddable":true,"href":"https:\/\/kodointernational.com\/vi\/wp-json\/wp\/v2\/etheme_brands?post=26036"},{"taxonomy":"product_cat","embeddable":true,"href":"https:\/\/kodointernational.com\/vi\/wp-json\/wp\/v2\/product_cat?post=26036"},{"taxonomy":"product_tag","embeddable":true,"href":"https:\/\/kodointernational.com\/vi\/wp-json\/wp\/v2\/product_tag?post=26036"},{"taxonomy":"scent-family","embeddable":true,"href":"https:\/\/kodointernational.com\/vi\/wp-json\/wp\/v2\/scent-family?post=26036"},{"taxonomy":"diffusion-area","embeddable":true,"href":"https:\/\/kodointernational.com\/vi\/wp-json\/wp\/v2\/diffusion-area?post=26036"},{"taxonomy":"scent-intensity","embeddable":true,"href":"https:\/\/kodointernational.com\/vi\/wp-json\/wp\/v2\/scent-intensity?post=26036"},{"taxonomy":"scent-recommendations","embeddable":true,"href":"https:\/\/kodointernational.com\/vi\/wp-json\/wp\/v2\/scent-recommendations?post=26036"},{"taxonomy":"scent-pyramid","embeddable":true,"href":"https:\/\/kodointernational.com\/vi\/wp-json\/wp\/v2\/scent-pyramid?post=26036"}],"curies":[{"name":"wp","href":"https:\/\/api.w.org\/{rel}","templated":true}]}}