{"id":25226,"date":"2024-08-09T13:44:56","date_gmt":"2024-08-09T06:44:56","guid":{"rendered":"https:\/\/kodointernational.com\/?post_type=product&#038;p=25226"},"modified":"2024-08-09T15:03:38","modified_gmt":"2024-08-09T08:03:38","slug":"xit-nuoc-hoa-osmanthus-blossom","status":"publish","type":"product","link":"https:\/\/kodointernational.com\/vi\/product\/xit-nuoc-hoa-osmanthus-blossom\/","title":{"rendered":"Xi\u0323t nu\u031bo\u031b\u0301c hoa Osmanthus Blossom"},"content":{"rendered":"","protected":false},"excerpt":{"rendered":"<p>X\u1ecbt n\u01b0\u1edbc hoa Osmanthus Blossom ch\u1ee9a th\u00e0nh ph\u1ea7n t\u1eeb hoa m\u1ed9c t\u00ea m\u1ed9t lo\u00e0i hoa n\u1edf v\u00e0o m\u00f9a thu t\u1ea1i khu v\u1ef1c ch\u00e2u \u00c1. M\u00f9i h\u01b0\u01a1ng mang l\u1ea1i m\u1ed9t c\u1ea3m gi\u00e1c t\u01b0\u01a1i m\u1edbi, ng\u1ecdt ng\u00e0o, quy\u1ebfn r\u0169 v\u00e0 ph\u1ee9c t\u1ea1p. H\u01b0\u01a1ng th\u01a1m n\u00e0y c\u00f3 t\u00e1c d\u1ee5ng l\u00e0m t\u0103ng c\u1ea3m gi\u00e1c h\u1ee9ng kh\u1edfi, t\u1ea1o ra m\u1ed9t c\u1ea3m gi\u00e1c \u0111\u1ea7y m\u1ea1nh m\u1ebd v\u00e0 s\u1ef1 l\u00f4i cu\u1ed1n. \u0110\u1eb7c bi\u1ec7t, c\u00f2n l\u00e0m gi\u1ea3m c\u0103ng th\u1eb3ng v\u00e0 lo \u00e2u, gi\u00fap th\u01b0 gi\u00e3n v\u00e0 c\u1ea3i thi\u1ec7n t\u00e2m tr\u1ea1ng.<\/p>\n","protected":false},"featured_media":25227,"comment_status":"open","ping_status":"closed","template":"","meta":[],"etheme_brands":[],"product_cat":[715],"product_tag":[],"scent-family":[],"diffusion-area":[],"scent-intensity":[],"scent-recommendations":[],"scent-pyramid":[],"class_list":{"0":"post-25226","1":"product","2":"type-product","3":"status-publish","4":"has-post-thumbnail","6":"product_cat-xit-nuoc-hoa","8":"first","9":"instock","10":"shipping-taxable","11":"product-type-simple"},"acf":[],"_links":{"self":[{"href":"https:\/\/kodointernational.com\/vi\/wp-json\/wp\/v2\/product\/25226","targetHints":{"allow":["GET"]}}],"collection":[{"href":"https:\/\/kodointernational.com\/vi\/wp-json\/wp\/v2\/product"}],"about":[{"href":"https:\/\/kodointernational.com\/vi\/wp-json\/wp\/v2\/types\/product"}],"replies":[{"embeddable":true,"href":"https:\/\/kodointernational.com\/vi\/wp-json\/wp\/v2\/comments?post=25226"}],"version-history":[{"count":0,"href":"https:\/\/kodointernational.com\/vi\/wp-json\/wp\/v2\/product\/25226\/revisions"}],"wp:featuredmedia":[{"embeddable":true,"href":"https:\/\/kodointernational.com\/vi\/wp-json\/wp\/v2\/media\/25227"}],"wp:attachment":[{"href":"https:\/\/kodointernational.com\/vi\/wp-json\/wp\/v2\/media?parent=25226"}],"wp:term":[{"taxonomy":"brand","embeddable":true,"href":"https:\/\/kodointernational.com\/vi\/wp-json\/wp\/v2\/etheme_brands?post=25226"},{"taxonomy":"product_cat","embeddable":true,"href":"https:\/\/kodointernational.com\/vi\/wp-json\/wp\/v2\/product_cat?post=25226"},{"taxonomy":"product_tag","embeddable":true,"href":"https:\/\/kodointernational.com\/vi\/wp-json\/wp\/v2\/product_tag?post=25226"},{"taxonomy":"scent-family","embeddable":true,"href":"https:\/\/kodointernational.com\/vi\/wp-json\/wp\/v2\/scent-family?post=25226"},{"taxonomy":"diffusion-area","embeddable":true,"href":"https:\/\/kodointernational.com\/vi\/wp-json\/wp\/v2\/diffusion-area?post=25226"},{"taxonomy":"scent-intensity","embeddable":true,"href":"https:\/\/kodointernational.com\/vi\/wp-json\/wp\/v2\/scent-intensity?post=25226"},{"taxonomy":"scent-recommendations","embeddable":true,"href":"https:\/\/kodointernational.com\/vi\/wp-json\/wp\/v2\/scent-recommendations?post=25226"},{"taxonomy":"scent-pyramid","embeddable":true,"href":"https:\/\/kodointernational.com\/vi\/wp-json\/wp\/v2\/scent-pyramid?post=25226"}],"curies":[{"name":"wp","href":"https:\/\/api.w.org\/{rel}","templated":true}]}}