{"id":25217,"date":"2024-08-09T13:37:39","date_gmt":"2024-08-09T06:37:39","guid":{"rendered":"https:\/\/kodointernational.com\/?post_type=product&#038;p=25217"},"modified":"2024-08-09T13:41:15","modified_gmt":"2024-08-09T06:41:15","slug":"xit-nuoc-hoa-da-nang-kodo-no-6","status":"publish","type":"product","link":"https:\/\/kodointernational.com\/vi\/product\/xit-nuoc-hoa-da-nang-kodo-no-6\/","title":{"rendered":"Xi\u0323t nu\u031bo\u031b\u0301c hoa Kodo No 6"},"content":{"rendered":"","protected":false},"excerpt":{"rendered":"<p>X\u1ecbt n\u01b0\u1edbc hoa Kodo No.6 mang v\u1ebb tr\u1ebb trung v\u00e0 hi\u1ec7n \u0111\u1ea1i ngay t\u1eeb trong thi\u1ebft k\u1ebf n\u0103ng \u0111\u1ed9ng, c\u00e1 t\u00ednh. M\u1edf \u0111\u1ea7u v\u1edbi c\u1ea3m gi\u00e1c n\u1ed3ng n\u00e0n nh\u01b0ng t\u01b0\u01a1i m\u1edbi s\u1ea3ng kho\u00e1i. Ti\u1ebfp sau \u0111\u00f3 m\u00f9i h\u01a1n s\u1ebd d\u1ea7n tr\u1edf n\u00ean ng\u1ecdt ng\u00e0i v\u00e0 l\u1eafng s\u00e2u. Cu\u1ed1i c\u00f9ng l\u00e0 t\u1ea7ng h\u01b0\u01a1ng c\u1ee7a s\u1ef1 giao thoa m\u1ea1nh h\u01a1n gi\u1eefa ng\u1ecdt ng\u00e0o v\u00e0 n\u1ed3ng n\u00e0n gi\u1eefa l\u1ecbch l\u00e3m v\u00e0 tr\u1ebb trung.<\/p>\n","protected":false},"featured_media":25218,"comment_status":"open","ping_status":"closed","template":"","meta":[],"etheme_brands":[],"product_cat":[715],"product_tag":[],"scent-family":[],"diffusion-area":[],"scent-intensity":[],"scent-recommendations":[],"scent-pyramid":[],"class_list":{"0":"post-25217","1":"product","2":"type-product","3":"status-publish","4":"has-post-thumbnail","6":"product_cat-xit-nuoc-hoa","8":"first","9":"instock","10":"shipping-taxable","11":"product-type-simple"},"acf":[],"_links":{"self":[{"href":"https:\/\/kodointernational.com\/vi\/wp-json\/wp\/v2\/product\/25217","targetHints":{"allow":["GET"]}}],"collection":[{"href":"https:\/\/kodointernational.com\/vi\/wp-json\/wp\/v2\/product"}],"about":[{"href":"https:\/\/kodointernational.com\/vi\/wp-json\/wp\/v2\/types\/product"}],"replies":[{"embeddable":true,"href":"https:\/\/kodointernational.com\/vi\/wp-json\/wp\/v2\/comments?post=25217"}],"version-history":[{"count":0,"href":"https:\/\/kodointernational.com\/vi\/wp-json\/wp\/v2\/product\/25217\/revisions"}],"wp:featuredmedia":[{"embeddable":true,"href":"https:\/\/kodointernational.com\/vi\/wp-json\/wp\/v2\/media\/25218"}],"wp:attachment":[{"href":"https:\/\/kodointernational.com\/vi\/wp-json\/wp\/v2\/media?parent=25217"}],"wp:term":[{"taxonomy":"brand","embeddable":true,"href":"https:\/\/kodointernational.com\/vi\/wp-json\/wp\/v2\/etheme_brands?post=25217"},{"taxonomy":"product_cat","embeddable":true,"href":"https:\/\/kodointernational.com\/vi\/wp-json\/wp\/v2\/product_cat?post=25217"},{"taxonomy":"product_tag","embeddable":true,"href":"https:\/\/kodointernational.com\/vi\/wp-json\/wp\/v2\/product_tag?post=25217"},{"taxonomy":"scent-family","embeddable":true,"href":"https:\/\/kodointernational.com\/vi\/wp-json\/wp\/v2\/scent-family?post=25217"},{"taxonomy":"diffusion-area","embeddable":true,"href":"https:\/\/kodointernational.com\/vi\/wp-json\/wp\/v2\/diffusion-area?post=25217"},{"taxonomy":"scent-intensity","embeddable":true,"href":"https:\/\/kodointernational.com\/vi\/wp-json\/wp\/v2\/scent-intensity?post=25217"},{"taxonomy":"scent-recommendations","embeddable":true,"href":"https:\/\/kodointernational.com\/vi\/wp-json\/wp\/v2\/scent-recommendations?post=25217"},{"taxonomy":"scent-pyramid","embeddable":true,"href":"https:\/\/kodointernational.com\/vi\/wp-json\/wp\/v2\/scent-pyramid?post=25217"}],"curies":[{"name":"wp","href":"https:\/\/api.w.org\/{rel}","templated":true}]}}