{"id":25130,"date":"2024-08-08T16:36:17","date_gmt":"2024-08-08T09:36:17","guid":{"rendered":"https:\/\/kodointernational.com\/?post_type=product&#038;p=25130"},"modified":"2024-08-08T16:36:18","modified_gmt":"2024-08-08T09:36:18","slug":"nen-thom-tinh-dau-nuoc-hoa-mystic-wood","status":"publish","type":"product","link":"https:\/\/kodointernational.com\/vi\/product\/nen-thom-tinh-dau-nuoc-hoa-mystic-wood\/","title":{"rendered":"N\u1ebfn th\u01a1m tinh d\u1ea7u n\u01b0\u1edbc hoa Mystic Wood"},"content":{"rendered":"","protected":false},"excerpt":{"rendered":"<p>H\u01b0\u01a1ng th\u01a1m c\u1ee7a s\u1ef1 b\u00ed \u1ea9n v\u00e0 b\u00ecnh y\u00ean, nh\u01b0 l\u00e0 m\u1ed9t h\u00e0nh tr\u00ecnh \u0111\u1ebfn nh\u1eefng ng\u00f4i ch\u00f9a t\u0129nh l\u1eb7ng, n\u01a1i m\u00f9i h\u01b0\u01a1ng g\u1ed7 \u0111\u1eb7c bi\u1ec7t l\u00e0m cho kh\u00f4ng gian tr\u1edf n\u00ean trang nghi\u00eam.<\/p>\n","protected":false},"featured_media":25131,"comment_status":"open","ping_status":"closed","template":"","meta":[],"etheme_brands":[],"product_cat":[180],"product_tag":[],"scent-family":[],"diffusion-area":[],"scent-intensity":[],"scent-recommendations":[],"scent-pyramid":[],"class_list":{"0":"post-25130","1":"product","2":"type-product","3":"status-publish","4":"has-post-thumbnail","6":"product_cat-nen-thom","8":"first","9":"instock","10":"shipping-taxable","11":"product-type-simple"},"acf":[],"_links":{"self":[{"href":"https:\/\/kodointernational.com\/vi\/wp-json\/wp\/v2\/product\/25130","targetHints":{"allow":["GET"]}}],"collection":[{"href":"https:\/\/kodointernational.com\/vi\/wp-json\/wp\/v2\/product"}],"about":[{"href":"https:\/\/kodointernational.com\/vi\/wp-json\/wp\/v2\/types\/product"}],"replies":[{"embeddable":true,"href":"https:\/\/kodointernational.com\/vi\/wp-json\/wp\/v2\/comments?post=25130"}],"version-history":[{"count":0,"href":"https:\/\/kodointernational.com\/vi\/wp-json\/wp\/v2\/product\/25130\/revisions"}],"wp:featuredmedia":[{"embeddable":true,"href":"https:\/\/kodointernational.com\/vi\/wp-json\/wp\/v2\/media\/25131"}],"wp:attachment":[{"href":"https:\/\/kodointernational.com\/vi\/wp-json\/wp\/v2\/media?parent=25130"}],"wp:term":[{"taxonomy":"brand","embeddable":true,"href":"https:\/\/kodointernational.com\/vi\/wp-json\/wp\/v2\/etheme_brands?post=25130"},{"taxonomy":"product_cat","embeddable":true,"href":"https:\/\/kodointernational.com\/vi\/wp-json\/wp\/v2\/product_cat?post=25130"},{"taxonomy":"product_tag","embeddable":true,"href":"https:\/\/kodointernational.com\/vi\/wp-json\/wp\/v2\/product_tag?post=25130"},{"taxonomy":"scent-family","embeddable":true,"href":"https:\/\/kodointernational.com\/vi\/wp-json\/wp\/v2\/scent-family?post=25130"},{"taxonomy":"diffusion-area","embeddable":true,"href":"https:\/\/kodointernational.com\/vi\/wp-json\/wp\/v2\/diffusion-area?post=25130"},{"taxonomy":"scent-intensity","embeddable":true,"href":"https:\/\/kodointernational.com\/vi\/wp-json\/wp\/v2\/scent-intensity?post=25130"},{"taxonomy":"scent-recommendations","embeddable":true,"href":"https:\/\/kodointernational.com\/vi\/wp-json\/wp\/v2\/scent-recommendations?post=25130"},{"taxonomy":"scent-pyramid","embeddable":true,"href":"https:\/\/kodointernational.com\/vi\/wp-json\/wp\/v2\/scent-pyramid?post=25130"}],"curies":[{"name":"wp","href":"https:\/\/api.w.org\/{rel}","templated":true}]}}